{"id":22753,"date":"2025-07-21T12:49:53","date_gmt":"2025-07-21T11:49:53","guid":{"rendered":"https:\/\/yahyaouishop.com\/?post_type=product&#038;p=22753"},"modified":"2025-10-11T12:00:01","modified_gmt":"2025-10-11T11:00:01","slug":"appareil-photo-hybride-canon-eos-r50-objectif-rf-s-18-45mm-f4-5-6-3-is-stm","status":"publish","type":"product","link":"https:\/\/yahyaouishop.com\/fr\/produit\/appareil-photo-hybride-canon-eos-r50-objectif-rf-s-18-45mm-f4-5-6-3-is-stm\/","title":{"rendered":"Appareil photo hybride Canon EOS R50 + objectif RF-S 18-45mm F4.5-6.3 IS STM"},"content":{"rendered":"<section class=\"mom-tab--section\">\n<p class=\"header-5 mom-tab--heading\">Cr\u00e9ez votre meilleur contenu avec le Canon EOS R50 qui produit des photos de qualit\u00e9 professionnelle ainsi que des vid\u00e9os 4K 30p, et met en valeur votre cr\u00e9ativit\u00e9. Dot\u00e9 d&#8217;un design l\u00e9ger et compact et d&#8217;un grand capteur APS-C de 24,2 millions de pixels, cet hybride polyvalent EOS R vous aide \u00e0 exprimer votre passion \u00e0 vos abonn\u00e9s \u00e0 travers une qualit\u00e9 plus vraie que nature. Prenez des photos avec les angles les plus incongrus gr\u00e2ce \u00e0 l&#8217;\u00e9cran tactile orientable. Faites abstraction de toute distraction en utilisant le viseur \u00e9lectronique et appr\u00e9ciez une exp\u00e9rience des plus immersives. L&#8217;EOS R50 est un excellent appareil photo portable. Son autofocus CMOS Dual Pixel II bas\u00e9 sur le Deep Learning reconna\u00eet, effectue la mise au point sur votre sujet en mouvement et le suit automatiquement, pour ne jamais manquer une seule photo. Votre r\u00e9volution cr\u00e9ative vous attend.<\/p>\n<\/section>","protected":false},"excerpt":{"rendered":"<p>Cr\u00e9ez votre meilleur contenu avec le Canon EOS R50 qui produit des photos de qualit\u00e9 professionnelle ainsi que des vid\u00e9os<\/p>","protected":false},"featured_media":22758,"comment_status":"open","ping_status":"closed","template":"","meta":[],"product_brand":[453],"product_cat":[161,163],"product_tag":[221],"class_list":{"0":"post-22753","1":"product","2":"type-product","3":"status-publish","4":"has-post-thumbnail","6":"product_brand-canon","7":"product_cat-cameras","8":"product_cat-canon","9":"product_tag-brand-canon","11":"first","12":"instock","13":"sale","14":"purchasable","15":"product-type-simple"},"jetpack_sharing_enabled":true,"_links":{"self":[{"href":"https:\/\/yahyaouishop.com\/fr\/wp-json\/wp\/v2\/product\/22753","targetHints":{"allow":["GET"]}}],"collection":[{"href":"https:\/\/yahyaouishop.com\/fr\/wp-json\/wp\/v2\/product"}],"about":[{"href":"https:\/\/yahyaouishop.com\/fr\/wp-json\/wp\/v2\/types\/product"}],"replies":[{"embeddable":true,"href":"https:\/\/yahyaouishop.com\/fr\/wp-json\/wp\/v2\/comments?post=22753"}],"version-history":[{"count":1,"href":"https:\/\/yahyaouishop.com\/fr\/wp-json\/wp\/v2\/product\/22753\/revisions"}],"predecessor-version":[{"id":22759,"href":"https:\/\/yahyaouishop.com\/fr\/wp-json\/wp\/v2\/product\/22753\/revisions\/22759"}],"wp:featuredmedia":[{"embeddable":true,"href":"https:\/\/yahyaouishop.com\/fr\/wp-json\/wp\/v2\/media\/22758"}],"wp:attachment":[{"href":"https:\/\/yahyaouishop.com\/fr\/wp-json\/wp\/v2\/media?parent=22753"}],"wp:term":[{"taxonomy":"product_brand","embeddable":true,"href":"https:\/\/yahyaouishop.com\/fr\/wp-json\/wp\/v2\/product_brand?post=22753"},{"taxonomy":"product_cat","embeddable":true,"href":"https:\/\/yahyaouishop.com\/fr\/wp-json\/wp\/v2\/product_cat?post=22753"},{"taxonomy":"product_tag","embeddable":true,"href":"https:\/\/yahyaouishop.com\/fr\/wp-json\/wp\/v2\/product_tag?post=22753"}],"curies":[{"name":"wp","href":"https:\/\/api.w.org\/{rel}","templated":true}]}}