{"id":22537,"date":"2025-07-11T15:42:20","date_gmt":"2025-07-11T14:42:20","guid":{"rendered":"https:\/\/yahyaouishop.com\/fr\/produit\/sigma-50mm-f1-2-dg-dn-art\/"},"modified":"2025-11-24T18:50:45","modified_gmt":"2025-11-24T17:50:45","slug":"sigma-50mm-f1-2-dg-dn-art","status":"publish","type":"product","link":"https:\/\/yahyaouishop.com\/fr\/produit\/sigma-50mm-f1-2-dg-dn-art\/","title":{"rendered":"Sigma 50mm F1.2 DG DN | Art"},"content":{"rendered":"<h4>Le plus l\u00e9ger de sa cat\u00e9gorie* &#8211; Ouverture lumineuse maximale F1.2 et le plus haut niveau de la puissance de r\u00e9solution de la ligne Art de SIGMA<\/h4>\n<p>La ligne Art de SIGMA a offert de nouvelles possibilit\u00e9s en mati\u00e8re d\u2019expression artistique, et maintenant le SIGMA 50mm F1.2 DG DN | Art arrive pour d\u00e9fier les codes. Avec cet objectif, SIGMA a mis l&#8217;accent sur le pouvoir de r\u00e9solution, parfaitement utilisable d\u00e8s la plus grande ouverture, et sur la portabilit\u00e9, qui permet de profiter des hautes performances dans n&#8217;importe quelle situation. En termes de rendu d&#8217;image, SIGMA a r\u00e9ussi \u00e0 obtenir un pouvoir de r\u00e9solution \u00e9lev\u00e9 d\u00e8s l&#8217;ouverture maximale sur toute la plage des distances, tout en am\u00e9liorant l\u2019esth\u00e9tique de l&#8217;effet bokeh \u00e0 F1.2. Par ailleurs, la construction de l&#8217;objectif et la conception m\u00e9canique ont \u00e9t\u00e9 r\u00e9duites \u00e0 l&#8217;essentiel, ce qui a permis d&#8217;obtenir un objectif tr\u00e8s compact et l\u00e9ger. L&#8217;objectif est \u00e9galement \u00e9quip\u00e9 d&#8217;une gamme compl\u00e8te de fonctions adapt\u00e9es \u00e0 une utilisation professionnelle, y compris un Auto Focus de haute pr\u00e9cision utilisant le dernier moteur HLA (High-response Linear Actuator) d\u2019un volume r\u00e9duit tout en conservant une forte puissance. Nous esp\u00e9rons que les utilisateurs appr\u00e9cieront le superbe Art F1.2, qui transformera tout ce qu&#8217;ils captureront et m\u00eame leur exp\u00e9rience photographique en quelque chose de tr\u00e8s diff\u00e9rent.<\/p>","protected":false},"excerpt":{"rendered":"<p>Le plus l\u00e9ger de sa cat\u00e9gorie* &#8211; Ouverture lumineuse maximale F1.2 et le plus haut niveau de la puissance de<\/p>","protected":false},"featured_media":22535,"comment_status":"open","ping_status":"closed","template":"","meta":[],"product_brand":[455],"product_cat":[202],"product_tag":[449],"class_list":{"0":"post-22537","1":"product","2":"type-product","3":"status-publish","4":"has-post-thumbnail","6":"product_brand-yahyaoui-shop","7":"product_cat-objectifs-sigma","8":"product_tag-yahyaoui-shop","10":"first","11":"instock","12":"purchasable","13":"product-type-simple"},"jetpack_sharing_enabled":true,"_links":{"self":[{"href":"https:\/\/yahyaouishop.com\/fr\/wp-json\/wp\/v2\/product\/22537","targetHints":{"allow":["GET"]}}],"collection":[{"href":"https:\/\/yahyaouishop.com\/fr\/wp-json\/wp\/v2\/product"}],"about":[{"href":"https:\/\/yahyaouishop.com\/fr\/wp-json\/wp\/v2\/types\/product"}],"replies":[{"embeddable":true,"href":"https:\/\/yahyaouishop.com\/fr\/wp-json\/wp\/v2\/comments?post=22537"}],"version-history":[{"count":1,"href":"https:\/\/yahyaouishop.com\/fr\/wp-json\/wp\/v2\/product\/22537\/revisions"}],"predecessor-version":[{"id":22541,"href":"https:\/\/yahyaouishop.com\/fr\/wp-json\/wp\/v2\/product\/22537\/revisions\/22541"}],"wp:featuredmedia":[{"embeddable":true,"href":"https:\/\/yahyaouishop.com\/fr\/wp-json\/wp\/v2\/media\/22535"}],"wp:attachment":[{"href":"https:\/\/yahyaouishop.com\/fr\/wp-json\/wp\/v2\/media?parent=22537"}],"wp:term":[{"taxonomy":"product_brand","embeddable":true,"href":"https:\/\/yahyaouishop.com\/fr\/wp-json\/wp\/v2\/product_brand?post=22537"},{"taxonomy":"product_cat","embeddable":true,"href":"https:\/\/yahyaouishop.com\/fr\/wp-json\/wp\/v2\/product_cat?post=22537"},{"taxonomy":"product_tag","embeddable":true,"href":"https:\/\/yahyaouishop.com\/fr\/wp-json\/wp\/v2\/product_tag?post=22537"}],"curies":[{"name":"wp","href":"https:\/\/api.w.org\/{rel}","templated":true}]}}