{"id":22507,"date":"2025-07-10T21:58:59","date_gmt":"2025-07-10T20:58:59","guid":{"rendered":"https:\/\/yahyaouishop.com\/?post_type=product&#038;p=22507"},"modified":"2025-10-01T01:07:59","modified_gmt":"2025-10-01T00:07:59","slug":"kf-concept-filtre-cinema-carre-nd4-4-x-565","status":"publish","type":"product","link":"https:\/\/yahyaouishop.com\/fr\/produit\/kf-concept-filtre-cinema-carre-nd4-4-x-565\/","title":{"rendered":"K&#038;F CONCEPT FILTRE CIN\u00c9MA CARR\u00c9 ND4 &#8211; 4&#8243; \u00d7 5,65&#8243;"},"content":{"rendered":"<p>K&amp;F Concept Filtre Cin\u00e9ma Carr\u00e9 ND4 \u2013 4&#8243; \u00d7 5,65&#8243; (\u00c9paisseur 4 mm)<\/p>\n<p>Le filtre ND4 carr\u00e9 de K&amp;F Concept, aux dimensions standard 4&#8243; \u00d7 5,65&#8243; et une \u00e9paisseur de 4 mm, est con\u00e7u pour les vid\u00e9astes et photographes professionnels cherchant \u00e0 contr\u00f4ler l\u2019exposition avec pr\u00e9cision. Ce filtre r\u00e9duit la lumi\u00e8re entrant dans l\u2019objectif d\u2019environ 2 stops, ce qui permet d\u2019obtenir un meilleur contr\u00f4le de la profondeur de champ et des temps d\u2019exposition, m\u00eame en plein jour.<\/p>\n<p>Fabriqu\u00e9 en verre optique de haute qualit\u00e9, il est dot\u00e9 d\u2019un rev\u00eatement vert anti-reflets sp\u00e9cialement con\u00e7u pour minimiser les reflets parasites et les images fant\u00f4mes, garantissant ainsi une excellente transmission lumineuse et une fid\u00e9lit\u00e9 des couleurs optimale.<\/p>\n<p>Ce filtre b\u00e9n\u00e9ficie \u00e9galement d\u2019une protection waterproof et r\u00e9sistante aux rayures, assurant une grande durabilit\u00e9 et une utilisation fiable dans des conditions ext\u00e9rieures vari\u00e9es.<\/p>\n<p>Compatible avec la majorit\u00e9 des matte box professionnelles gr\u00e2ce \u00e0 son format 4&#8243; \u00d7 5,65&#8243;, il s\u2019int\u00e8gre facilement dans votre \u00e9quipement pour am\u00e9liorer la qualit\u00e9 de vos prises de vue.<\/p>\n<p>Livr\u00e9 avec une pochette de protection, ce filtre est un accessoire essentiel pour ma\u00eetriser la lumi\u00e8re et obtenir des images nettes, claires et sans artefacts, en toute confiance.<\/p>","protected":false},"excerpt":{"rendered":"<p>Le filtre ND4 carr\u00e9 de K&amp;F Concept, con\u00e7u pour les vid\u00e9astes et photographes professionnels, offre un contr\u00f4le pr\u00e9cis de l&#8217;exposition. R\u00e9duisant la lumi\u00e8re de 2 stops, ce filtre permet un meilleur contr\u00f4le de la profondeur de champ et des temps d&#8217;exposition, m\u00eame en plein jour. Fabriqu\u00e9 en verre optique de haute qualit\u00e9 avec un rev\u00eatement anti-reflets, il garantit une excellente transmission lumineuse et des couleurs fid\u00e8les. R\u00e9sistant \u00e0 l&#8217;eau et aux rayures, ce filtre durable s&#8217;int\u00e8gre facilement dans votre \u00e9quipement. Livr\u00e9 avec une pochette de protection, c&#8217;est l&#8217;accessoire essentiel pour des prises de vue nettes et claires, sans compromis.<\/p>","protected":false},"featured_media":22660,"comment_status":"open","ping_status":"closed","template":"","meta":[],"product_brand":[443],"product_cat":[267,203,126],"product_tag":[262],"class_list":{"0":"post-22507","1":"product","2":"type-product","3":"status-publish","4":"has-post-thumbnail","6":"product_brand-kf","7":"product_cat-filtres","8":"product_cat-accessoires","9":"product_cat-produits-divers","10":"product_tag-brand-kf","12":"first","13":"instock","14":"purchasable","15":"product-type-simple"},"jetpack_sharing_enabled":true,"_links":{"self":[{"href":"https:\/\/yahyaouishop.com\/fr\/wp-json\/wp\/v2\/product\/22507","targetHints":{"allow":["GET"]}}],"collection":[{"href":"https:\/\/yahyaouishop.com\/fr\/wp-json\/wp\/v2\/product"}],"about":[{"href":"https:\/\/yahyaouishop.com\/fr\/wp-json\/wp\/v2\/types\/product"}],"replies":[{"embeddable":true,"href":"https:\/\/yahyaouishop.com\/fr\/wp-json\/wp\/v2\/comments?post=22507"}],"version-history":[{"count":2,"href":"https:\/\/yahyaouishop.com\/fr\/wp-json\/wp\/v2\/product\/22507\/revisions"}],"predecessor-version":[{"id":22664,"href":"https:\/\/yahyaouishop.com\/fr\/wp-json\/wp\/v2\/product\/22507\/revisions\/22664"}],"wp:featuredmedia":[{"embeddable":true,"href":"https:\/\/yahyaouishop.com\/fr\/wp-json\/wp\/v2\/media\/22660"}],"wp:attachment":[{"href":"https:\/\/yahyaouishop.com\/fr\/wp-json\/wp\/v2\/media?parent=22507"}],"wp:term":[{"taxonomy":"product_brand","embeddable":true,"href":"https:\/\/yahyaouishop.com\/fr\/wp-json\/wp\/v2\/product_brand?post=22507"},{"taxonomy":"product_cat","embeddable":true,"href":"https:\/\/yahyaouishop.com\/fr\/wp-json\/wp\/v2\/product_cat?post=22507"},{"taxonomy":"product_tag","embeddable":true,"href":"https:\/\/yahyaouishop.com\/fr\/wp-json\/wp\/v2\/product_tag?post=22507"}],"curies":[{"name":"wp","href":"https:\/\/api.w.org\/{rel}","templated":true}]}}