{"id":22497,"date":"2025-07-10T21:58:58","date_gmt":"2025-07-10T20:58:58","guid":{"rendered":"https:\/\/yahyaouishop.com\/?post_type=product&#038;p=22497"},"modified":"2025-10-01T01:07:57","modified_gmt":"2025-10-01T00:07:57","slug":"kf-concept-chargeur-4-slots-np-f-avec-ecran-lcd","status":"publish","type":"product","link":"https:\/\/yahyaouishop.com\/fr\/produit\/kf-concept-chargeur-4-slots-np-f-avec-ecran-lcd\/","title":{"rendered":"K&#038;F CONCEPT CHARGEUR 4-SLOTS NP-F AVEC \u00c9CRAN LCD"},"content":{"rendered":"<p>K&amp;F Concept Chargeur 4-Slots NP-F avec \u00e9cran LCD<\/p>\n<p>Chargeur secteur (prise EU) compatible avec batteries<\/p>\n<p>Sony NP-F (F550, F570, F750, F770, F930, F950, F960, F970).<\/p>\n<p>Il permet de charger jusqu\u2019\u00e0 4 batteries simultan\u00e9ment.<\/p>\n<p>Son \u00e9cran LCD clair affiche l\u2019\u00e9tat de charge en temps r\u00e9el.<\/p>\n<p>Compact et pratique pour les tournages et les voyages.<\/p>","protected":false},"excerpt":{"rendered":"<p>Chargeur secteur K&amp;F Concept 4-Slots NP-F avec \u00e9cran LCD. Compatible avec batteries Sony NP-F. Chargez jusqu\u2019\u00e0 4 batteries simultan\u00e9ment. \u00c9cran LCD affichant l\u2019\u00e9tat de charge en temps r\u00e9el. Compact et pratique pour les tournages et les voyages.<\/p>","protected":false},"featured_media":22553,"comment_status":"open","ping_status":"closed","template":"","meta":[],"product_brand":[443],"product_cat":[156,126],"product_tag":[262],"class_list":{"0":"post-22497","1":"product","2":"type-product","3":"status-publish","4":"has-post-thumbnail","6":"product_brand-kf","7":"product_cat-batteries-et-chargeurs","8":"product_cat-produits-divers","9":"product_tag-brand-kf","11":"first","12":"instock","13":"purchasable","14":"product-type-simple"},"jetpack_sharing_enabled":true,"_links":{"self":[{"href":"https:\/\/yahyaouishop.com\/fr\/wp-json\/wp\/v2\/product\/22497","targetHints":{"allow":["GET"]}}],"collection":[{"href":"https:\/\/yahyaouishop.com\/fr\/wp-json\/wp\/v2\/product"}],"about":[{"href":"https:\/\/yahyaouishop.com\/fr\/wp-json\/wp\/v2\/types\/product"}],"replies":[{"embeddable":true,"href":"https:\/\/yahyaouishop.com\/fr\/wp-json\/wp\/v2\/comments?post=22497"}],"version-history":[{"count":1,"href":"https:\/\/yahyaouishop.com\/fr\/wp-json\/wp\/v2\/product\/22497\/revisions"}],"predecessor-version":[{"id":22558,"href":"https:\/\/yahyaouishop.com\/fr\/wp-json\/wp\/v2\/product\/22497\/revisions\/22558"}],"wp:featuredmedia":[{"embeddable":true,"href":"https:\/\/yahyaouishop.com\/fr\/wp-json\/wp\/v2\/media\/22553"}],"wp:attachment":[{"href":"https:\/\/yahyaouishop.com\/fr\/wp-json\/wp\/v2\/media?parent=22497"}],"wp:term":[{"taxonomy":"product_brand","embeddable":true,"href":"https:\/\/yahyaouishop.com\/fr\/wp-json\/wp\/v2\/product_brand?post=22497"},{"taxonomy":"product_cat","embeddable":true,"href":"https:\/\/yahyaouishop.com\/fr\/wp-json\/wp\/v2\/product_cat?post=22497"},{"taxonomy":"product_tag","embeddable":true,"href":"https:\/\/yahyaouishop.com\/fr\/wp-json\/wp\/v2\/product_tag?post=22497"}],"curies":[{"name":"wp","href":"https:\/\/api.w.org\/{rel}","templated":true}]}}