{"id":22493,"date":"2025-07-10T21:58:58","date_gmt":"2025-07-10T20:58:58","guid":{"rendered":"https:\/\/yahyaouishop.com\/?post_type=product&#038;p=22493"},"modified":"2025-10-01T01:08:07","modified_gmt":"2025-10-01T00:08:07","slug":"kf-concept-digital-camera-case-petit-sac-pour-appareil-photo","status":"publish","type":"product","link":"https:\/\/yahyaouishop.com\/fr\/produit\/kf-concept-digital-camera-case-petit-sac-pour-appareil-photo\/","title":{"rendered":"K&#038;F CONCEPT DIGITAL CAMERA CASE PETIT SAC POUR APPAREIL PHOTO"},"content":{"rendered":"<p>Sac photo compact \u00e9tanche K&amp;F Concept KF13.167<\/p>\n<p>Le sac KF13.167 est un \u00e9tui rigide et l\u00e9ger con\u00e7u pour prot\u00e9ger les appareils photo compacts et leurs accessoires essentiels. Sa coque en EVA de haute qualit\u00e9 offre une protection contre les chocs, l&#8217;humidit\u00e9 et la poussi\u00e8re tout en \u00e9tant antid\u00e9rapante pour une meilleure stabilit\u00e9<\/p>\n<p>Ses dimensions ext\u00e9rieures sont de 17,8 \u00d7 12,7 \u00d7 6,6 cm et l\u2019int\u00e9rieur mesure 16,3 \u00d7 11,2 \u00d7 3,4 cm pour accueillir jusqu\u2019\u00e0 deux petits appareils et accessoires<\/p>\n<p>Il dispose d\u2019une partition fixe avec poches pour cartes m\u00e9moire, d\u2019une poche en maille zipp\u00e9e \u00e0 l\u2019int\u00e9rieur du couvercle, d\u2019une bande \u00e9lastique pour maintenir les appareils en place et d\u2019une partition amovible pour une organisation flexible<\/p>\n<p>Pour le transport il est \u00e9quip\u00e9 d\u2019une poign\u00e9e et d\u2019une bandouli\u00e8re amovible<\/p>\n<p>Ce sac robuste et \u00e9tanche est id\u00e9al pour prot\u00e9ger efficacement votre mat\u00e9riel photo lors de vos d\u00e9placements ou sorties<\/p>","protected":false},"excerpt":{"rendered":"<p>Prot\u00e9gez votre appareil photo compact avec le sac \u00e9tanche K&amp;F Concept KF13.167! Sa coque en EVA de haute qualit\u00e9 offre une protection contre les chocs, l&#8217;humidit\u00e9 et la poussi\u00e8re pour une s\u00e9curit\u00e9 optimale. Avec ses dimensions compactes de 17,8 x 12,7 x 6,6 cm, ce sac peut accueillir jusqu&#8217;\u00e0 deux petits appareils et accessoires. Il dispose d&#8217;une partition fixe avec poches pour cartes m\u00e9moire, d&#8217;une poche en maille zipp\u00e9e et d&#8217;une bande \u00e9lastique pour maintenir les appareils en place. Emportez-le facilement gr\u00e2ce \u00e0 sa poign\u00e9e et sa bandouli\u00e8re amovible. Id\u00e9al pour voyager en toute tranquillit\u00e9!<\/p>","protected":false},"featured_media":22685,"comment_status":"open","ping_status":"closed","template":"","meta":[],"product_brand":[443],"product_cat":[203,187,126],"product_tag":[262],"class_list":{"0":"post-22493","1":"product","2":"type-product","3":"status-publish","4":"has-post-thumbnail","6":"product_brand-kf","7":"product_cat-accessoires","8":"product_cat-sacs","9":"product_cat-produits-divers","10":"product_tag-brand-kf","12":"first","13":"instock","14":"purchasable","15":"product-type-variable"},"jetpack_sharing_enabled":true,"_links":{"self":[{"href":"https:\/\/yahyaouishop.com\/fr\/wp-json\/wp\/v2\/product\/22493","targetHints":{"allow":["GET"]}}],"collection":[{"href":"https:\/\/yahyaouishop.com\/fr\/wp-json\/wp\/v2\/product"}],"about":[{"href":"https:\/\/yahyaouishop.com\/fr\/wp-json\/wp\/v2\/types\/product"}],"replies":[{"embeddable":true,"href":"https:\/\/yahyaouishop.com\/fr\/wp-json\/wp\/v2\/comments?post=22493"}],"version-history":[{"count":1,"href":"https:\/\/yahyaouishop.com\/fr\/wp-json\/wp\/v2\/product\/22493\/revisions"}],"predecessor-version":[{"id":22691,"href":"https:\/\/yahyaouishop.com\/fr\/wp-json\/wp\/v2\/product\/22493\/revisions\/22691"}],"wp:featuredmedia":[{"embeddable":true,"href":"https:\/\/yahyaouishop.com\/fr\/wp-json\/wp\/v2\/media\/22685"}],"wp:attachment":[{"href":"https:\/\/yahyaouishop.com\/fr\/wp-json\/wp\/v2\/media?parent=22493"}],"wp:term":[{"taxonomy":"product_brand","embeddable":true,"href":"https:\/\/yahyaouishop.com\/fr\/wp-json\/wp\/v2\/product_brand?post=22493"},{"taxonomy":"product_cat","embeddable":true,"href":"https:\/\/yahyaouishop.com\/fr\/wp-json\/wp\/v2\/product_cat?post=22493"},{"taxonomy":"product_tag","embeddable":true,"href":"https:\/\/yahyaouishop.com\/fr\/wp-json\/wp\/v2\/product_tag?post=22493"}],"curies":[{"name":"wp","href":"https:\/\/api.w.org\/{rel}","templated":true}]}}