{"id":22492,"date":"2025-07-10T21:58:58","date_gmt":"2025-07-10T20:58:58","guid":{"rendered":"https:\/\/yahyaouishop.com\/?post_type=product&#038;p=22492"},"modified":"2025-11-24T18:50:16","modified_gmt":"2025-11-24T17:50:16","slug":"kf-concept-filtre-variable-slim-nano-x-ndx-82mm-nd2-a-nd400","status":"publish","type":"product","link":"https:\/\/yahyaouishop.com\/fr\/produit\/kf-concept-filtre-variable-slim-nano-x-ndx-82mm-nd2-a-nd400\/","title":{"rendered":"K&amp;F CONCEPT FILTRE VARIABLE SLIM NANO-X NDX 82MM &#8211; ND2 \u00c0 ND400"},"content":{"rendered":"<p>K&amp;F Concept Filtre Variable Slim Nano-X NDX 82 mm \u2013 ND2 \u00e0 ND400<\/p>\n<p>Le filtre variable K&amp;F Concept Nano-X NDX de 82 mm est un accessoire ultra-mince con\u00e7u pour offrir une grande flexibilit\u00e9 d\u2019exposition. Il permet de moduler la r\u00e9duction de lumi\u00e8re de ND2 \u00e0 ND400 (1 \u00e0 8,6 stops) simplement en tournant la bague, facilitant ainsi le contr\u00f4le pr\u00e9cis de la profondeur de champ et de la vitesse d\u2019obturation.<\/p>\n<p>Fabriqu\u00e9 en verre optique de haute qualit\u00e9, ce filtre b\u00e9n\u00e9ficie d\u2019un rev\u00eatement vert multicouche Nano-X qui assure une excellente transmission lumineuse, tout en r\u00e9duisant les reflets, les images fant\u00f4mes et les aberrations chromatiques.<\/p>\n<p>Gr\u00e2ce \u00e0 sa conception ultra-fine (slim), il minimise le risque de vignettage, m\u00eame avec des objectifs grand angle. Sa surface est trait\u00e9e pour \u00eatre r\u00e9sistante \u00e0 l\u2019eau, aux rayures et aux traces de doigts, garantissant une utilisation durable en toutes conditions.<\/p>\n<p>Ce filtre variable est id\u00e9al pour les photographes et vid\u00e9astes souhaitant ajuster rapidement leur exposition sans changer de filtre, tout en conservant une qualit\u00e9 d\u2019image exceptionnelle.<\/p>","protected":false},"excerpt":{"rendered":"<p>Le filtre variable K&amp;F Concept Nano-X NDX 82 mm offre une flexibilit\u00e9 exceptionnelle pour ajuster la lumi\u00e8re de ND2 \u00e0 ND400. Fabriqu\u00e9 en verre optique de haute qualit\u00e9 avec un rev\u00eatement Nano-X, il garantit une transmission lumineuse optimale et r\u00e9duit les reflets ind\u00e9sirables. Sa conception ultra-mince limite le vignettage et sa surface r\u00e9sistante \u00e0 l&#8217;eau et aux rayures assure une utilisation durable. Id\u00e9al pour les photographes et vid\u00e9astes, ce filtre permet un contr\u00f4le pr\u00e9cis de la profondeur de champ et de la vitesse d&#8217;obturation sans changer de filtre, offrant une qualit\u00e9 d&#8217;image exceptionnelle en toutes conditions.<\/p>","protected":false},"featured_media":22670,"comment_status":"open","ping_status":"closed","template":"","meta":[],"product_brand":[443],"product_cat":[267,203,126],"product_tag":[262],"class_list":{"0":"post-22492","1":"product","2":"type-product","3":"status-publish","4":"has-post-thumbnail","6":"product_brand-kf","7":"product_cat-filtres","8":"product_cat-accessoires","9":"product_cat-produits-divers","10":"product_tag-brand-kf","12":"first","13":"instock","14":"sale","15":"purchasable","16":"product-type-simple"},"jetpack_sharing_enabled":true,"_links":{"self":[{"href":"https:\/\/yahyaouishop.com\/fr\/wp-json\/wp\/v2\/product\/22492","targetHints":{"allow":["GET"]}}],"collection":[{"href":"https:\/\/yahyaouishop.com\/fr\/wp-json\/wp\/v2\/product"}],"about":[{"href":"https:\/\/yahyaouishop.com\/fr\/wp-json\/wp\/v2\/types\/product"}],"replies":[{"embeddable":true,"href":"https:\/\/yahyaouishop.com\/fr\/wp-json\/wp\/v2\/comments?post=22492"}],"version-history":[{"count":2,"href":"https:\/\/yahyaouishop.com\/fr\/wp-json\/wp\/v2\/product\/22492\/revisions"}],"predecessor-version":[{"id":22835,"href":"https:\/\/yahyaouishop.com\/fr\/wp-json\/wp\/v2\/product\/22492\/revisions\/22835"}],"wp:featuredmedia":[{"embeddable":true,"href":"https:\/\/yahyaouishop.com\/fr\/wp-json\/wp\/v2\/media\/22670"}],"wp:attachment":[{"href":"https:\/\/yahyaouishop.com\/fr\/wp-json\/wp\/v2\/media?parent=22492"}],"wp:term":[{"taxonomy":"product_brand","embeddable":true,"href":"https:\/\/yahyaouishop.com\/fr\/wp-json\/wp\/v2\/product_brand?post=22492"},{"taxonomy":"product_cat","embeddable":true,"href":"https:\/\/yahyaouishop.com\/fr\/wp-json\/wp\/v2\/product_cat?post=22492"},{"taxonomy":"product_tag","embeddable":true,"href":"https:\/\/yahyaouishop.com\/fr\/wp-json\/wp\/v2\/product_tag?post=22492"}],"curies":[{"name":"wp","href":"https:\/\/api.w.org\/{rel}","templated":true}]}}