{"id":22469,"date":"2025-07-03T12:57:51","date_gmt":"2025-07-03T11:57:51","guid":{"rendered":"https:\/\/yahyaouishop.com\/fr\/produit\/sony-pxw-z90v-4k-hdr-xdcam\/"},"modified":"2025-10-01T01:07:54","modified_gmt":"2025-10-01T00:07:54","slug":"sony-pxw-z90v-4k-hdr-xdcam","status":"publish","type":"product","link":"https:\/\/yahyaouishop.com\/fr\/produit\/sony-pxw-z90v-4k-hdr-xdcam\/","title":{"rendered":"Sony PXW-Z90T 4K HDR XDCAM"},"content":{"rendered":"<p style=\"margin-top: 0px;margin-bottom: 1rem;font-family: Lato, sans-serif;font-size: 15px;font-style: normal;font-weight: 400;letter-spacing: normal;text-align: left;text-indent: 0px;text-transform: none;text-decoration: none\">Cam\u00e9ra compacte avec qualit\u00e9 broadcast 4K HDR, mise au point automatique hybride rapide et 3G-SDI (microphone vendu s\u00e9par\u00e9ment)<\/p>\n<p style=\"margin-top: 0px;margin-bottom: 1rem;font-family: Lato, sans-serif;font-size: 15px;font-style: normal;font-weight: 400;letter-spacing: normal;text-align: left;text-indent: 0px;text-transform: none;text-decoration: none\">La PXW-Z90 offre une qualit\u00e9 broadcast 4K avec des fonctionnalit\u00e9s avanc\u00e9es, comme la mise au point automatique ultra-rapide, le workflow HDR instantan\u00e9, le ralenti Super Slow Motion jusqu&#8217;\u00e0 960 ips* et la diffusion \u00e0 2,4 GHz ou 5 GHz** avec QoS.<br \/>\n<em>* 960 ips (NTSC). 1 000 ips (PAL).<br \/>\n** 5 GHz prise en charge selon le pays\/la r\u00e9glementation r\u00e9gionale.<\/em><\/p>\n<p style=\"margin-top: 0px;margin-bottom: 1rem;font-family: Lato, sans-serif;font-size: 15px;font-style: normal;font-weight: 400;letter-spacing: normal;text-align: left;text-indent: 0px;text-transform: none;text-decoration: none\"><b style=\"font-weight: 700\">Mise au point automatique ultra-rapide haute pr\u00e9cision<\/b><br \/>\nLa PXW-Z90 est \u00e9quip\u00e9 d&#8217;un syst\u00e8me avanc\u00e9 de mise au point automatique hybride rapide, mais \u00e9galement de la d\u00e9tection des visages et de la technologie de verrouillage de la mise au point automatique, ce qui permet de conserver la mise au point sur un sujet en mouvement pendant le tournage.<\/p>\n<p style=\"margin-top: 0px;margin-bottom: 1rem;font-family: Lato, sans-serif;font-size: 15px;font-style: normal;font-weight: 400;letter-spacing: normal;text-align: left;text-indent: 0px;text-transform: none;text-decoration: none\"><b style=\"font-weight: 700\">Premi\u00e8re cam\u00e9ra compacte professionnelle avec le format 4K HDR<\/b><br \/>\nLe mod\u00e8le PXW-Z90 est la premi\u00e8re cam\u00e9ra compacte professionnelle \u00e0 offrir un contenu 4K High Dynamic Range (HDR) exceptionnel avec des workflows d\u00e9mat\u00e9rialis\u00e9s Hybrid Log-Gamma (HyLG). Le format S-Log3 est \u00e9galement pris en charge, ce qui vous permet de cr\u00e9er de belles images avec un large gamut de couleur et une vaste gamme de couleurs.<br \/>\n<em>*3840 x 2160 pixels. Connectez ce produit \u00e0 un t\u00e9l\u00e9viseur compatible HDR (HLG) \u00e0 l&#8217;aide d&#8217;un c\u00e2ble HDMI et activez le mode HDR (HLG) sur le t\u00e9l\u00e9viseur lorsque vous affichez des films en 4K QFHD.<\/em><\/p>\n<p style=\"margin-top: 0px;margin-bottom: 1rem;font-family: Lato, sans-serif;font-size: 15px;font-style: normal;font-weight: 400;letter-spacing: normal;text-align: left;text-indent: 0px;text-transform: none;text-decoration: none\"><b style=\"font-weight: 700\">Ralenti Super Slow Motion jusqu&#8217;\u00e0 960 ips* et mode S&amp;Q Motion jusqu&#8217;\u00e0 120 ips**<\/b><br \/>\nLes prises de vue High Frame Rate peuvent transformer des actions du quotidien en ballets au ralenti et la PXW-Z90 offre une qualit\u00e9 exceptionnelle \u00e0 120 images par seconde (ips) en Full HD XAVC S 10 bits 4:2:2, produisant un mouvement ralenti jusqu&#8217;\u00e0 cinq fois. Vous pouvez obtenir des cadences plus \u00e9lev\u00e9es allant jusqu&#8217;\u00e0 960 ips en utilisant l&#8217;enregistrement sur m\u00e9moire cache S&amp;Q Motion pour une plus grande flexibilit\u00e9.<br \/>\n<em>* 960 ips (NTSC). 1 000 ips (PAL).<br \/>\n** 120 ips (NTSC)\/100 ips (PAL).<\/em><\/p>\n<p style=\"margin-top: 0px;margin-bottom: 1rem;font-family: Lato, sans-serif;font-size: 15px;font-style: normal;font-weight: 400;letter-spacing: normal;text-align: left;text-indent: 0px;text-transform: none;text-decoration: none\"><b style=\"font-weight: 700\">Connexion polyvalente pour des workflows de broadcast<\/b><br \/>\nCette cam\u00e9ra est dot\u00e9e d&#8217;une sortie broadcast standard 3G-SDI (prenant en charge 1080 60p\/50p), d&#8217;une griffe porte-accessoires multi-interface (MI), de la connectivit\u00e9 HDMI et d&#8217;une interface distante pour la connexion et le contr\u00f4le \u00e0 distance d&#8217;une grande vari\u00e9t\u00e9 d&#8217;accessoires Sony compatibles, notamment dans le but de cr\u00e9er une \u00ab Simple Live Solution \u00bb en cas de connexion avec l&#8217;outil de production live multi-cam\u00e9ras MCX-500 et la t\u00e9l\u00e9commande RM-30BP.<\/p>\n<p style=\"margin-top: 0px;margin-bottom: 1rem;font-family: Lato, sans-serif;font-size: 15px;font-style: normal;font-weight: 400;letter-spacing: normal;text-align: left;text-indent: 0px;text-transform: none;text-decoration: none\"><b style=\"font-weight: 700\">Performances r\u00e9volutionnaires avec le capteur Exmor RS\u00ae<\/b><br \/>\nAfin d&#8217;obtenir une qualit\u00e9 d&#8217;image jusqu&#8217;ici inaccessible avec une cam\u00e9ra compacte, le large capteur CMOS empil\u00e9 de type 1.0 \u00e0 14,2 m\u00e9gapixels (effectifs) offre de sublimes effets bokeh et une sensibilit\u00e9 sup\u00e9rieure pour capturer des images de haute qualit\u00e9 avec moins de bruit, m\u00eame par faible ou forte luminosit\u00e9. Ce capteur int\u00e8gre jusqu&#8217;\u00e0 273 points de mise au point automatique \u00e0 d\u00e9tection de phase capables de couvrir environ 84 % de l&#8217;image pour un suivi pr\u00e9cis du sujet dans l&#8217;ensemble du cadre. Le capteur offre un faible niveau de bruit et une r\u00e9duction de l&#8217;effet de flou, car davantage de lumi\u00e8re atteint le capteur, ce qui garantit des images claires et nettes m\u00eame dans les sc\u00e8nes sombres avec des conditions de faible \u00e9clairage (luminosit\u00e9 minimale de 1,7 lux*).<\/p>","protected":false},"excerpt":{"rendered":"<p>Cam\u00e9ra compacte avec qualit\u00e9 broadcast 4K HDR, mise au point automatique hybride rapide et 3G-SDI (microphone vendu s\u00e9par\u00e9ment) La PXW-Z90<\/p>","protected":false},"featured_media":22468,"comment_status":"open","ping_status":"closed","template":"","meta":[],"product_brand":[448],"product_cat":[190],"product_tag":[222],"class_list":{"0":"post-22469","1":"product","2":"type-product","3":"status-publish","4":"has-post-thumbnail","6":"product_brand-sony","7":"product_cat-sony","8":"product_tag-brand-sony","10":"first","11":"instock","12":"purchasable","13":"product-type-simple"},"jetpack_sharing_enabled":true,"_links":{"self":[{"href":"https:\/\/yahyaouishop.com\/fr\/wp-json\/wp\/v2\/product\/22469","targetHints":{"allow":["GET"]}}],"collection":[{"href":"https:\/\/yahyaouishop.com\/fr\/wp-json\/wp\/v2\/product"}],"about":[{"href":"https:\/\/yahyaouishop.com\/fr\/wp-json\/wp\/v2\/types\/product"}],"replies":[{"embeddable":true,"href":"https:\/\/yahyaouishop.com\/fr\/wp-json\/wp\/v2\/comments?post=22469"}],"version-history":[{"count":2,"href":"https:\/\/yahyaouishop.com\/fr\/wp-json\/wp\/v2\/product\/22469\/revisions"}],"predecessor-version":[{"id":22471,"href":"https:\/\/yahyaouishop.com\/fr\/wp-json\/wp\/v2\/product\/22469\/revisions\/22471"}],"wp:featuredmedia":[{"embeddable":true,"href":"https:\/\/yahyaouishop.com\/fr\/wp-json\/wp\/v2\/media\/22468"}],"wp:attachment":[{"href":"https:\/\/yahyaouishop.com\/fr\/wp-json\/wp\/v2\/media?parent=22469"}],"wp:term":[{"taxonomy":"product_brand","embeddable":true,"href":"https:\/\/yahyaouishop.com\/fr\/wp-json\/wp\/v2\/product_brand?post=22469"},{"taxonomy":"product_cat","embeddable":true,"href":"https:\/\/yahyaouishop.com\/fr\/wp-json\/wp\/v2\/product_cat?post=22469"},{"taxonomy":"product_tag","embeddable":true,"href":"https:\/\/yahyaouishop.com\/fr\/wp-json\/wp\/v2\/product_tag?post=22469"}],"curies":[{"name":"wp","href":"https:\/\/api.w.org\/{rel}","templated":true}]}}