{"id":22274,"date":"2025-06-28T13:20:58","date_gmt":"2025-06-28T12:20:58","guid":{"rendered":"https:\/\/yahyaouishop.com\/fr\/produit\/camescope-canon-xa70-4k-uhd\/"},"modified":"2026-04-13T20:33:11","modified_gmt":"2026-04-13T19:33:11","slug":"camescope-canon-xa70-4k-uhd","status":"publish","type":"product","link":"https:\/\/yahyaouishop.com\/fr\/produit\/camescope-canon-xa70-4k-uhd\/","title":{"rendered":"Cam\u00e9scope Canon XA70 4K UHD"},"content":{"rendered":"<p><span style=\"margin: 0px;padding: 0px;border: 0px;vertical-align: baseline;font-style: inherit;font-weight: inherit;line-height: inherit;font-family: inherit;font-size: 16px\">Description<\/span><\/p>\n<div id=\"tab-item-title-description\" class=\"wd-accordion-title tab-title-description wd-active\" data-accordion-index=\"description\" style=\"margin: 0px;padding: 0px;border: 0px;vertical-align: baseline;font-style: normal;font-weight: 400;line-height: inherit;font-family: Cabin, Arial, Helvetica, sans-serif;font-size: 14px;align-items: center;gap: 12px;cursor: pointer;flex-direction: row;letter-spacing: normal;text-align: start;text-indent: 0px;text-transform: none;text-decoration: none\"><span class=\"wd-accordion-opener\" style=\"margin: 0px;padding: 0px;border: 0px;vertical-align: baseline;font-style: inherit;font-weight: inherit;line-height: 1;font-family: inherit;font-size: 10px;position: relative;color: var(--color-gray-300);text-align: center\"><\/span><\/div>\n<div class=\"entry-content woocommerce-Tabs-panel woocommerce-Tabs-panel--description wd-active panel wc-tab wd-accordion-content wd-scroll\" id=\"tab-description\" role=\"tabpanel\" aria-labelledby=\"tab-title-description\" data-accordion-index=\"description\" style=\"margin: 0px;padding-top: 0px;padding-right: 0px;padding-bottom: var(--wd-accordion-spacing);padding-left: 0px;border: 0px;vertical-align: baseline;font-style: normal;font-weight: 400;line-height: inherit;font-family: Cabin, Arial, Helvetica, sans-serif;font-size: 14px;opacity: 1;height: auto;letter-spacing: normal;text-align: start;text-indent: 0px;text-transform: none;text-decoration: none\">\n<div class=\"wc-tab-inner wd-entry-content wd-scroll-content\" style=\"margin: 0px;padding: 0px;border: 0px;vertical-align: baseline;font-style: inherit;font-weight: inherit;line-height: inherit;font-family: inherit;font-size: 14px;overflow: visible;max-height: none !important;padding-inline-end: 0px\">\n<ul style=\"margin-top: 0px;margin-right: 0px;margin-bottom: var(--list-mb);margin-left: 0px;padding-top: 0px;padding-right: 0px;padding-bottom: 0px;padding-left: var(--li-pl);border: 0px;vertical-align: baseline;font-style: inherit;font-weight: inherit;line-height: inherit;font-family: inherit;font-size: 14px;--list-mb: 20px;--li-mb: 10px;--li-pl: 17px\">\n<li style=\"margin: 0px;padding: 0px;border: 0px;vertical-align: baseline;font-style: inherit;font-weight: inherit;line-height: inherit;font-family: inherit;font-size: 14px\">R\u00e9alisez des vid\u00e9os 4K UHD avec le cam\u00e9scope compact XA70. En plus du traitement HD avec sur\u00e9chantillonnage exceptionnel, de la technologie AF CMOS Dual Pixel avanc\u00e9e, d\u2019un zoom optique Canon 15x et de la diffusion HD en direct UVC1 via USB-C sur un ordinateur, vous pouvez capturer des prises de vues haute qualit\u00e9 au format XF-AVC ou MP4.<\/li>\n<\/ul>\n<p style=\"margin-top: 0px;margin-right: 0px;margin-bottom: var(--wd-tags-mb, 20px);margin-left: 0px;padding: 0px;border: 0px;vertical-align: baseline;font-style: inherit;font-weight: inherit;line-height: inherit;font-family: inherit;font-size: 14px\">Caract\u00e9ristiques :<\/p>\n<ul style=\"margin: 0px;padding-top: 0px;padding-right: 0px;padding-bottom: 0px;padding-left: var(--li-pl);border: 0px;vertical-align: baseline;font-style: inherit;font-weight: inherit;line-height: inherit;font-family: inherit;font-size: 14px;--list-mb: 20px;--li-mb: 10px;--li-pl: 17px\">\n<li style=\"margin-top: 0px;margin-right: 0px;margin-bottom: var(--li-mb);margin-left: 0px;padding: 0px;border: 0px;vertical-align: baseline;font-style: inherit;font-weight: inherit;line-height: inherit;font-family: inherit;font-size: 14px\">4K UHD\/25P<\/li>\n<li style=\"margin-top: 0px;margin-right: 0px;margin-bottom: var(--li-mb);margin-left: 0px;padding: 0px;border: 0px;vertical-align: baseline;font-style: inherit;font-weight: inherit;line-height: inherit;font-family: inherit;font-size: 14px\">Zoom optique 15x<\/li>\n<li style=\"margin-top: 0px;margin-right: 0px;margin-bottom: var(--li-mb);margin-left: 0px;padding: 0px;border: 0px;vertical-align: baseline;font-style: inherit;font-weight: inherit;line-height: inherit;font-family: inherit;font-size: 14px\">Traitement HD avec sur\u00e9chantillonnage<\/li>\n<li style=\"margin-top: 0px;margin-right: 0px;margin-bottom: var(--li-mb);margin-left: 0px;padding: 0px;border: 0px;vertical-align: baseline;font-style: inherit;font-weight: inherit;line-height: inherit;font-family: inherit;font-size: 14px\">Stabilisateur d\u2019image optique<\/li>\n<li style=\"margin-top: 0px;margin-right: 0px;margin-bottom: var(--li-mb);margin-left: 0px;padding: 0px;border: 0px;vertical-align: baseline;font-style: inherit;font-weight: inherit;line-height: inherit;font-family: inherit;font-size: 14px\">Infrarouge<\/li>\n<li style=\"margin-top: 0px;margin-right: 0px;margin-bottom: var(--li-mb);margin-left: 0px;padding: 0px;border: 0px;vertical-align: baseline;font-style: inherit;font-weight: inherit;line-height: inherit;font-family: inherit;font-size: 14px\">\u00c9cran tactile<\/li>\n<li style=\"margin-top: 0px;margin-right: 0px;margin-bottom: var(--li-mb);margin-left: 0px;padding: 0px;border: 0px;vertical-align: baseline;font-style: inherit;font-weight: inherit;line-height: inherit;font-family: inherit;font-size: 14px\">4 canaux audio<\/li>\n<li style=\"margin-top: 0px;margin-right: 0px;margin-bottom: var(--li-mb);margin-left: 0px;padding: 0px;border: 0px;vertical-align: baseline;font-style: inherit;font-weight: inherit;line-height: inherit;font-family: inherit;font-size: 14px\">Deux emplacements<\/li>\n<li style=\"margin: 0px;padding: 0px;border: 0px;vertical-align: baseline;font-style: inherit;font-weight: inherit;line-height: inherit;font-family: inherit;font-size: 14px\">USB-C<\/li>\n<\/ul>\n<\/div>\n<\/div>","protected":false},"excerpt":{"rendered":"<p>Description R\u00e9alisez des vid\u00e9os 4K UHD avec le cam\u00e9scope compact XA70. En plus du traitement HD avec sur\u00e9chantillonnage exceptionnel, de<\/p>","protected":false},"featured_media":22272,"comment_status":"open","ping_status":"closed","template":"","meta":[],"product_brand":[453],"product_cat":[163],"product_tag":[221],"class_list":{"0":"post-22274","1":"product","2":"type-product","3":"status-publish","4":"has-post-thumbnail","6":"product_brand-canon","7":"product_cat-canon","8":"product_tag-brand-canon","10":"first","11":"instock","12":"purchasable","13":"product-type-simple"},"jetpack_sharing_enabled":true,"_links":{"self":[{"href":"https:\/\/yahyaouishop.com\/fr\/wp-json\/wp\/v2\/product\/22274","targetHints":{"allow":["GET"]}}],"collection":[{"href":"https:\/\/yahyaouishop.com\/fr\/wp-json\/wp\/v2\/product"}],"about":[{"href":"https:\/\/yahyaouishop.com\/fr\/wp-json\/wp\/v2\/types\/product"}],"replies":[{"embeddable":true,"href":"https:\/\/yahyaouishop.com\/fr\/wp-json\/wp\/v2\/comments?post=22274"}],"version-history":[{"count":1,"href":"https:\/\/yahyaouishop.com\/fr\/wp-json\/wp\/v2\/product\/22274\/revisions"}],"predecessor-version":[{"id":22275,"href":"https:\/\/yahyaouishop.com\/fr\/wp-json\/wp\/v2\/product\/22274\/revisions\/22275"}],"wp:featuredmedia":[{"embeddable":true,"href":"https:\/\/yahyaouishop.com\/fr\/wp-json\/wp\/v2\/media\/22272"}],"wp:attachment":[{"href":"https:\/\/yahyaouishop.com\/fr\/wp-json\/wp\/v2\/media?parent=22274"}],"wp:term":[{"taxonomy":"product_brand","embeddable":true,"href":"https:\/\/yahyaouishop.com\/fr\/wp-json\/wp\/v2\/product_brand?post=22274"},{"taxonomy":"product_cat","embeddable":true,"href":"https:\/\/yahyaouishop.com\/fr\/wp-json\/wp\/v2\/product_cat?post=22274"},{"taxonomy":"product_tag","embeddable":true,"href":"https:\/\/yahyaouishop.com\/fr\/wp-json\/wp\/v2\/product_tag?post=22274"}],"curies":[{"name":"wp","href":"https:\/\/api.w.org\/{rel}","templated":true}]}}