{"id":22188,"date":"2025-06-27T20:45:34","date_gmt":"2025-06-27T19:45:34","guid":{"rendered":"https:\/\/yahyaouishop.com\/?post_type=product&#038;p=22188"},"modified":"2025-10-01T01:07:54","modified_gmt":"2025-10-01T00:07:54","slug":"ulanzi-cu03-multi-function-super-clamp","status":"publish","type":"product","link":"https:\/\/yahyaouishop.com\/fr\/produit\/ulanzi-cu03-multi-function-super-clamp\/","title":{"rendered":"ULANZI CU03 MULTI-FUNCTION SUPER CLAMP"},"content":{"rendered":"<p>Ulanzi CU03 \u2013 Super Clamp multifonction<\/p>\n<p>Le Ulanzi CU03 est une pince robuste et polyvalente con\u00e7ue pour fixer des cam\u00e9ras, lumi\u00e8res, micros ou moniteurs sur divers supports comme des tables, tubes, tr\u00e9pieds ou cages.<\/p>\n<p>Caract\u00e9ristiques principales :<\/p>\n<p>Capacit\u00e9 de charge : jusqu\u2019\u00e0 3 kg.<\/p>\n<p>Ouverture ajustable : jusqu\u2019\u00e0 85 mm pour surfaces plates, 110 mm pour tubes.<\/p>\n<p>Construction en aluminium CNC et acier inoxydable.<\/p>\n<p>Double rotule panoramique \u00e0 360\u00b0 pour positionnement pr\u00e9cis.<\/p>\n<p>Plaque Arca-Swiss incluse pour un montage rapide.<\/p>\n<p>Interface NATO pour cages ou rails compatibles.<\/p>\n<p>Filetages 1\/4&#8243; et adaptateur 1\/4&#8243; vers 3\/8&#8243; inclus.<\/p>\n<p>Int\u00e9rieur en silicone antid\u00e9rapant pour une fixation s\u00e9curis\u00e9e sans ab\u00eemer les surfaces.<\/p>\n<p>Contenu du pack :<\/p>\n<p>Super clamp CU03<\/p>\n<p>Rail NATO + rotule<\/p>\n<p>Plaque Arca-Swiss + adaptateur<\/p>\n<p>Vis 3\/8&#8243; et cl\u00e9 Allen<\/p>\n<p>Adaptateur 1\/4&#8243; vers 3\/8&#8243;<\/p>","protected":false},"excerpt":{"rendered":"<p>Pince multifonction Ulanzi CU03 &#8211; Fixation robuste pour cam\u00e9ras, lumi\u00e8res et micros<\/p>\n<p>&#8211; Robuste et polyvalente pour fixer divers \u00e9quipements<\/p>\n<p>&#8211; Capacit\u00e9 de charge jusqu&#8217;\u00e0 3 kg<\/p>\n<p>&#8211; Ouverture ajustable jusqu&#8217;\u00e0 85 mm pour surfaces plates, 110 mm pour tubes<\/p>\n<p>&#8211; Construction en aluminium CNC et acier inoxydable<\/p>\n<p>&#8211; Double rotule panoramique \u00e0 360\u00b0 pour positionnement pr\u00e9cis<\/p>\n<p>&#8211; Plaque Arca-Swiss incluse pour un montage rapide<\/p>\n<p>&#8211; Interface NATO pour cages ou rails compatibles<\/p>\n<p>&#8211; Filetages 1\/4&#8243; et adaptateur 1\/4&#8243; vers 3\/8&#8243; inclus<\/p>\n<p>&#8211; Int\u00e9rieur en silicone antid\u00e9rapant pour une fixation s\u00e9curis\u00e9e<\/p>\n<p>&#8211; Contenu du pack : pince CU03, rail NATO + rotule, plaque Arca-Swiss + adaptateur, vis 3\/8&#8243; et cl\u00e9 Allen, adaptateur 1\/4&#8243; vers 3\/8&#8243;<\/p>","protected":false},"featured_media":22301,"comment_status":"open","ping_status":"closed","template":"","meta":[],"product_brand":[436],"product_cat":[431,203,126],"product_tag":[432],"class_list":{"0":"post-22188","1":"product","2":"type-product","3":"status-publish","4":"has-post-thumbnail","6":"product_brand-ulanzi","7":"product_cat-bulk","8":"product_cat-accessoires","9":"product_cat-produits-divers","10":"product_tag-brand-ulanzi","12":"first","13":"instock","14":"purchasable","15":"product-type-simple"},"jetpack_sharing_enabled":true,"_links":{"self":[{"href":"https:\/\/yahyaouishop.com\/fr\/wp-json\/wp\/v2\/product\/22188","targetHints":{"allow":["GET"]}}],"collection":[{"href":"https:\/\/yahyaouishop.com\/fr\/wp-json\/wp\/v2\/product"}],"about":[{"href":"https:\/\/yahyaouishop.com\/fr\/wp-json\/wp\/v2\/types\/product"}],"replies":[{"embeddable":true,"href":"https:\/\/yahyaouishop.com\/fr\/wp-json\/wp\/v2\/comments?post=22188"}],"version-history":[{"count":1,"href":"https:\/\/yahyaouishop.com\/fr\/wp-json\/wp\/v2\/product\/22188\/revisions"}],"predecessor-version":[{"id":22189,"href":"https:\/\/yahyaouishop.com\/fr\/wp-json\/wp\/v2\/product\/22188\/revisions\/22189"}],"wp:featuredmedia":[{"embeddable":true,"href":"https:\/\/yahyaouishop.com\/fr\/wp-json\/wp\/v2\/media\/22301"}],"wp:attachment":[{"href":"https:\/\/yahyaouishop.com\/fr\/wp-json\/wp\/v2\/media?parent=22188"}],"wp:term":[{"taxonomy":"product_brand","embeddable":true,"href":"https:\/\/yahyaouishop.com\/fr\/wp-json\/wp\/v2\/product_brand?post=22188"},{"taxonomy":"product_cat","embeddable":true,"href":"https:\/\/yahyaouishop.com\/fr\/wp-json\/wp\/v2\/product_cat?post=22188"},{"taxonomy":"product_tag","embeddable":true,"href":"https:\/\/yahyaouishop.com\/fr\/wp-json\/wp\/v2\/product_tag?post=22188"}],"curies":[{"name":"wp","href":"https:\/\/api.w.org\/{rel}","templated":true}]}}