{"id":22185,"date":"2025-06-27T20:45:32","date_gmt":"2025-06-27T19:45:32","guid":{"rendered":"https:\/\/yahyaouishop.com\/?post_type=product&#038;p=22185"},"modified":"2025-10-01T01:07:54","modified_gmt":"2025-10-01T00:07:54","slug":"vijim-ls02-desktop-extendable-light-stand","status":"publish","type":"product","link":"https:\/\/yahyaouishop.com\/fr\/produit\/vijim-ls02-desktop-extendable-light-stand\/","title":{"rendered":"VIJIM LS02 DESKTOP EXTENDABLE LIGHT STAND"},"content":{"rendered":"<p>VIJIM LS02 Support de bureau extensible<\/p>\n<p>Le VIJIM LS02 est un support de bureau r\u00e9glable, id\u00e9al pour le streaming, la photographie ou les appels vid\u00e9o. Il permet de fixer cam\u00e9ras, t\u00e9l\u00e9phones ou lumi\u00e8res LED avec grande flexibilit\u00e9.<\/p>\n<p>Caract\u00e9ristiques principales :<\/p>\n<p>Hauteur r\u00e9glable de 44 cm \u00e0 105 cm.<\/p>\n<p>Bras horizontal de 35,5 cm pour un appareil suppl\u00e9mentaire.<\/p>\n<p>Rotule 360\u00b0 pour un positionnement pr\u00e9cis.<\/p>\n<p>Pince de fixation adapt\u00e9e aux tables jusqu\u2019\u00e0 5 cm d\u2019\u00e9paisseur.<\/p>\n<p>Charge maximale : 3 kg (support principal), 1,5 kg (bras).<\/p>\n<p>Compatible avec vis 1\/4&#8243; et supports t\u00e9l\u00e9phone de 22 \u00e0 28 mm de large.<\/p>\n<p>Contenu du pack :<\/p>\n<p>Support principal avec rotule.<\/p>\n<p>Bras horizontal suppl\u00e9mentaire.<\/p>\n<p>Support t\u00e9l\u00e9phone.<\/p>\n<p>Manuel d\u2019utilisation.<\/p>","protected":false},"excerpt":{"rendered":"<p>VIJIM LS02 &#8211; Support de bureau extensible pour streaming, photographie et appels vid\u00e9o<\/p>\n<p>\u2022 Support de bureau r\u00e9glable pour cam\u00e9ras, t\u00e9l\u00e9phones ou lumi\u00e8res LED<\/p>\n<p>\u2022 Hauteur ajustable de 44 cm \u00e0 105 cm et bras horizontal de 35,5 cm<\/p>\n<p>\u2022 Rotule 360\u00b0 pour positionnement pr\u00e9cis et pince de fixation adapt\u00e9e aux tables jusqu&#8217;\u00e0 5 cm d&#8217;\u00e9paisseur<\/p>\n<p>\u2022 Charge maximale : 3 kg (support principal), 1,5 kg (bras)<\/p>\n<p>\u2022 Compatible avec vis 1\/4&#8243; et supports t\u00e9l\u00e9phone de 22 \u00e0 28 mm de large<\/p>\n<p>\u2022 Contenu : support principal avec rotule, bras horizontal, support t\u00e9l\u00e9phone, manuel d&#8217;utilisation<\/p>","protected":false},"featured_media":22315,"comment_status":"open","ping_status":"closed","template":"","meta":[],"product_brand":[440],"product_cat":[431,203,126],"product_tag":[434],"class_list":{"0":"post-22185","1":"product","2":"type-product","3":"status-publish","4":"has-post-thumbnail","6":"product_brand-vijim","7":"product_cat-bulk","8":"product_cat-accessoires","9":"product_cat-produits-divers","10":"product_tag-vijim","12":"first","13":"instock","14":"purchasable","15":"product-type-simple"},"jetpack_sharing_enabled":true,"_links":{"self":[{"href":"https:\/\/yahyaouishop.com\/fr\/wp-json\/wp\/v2\/product\/22185","targetHints":{"allow":["GET"]}}],"collection":[{"href":"https:\/\/yahyaouishop.com\/fr\/wp-json\/wp\/v2\/product"}],"about":[{"href":"https:\/\/yahyaouishop.com\/fr\/wp-json\/wp\/v2\/types\/product"}],"replies":[{"embeddable":true,"href":"https:\/\/yahyaouishop.com\/fr\/wp-json\/wp\/v2\/comments?post=22185"}],"version-history":[{"count":1,"href":"https:\/\/yahyaouishop.com\/fr\/wp-json\/wp\/v2\/product\/22185\/revisions"}],"predecessor-version":[{"id":22191,"href":"https:\/\/yahyaouishop.com\/fr\/wp-json\/wp\/v2\/product\/22185\/revisions\/22191"}],"wp:featuredmedia":[{"embeddable":true,"href":"https:\/\/yahyaouishop.com\/fr\/wp-json\/wp\/v2\/media\/22315"}],"wp:attachment":[{"href":"https:\/\/yahyaouishop.com\/fr\/wp-json\/wp\/v2\/media?parent=22185"}],"wp:term":[{"taxonomy":"product_brand","embeddable":true,"href":"https:\/\/yahyaouishop.com\/fr\/wp-json\/wp\/v2\/product_brand?post=22185"},{"taxonomy":"product_cat","embeddable":true,"href":"https:\/\/yahyaouishop.com\/fr\/wp-json\/wp\/v2\/product_cat?post=22185"},{"taxonomy":"product_tag","embeddable":true,"href":"https:\/\/yahyaouishop.com\/fr\/wp-json\/wp\/v2\/product_tag?post=22185"}],"curies":[{"name":"wp","href":"https:\/\/api.w.org\/{rel}","templated":true}]}}