{"id":22167,"date":"2025-06-27T20:45:30","date_gmt":"2025-06-27T19:45:30","guid":{"rendered":"https:\/\/yahyaouishop.com\/?post_type=product&#038;p=22167"},"modified":"2025-10-01T01:07:51","modified_gmt":"2025-10-01T00:07:51","slug":"ulanzi-m-58-selfie-stick-120-cm","status":"publish","type":"product","link":"https:\/\/yahyaouishop.com\/fr\/produit\/ulanzi-m-58-selfie-stick-120-cm\/","title":{"rendered":"ULANZI M-58 SELFIE STICK ( 120 CM )"},"content":{"rendered":"<p>\u00c0 propos de cet article<\/p>\n<p>Perche \u00e0 selfie de 120 cm : la longueur de stockage du MT-58 est de 29 cm et 172 g, ce qui la rend facile \u00e0 ranger et \u00e0 transporter.<\/p>\n<p>La longueur maximale est de 120 cm, ce qui est parfait pour selfie, prendre des vid\u00e9os de sports extr\u00eames tels que le skateboard, le surf, le parachutisme, le ski, etc.<\/p>\n<p>Amortissement puissant : le monopode ULANZI a un design de rembourrage solide qui se verrouille en s&#8217;\u00e9tirant directement.<\/p>\n<p>C&#8217;est beaucoup plus pratique que le design traditionnel encombrant d&#8217;\u00e9tirer le poteau puis de le tourner pour le verrouiller.<\/p>\n<p>Chaque section du b\u00e2ton est fermement connect\u00e9e et stable sans tomber.<\/p>\n<p>D\u00e9tails du design : la poign\u00e9e est fabriqu\u00e9e en silicone lisse pour une prise en main confortable et ne cache pas la salet\u00e9.<\/p>\n<p>Le trou de filetage de 6,35 mm sur le fond peut \u00eatre utilis\u00e9 avec un tr\u00e9pied. Dragonne amovible pour que l&#8217;appareil photo ne se perde pas si votre main glisse.<\/p>\n<p>La t\u00eate extensible \u00e0 motifs de 1 cm de large sur le dessus est facile \u00e0 \u00e9tirer.<\/p>\n<p>\u3010Fonction invisible\u3011La perche \u00e0 selfie fonctionne parfaitement avec la fonction invisible de l&#8217;appareil photo Insta 360 pour capturer toutes sortes de photos et de vid\u00e9os cool et cr\u00e9atives.<\/p>\n<p>Remarque : cela ne fonctionne qu&#8217;avec les cam\u00e9ras Insta 360 avec la fonction invisible.<\/p>\n<p>\u3010Largement compatible\u3011Le monopode a une vis de 6,35 mm sur le dessus et est livr\u00e9 avec un adaptateur GoPro.<\/p>\n<p>Largement compatible avec Go Pro Hero 11\/10\/9\/8\/7 One XR\/RS\/GO 2 DJI Osmo Action et d&#8217;autres cam\u00e9ras de sport.<\/p>\n<p>L&#8217;achat suppl\u00e9mentaire de l&#8217;adaptateur ULANZI OA-11\/13 est compatible avec DJI Action 2<\/p>","protected":false},"excerpt":{"rendered":"<p>Perche \u00e0 Selfie de 120 cm ULANZI MT-58 &#8211; L\u00e9ger et robuste pour des selfies parfaits!<\/p>\n<p>&#8211; Longueur de stockage de 29 cm et 172 g<\/p>\n<p>&#8211; Parfait pour les selfies et les sports extr\u00eames<\/p>\n<p>&#8211; Design avec amortissement puissant pour une stabilit\u00e9 optimale<\/p>\n<p>&#8211; Poign\u00e9e en silicone pour une prise confortable<\/p>\n<p>&#8211; Compatible avec Insta 360, GoPro, DJI Osmo Action<\/p>\n<p>&#8211; Adaptateur ULANZI OA-11\/13 disponible pour DJI Action 2<\/p>","protected":false},"featured_media":22441,"comment_status":"open","ping_status":"closed","template":"","meta":[],"product_brand":[436],"product_cat":[431,203,126],"product_tag":[432],"class_list":{"0":"post-22167","1":"product","2":"type-product","3":"status-publish","4":"has-post-thumbnail","6":"product_brand-ulanzi","7":"product_cat-bulk","8":"product_cat-accessoires","9":"product_cat-produits-divers","10":"product_tag-brand-ulanzi","12":"first","13":"instock","14":"purchasable","15":"product-type-simple"},"jetpack_sharing_enabled":true,"_links":{"self":[{"href":"https:\/\/yahyaouishop.com\/fr\/wp-json\/wp\/v2\/product\/22167","targetHints":{"allow":["GET"]}}],"collection":[{"href":"https:\/\/yahyaouishop.com\/fr\/wp-json\/wp\/v2\/product"}],"about":[{"href":"https:\/\/yahyaouishop.com\/fr\/wp-json\/wp\/v2\/types\/product"}],"replies":[{"embeddable":true,"href":"https:\/\/yahyaouishop.com\/fr\/wp-json\/wp\/v2\/comments?post=22167"}],"version-history":[{"count":2,"href":"https:\/\/yahyaouishop.com\/fr\/wp-json\/wp\/v2\/product\/22167\/revisions"}],"predecessor-version":[{"id":22442,"href":"https:\/\/yahyaouishop.com\/fr\/wp-json\/wp\/v2\/product\/22167\/revisions\/22442"}],"wp:featuredmedia":[{"embeddable":true,"href":"https:\/\/yahyaouishop.com\/fr\/wp-json\/wp\/v2\/media\/22441"}],"wp:attachment":[{"href":"https:\/\/yahyaouishop.com\/fr\/wp-json\/wp\/v2\/media?parent=22167"}],"wp:term":[{"taxonomy":"product_brand","embeddable":true,"href":"https:\/\/yahyaouishop.com\/fr\/wp-json\/wp\/v2\/product_brand?post=22167"},{"taxonomy":"product_cat","embeddable":true,"href":"https:\/\/yahyaouishop.com\/fr\/wp-json\/wp\/v2\/product_cat?post=22167"},{"taxonomy":"product_tag","embeddable":true,"href":"https:\/\/yahyaouishop.com\/fr\/wp-json\/wp\/v2\/product_tag?post=22167"}],"curies":[{"name":"wp","href":"https:\/\/api.w.org\/{rel}","templated":true}]}}