{"id":22165,"date":"2025-06-27T20:45:30","date_gmt":"2025-06-27T19:45:30","guid":{"rendered":"https:\/\/yahyaouishop.com\/?post_type=product&#038;p=22165"},"modified":"2025-12-29T13:39:37","modified_gmt":"2025-12-29T12:39:37","slug":"ulanzi-fog-juice-liquide-a-fumee-60-ml-pour-machine-filmog","status":"publish","type":"product","link":"https:\/\/yahyaouishop.com\/fr\/produit\/ulanzi-fog-juice-liquide-a-fumee-60-ml-pour-machine-filmog\/","title":{"rendered":"Ulanzi Fog Juice \u2013 Liquide \u00e0 fum\u00e9e 60\u202fmL pour machine FILMOG"},"content":{"rendered":"<p>Ulanzi Fog Juice \u2013 Liquide \u00e0 fum\u00e9e 60\u202fmL pour machine FILMOG<\/p>\n<p>Le Ulanzi Fog Juice est un liquide \u00e0 fum\u00e9e de haute qualit\u00e9, sp\u00e9cialement con\u00e7u pour les machines \u00e0 fum\u00e9e FILMOG de la marque Ulanzi. Fabriqu\u00e9 \u00e0 partir d\u2019ingr\u00e9dients 100\u202f% organiques, il g\u00e9n\u00e8re une fum\u00e9e dense avec une excellente tenue et dispersion, sans odeur, sans r\u00e9sidus et sans danger.<\/p>\n<p>Id\u00e9al pour la photographie, les vid\u00e9os, les effets sc\u00e9niques, les \u00e9v\u00e9nements en plein air, les mariages, Halloween, ou encore pour sublimer vos jeux de lumi\u00e8re.<\/p>\n<p>Caract\u00e9ristiques principales :<\/p>\n<p>Flacon de 60\u202fmL de fluide \u00e0 base d\u2019eau<\/p>\n<p>Non toxique, ininflammable et sans odeur<\/p>\n<p>G\u00e9n\u00e8re une fum\u00e9e dense avec bonne tenue dans l\u2019air<\/p>\n<p>Ne tache pas et ne laisse aucun r\u00e9sidu<\/p>\n<p>Compatible exclusivement avec les machines \u00e0 fum\u00e9e Ulanzi FILMOG<\/p>\n<p>Fabriqu\u00e9 avec des ingr\u00e9dients de qualit\u00e9 pharmaceutique : Glyc\u00e9rine v\u00e9g\u00e9tale (VG) et Propyl\u00e8ne glycol (PG)<\/p>","protected":false},"excerpt":{"rendered":"<p>Ulanzi Fog Juice \u2013 Liquide \u00e0 fum\u00e9e 60\u202fmL pour machine FILMOG<\/p>\n<p>\u2022 Liquide \u00e0 fum\u00e9e de haute qualit\u00e9 pour machines FILMOG<\/p>\n<p>\u2022 Fabriqu\u00e9 avec des ingr\u00e9dients 100\u202f% organiques<\/p>\n<p>\u2022 G\u00e9n\u00e8re une fum\u00e9e dense sans odeur ni r\u00e9sidus<\/p>\n<p>\u2022 Id\u00e9al pour la photographie, les vid\u00e9os, et les \u00e9v\u00e9nements sp\u00e9ciaux<\/p>\n<p>\u2022 Flacon de 60\u202fmL de fluide non toxique et ininflammable<\/p>","protected":false},"featured_media":22435,"comment_status":"open","ping_status":"closed","template":"","meta":[],"product_brand":[436],"product_cat":[431,203,126],"product_tag":[432],"class_list":{"0":"post-22165","1":"product","2":"type-product","3":"status-publish","4":"has-post-thumbnail","6":"product_brand-ulanzi","7":"product_cat-bulk","8":"product_cat-accessoires","9":"product_cat-produits-divers","10":"product_tag-brand-ulanzi","12":"first","13":"instock","14":"purchasable","15":"product-type-simple"},"jetpack_sharing_enabled":true,"_links":{"self":[{"href":"https:\/\/yahyaouishop.com\/fr\/wp-json\/wp\/v2\/product\/22165","targetHints":{"allow":["GET"]}}],"collection":[{"href":"https:\/\/yahyaouishop.com\/fr\/wp-json\/wp\/v2\/product"}],"about":[{"href":"https:\/\/yahyaouishop.com\/fr\/wp-json\/wp\/v2\/types\/product"}],"replies":[{"embeddable":true,"href":"https:\/\/yahyaouishop.com\/fr\/wp-json\/wp\/v2\/comments?post=22165"}],"version-history":[{"count":2,"href":"https:\/\/yahyaouishop.com\/fr\/wp-json\/wp\/v2\/product\/22165\/revisions"}],"predecessor-version":[{"id":29544,"href":"https:\/\/yahyaouishop.com\/fr\/wp-json\/wp\/v2\/product\/22165\/revisions\/29544"}],"wp:featuredmedia":[{"embeddable":true,"href":"https:\/\/yahyaouishop.com\/fr\/wp-json\/wp\/v2\/media\/22435"}],"wp:attachment":[{"href":"https:\/\/yahyaouishop.com\/fr\/wp-json\/wp\/v2\/media?parent=22165"}],"wp:term":[{"taxonomy":"product_brand","embeddable":true,"href":"https:\/\/yahyaouishop.com\/fr\/wp-json\/wp\/v2\/product_brand?post=22165"},{"taxonomy":"product_cat","embeddable":true,"href":"https:\/\/yahyaouishop.com\/fr\/wp-json\/wp\/v2\/product_cat?post=22165"},{"taxonomy":"product_tag","embeddable":true,"href":"https:\/\/yahyaouishop.com\/fr\/wp-json\/wp\/v2\/product_tag?post=22165"}],"curies":[{"name":"wp","href":"https:\/\/api.w.org\/{rel}","templated":true}]}}