{"id":22164,"date":"2025-06-27T20:45:30","date_gmt":"2025-06-27T19:45:30","guid":{"rendered":"https:\/\/yahyaouishop.com\/?post_type=product&#038;p=22164"},"modified":"2025-10-01T01:07:50","modified_gmt":"2025-10-01T00:07:50","slug":"ulanzi-folding-tool-set-with-screwdrivers-and-wrenches","status":"publish","type":"product","link":"https:\/\/yahyaouishop.com\/fr\/produit\/ulanzi-folding-tool-set-with-screwdrivers-and-wrenches\/","title":{"rendered":"ULANZI FOLDING TOOL SET WITH SCREWDRIVERS AND WRENCHES"},"content":{"rendered":"<p>Ulanzi Folding Tool Set With Screwdrivers And Wrenches<\/p>\n<p>Caract\u00e9ristiques<\/p>\n<p>Ensemble d&#8217;outils de tournevis 9 en 1 : comprend 2 tournevis \u00e0 t\u00eate plate, 1,5, 2, 2,5, 3, 4 mm et 2 tournevis cruciformes.<\/p>\n<p>Trous filet\u00e9s suppl\u00e9mentaires : Comprend des trous filet\u00e9s suppl\u00e9mentaires M3, M4, M5, 1\/4 sur le c\u00f4t\u00e9 pour ranger les vis de rechange.<\/p>\n<p>Construction enti\u00e8rement m\u00e9tallique : les cl\u00e9s et les tournevis sont en acier inoxydable massif et les plaques lat\u00e9rales sont en alliage d&#8217;aluminium robuste<\/p>\n<p>Facile \u00e0 transporter : il est compact et facile \u00e0 transporter, \u00e9vitant ainsi la perte de petites cl\u00e9s et de tournevis<\/p>\n<p>Caract\u00e9ristiques<\/p>\n<p>Mod\u00e8les : CM029<\/p>\n<p>Compatibilit\u00e9 : Universelle<\/p>\n<p>Mat\u00e9riaux : acier inoxydable + alliage d&#8217;aluminium<\/p>\n<p>Dimensions (L x l x H) : 85 x 12 x 29,5 mm \/ 3,34 x 0,47 x 1,16 pouces<\/p>\n<p>Poids net : 80 g<\/p>\n<p>Le forfait comprend : 1 ensemble d&#8217;outils pliants Ulanzi<\/p>","protected":false},"excerpt":{"rendered":"<p>Ensemble d&#8217;outils de tournevis 9 en 1 &#8211; M\u00e9tal robuste, facile \u00e0 transporter<\/p>\n<p>&#8211; Tournevis et cl\u00e9s en acier inoxydable avec plaques lat\u00e9rales en alliage d&#8217;aluminium<\/p>\n<p>&#8211; Compact et facile \u00e0 transporter, \u00e9vitant la perte des petits outils<\/p>\n<p>&#8211; Comprend des trous filet\u00e9s suppl\u00e9mentaires pour le rangement des vis de rechange<\/p>\n<p>&#8211; Mod\u00e8le: CM029, Compatibilit\u00e9 universelle<\/p>\n<p>&#8211; Dimensions: 85 x 12 x 29,5 mm, Poids net: 80 g<\/p>\n<p>&#8211; Id\u00e9al pour tous vos besoins de r\u00e9paration et de bricolage<\/p>","protected":false},"featured_media":22426,"comment_status":"open","ping_status":"closed","template":"","meta":[],"product_brand":[436],"product_cat":[431,203,126],"product_tag":[432],"class_list":{"0":"post-22164","1":"product","2":"type-product","3":"status-publish","4":"has-post-thumbnail","6":"product_brand-ulanzi","7":"product_cat-bulk","8":"product_cat-accessoires","9":"product_cat-produits-divers","10":"product_tag-brand-ulanzi","12":"first","13":"instock","14":"purchasable","15":"product-type-simple"},"jetpack_sharing_enabled":true,"_links":{"self":[{"href":"https:\/\/yahyaouishop.com\/fr\/wp-json\/wp\/v2\/product\/22164","targetHints":{"allow":["GET"]}}],"collection":[{"href":"https:\/\/yahyaouishop.com\/fr\/wp-json\/wp\/v2\/product"}],"about":[{"href":"https:\/\/yahyaouishop.com\/fr\/wp-json\/wp\/v2\/types\/product"}],"replies":[{"embeddable":true,"href":"https:\/\/yahyaouishop.com\/fr\/wp-json\/wp\/v2\/comments?post=22164"}],"version-history":[{"count":1,"href":"https:\/\/yahyaouishop.com\/fr\/wp-json\/wp\/v2\/product\/22164\/revisions"}],"predecessor-version":[{"id":22216,"href":"https:\/\/yahyaouishop.com\/fr\/wp-json\/wp\/v2\/product\/22164\/revisions\/22216"}],"wp:featuredmedia":[{"embeddable":true,"href":"https:\/\/yahyaouishop.com\/fr\/wp-json\/wp\/v2\/media\/22426"}],"wp:attachment":[{"href":"https:\/\/yahyaouishop.com\/fr\/wp-json\/wp\/v2\/media?parent=22164"}],"wp:term":[{"taxonomy":"product_brand","embeddable":true,"href":"https:\/\/yahyaouishop.com\/fr\/wp-json\/wp\/v2\/product_brand?post=22164"},{"taxonomy":"product_cat","embeddable":true,"href":"https:\/\/yahyaouishop.com\/fr\/wp-json\/wp\/v2\/product_cat?post=22164"},{"taxonomy":"product_tag","embeddable":true,"href":"https:\/\/yahyaouishop.com\/fr\/wp-json\/wp\/v2\/product_tag?post=22164"}],"curies":[{"name":"wp","href":"https:\/\/api.w.org\/{rel}","templated":true}]}}