{"id":22163,"date":"2025-06-27T20:45:30","date_gmt":"2025-06-27T19:45:30","guid":{"rendered":"https:\/\/yahyaouishop.com\/?post_type=product&#038;p=22163"},"modified":"2025-10-01T01:07:49","modified_gmt":"2025-10-01T00:07:49","slug":"ulanzi-compact-tube-light","status":"publish","type":"product","link":"https:\/\/yahyaouishop.com\/fr\/produit\/ulanzi-compact-tube-light\/","title":{"rendered":"ULANZI COMPACT TUBE LIGHT"},"content":{"rendered":"<p>Ulanzi Compact Tube Light<\/p>\n<p>Caract\u00e9ristiques<\/p>\n<p>Lampe multifonction ultra-compacte de 3,9 pouces<\/p>\n<p>S\u00e9lection des couleurs RVB Mode HSI<\/p>\n<p>Temp\u00e9rature de couleur de 2500 \u00e0 9000K<\/p>\n<p>20 effets int\u00e9gr\u00e9s<\/p>\n<p>Fixation magn\u00e9tique et 1\/4&#8243;-20 : Il peut \u00eatre fix\u00e9 magn\u00e9tiquement sur des surfaces m\u00e9talliques ou mont\u00e9 sur divers supports via un filetage 1\/4&#8243;-20 en haut et en bas.<\/p>\n<p>Batterie int\u00e9gr\u00e9e de 2000 mAh : une batterie int\u00e9gr\u00e9e de 2000 mAh offre jusqu&#8217;\u00e0 90 minutes d&#8217;autonomie et est rechargeable en environ 2,5 heures \u00e0 l&#8217;aide d&#8217;un c\u00e2ble de chargement USB inclus.<\/p>\n<p>Sp\u00e9cification<\/p>\n<p>Temp\u00e9rature de couleur : 2500 \u00e0 9000K<\/p>\n<p>Modes de couleur : RVB<\/p>\n<p>Entr\u00e9es\/Sorties : 1 entr\u00e9e d&#8217;alimentation USB-C<\/p>\n<p>Batterie : 1 x rechargeable, 3,7 VDC, 2 000 mAh (int\u00e9gr\u00e9e)<\/p>\n<p>Chargement de la batterie : c\u00e2ble de charge (inclus)<\/p>\n<p>Consommation \u00e9lectrique : 6 W<\/p>\n<p>Montage du luminaire : 1 x filetage femelle 1\/4&#8243;-20 et magn\u00e9tique<\/p>","protected":false},"excerpt":{"rendered":"<p>Lampe Tube Compacte Ulanzi &#8211; Caract\u00e9ristiques et Sp\u00e9cifications<\/p>\n<p>\u2022 Lampe multifonction ultra-compacte de 3,9 pouces<\/p>\n<p>\u2022 Couleurs RVB Mode HSI, Temp\u00e9rature de couleur de 2500 \u00e0 9000K<\/p>\n<p>\u2022 20 effets int\u00e9gr\u00e9s pour une polyvalence accrue<\/p>\n<p>\u2022 Fixation magn\u00e9tique et 1\/4&#8243;-20 pour une installation facile<\/p>\n<p>\u2022 Batterie int\u00e9gr\u00e9e de 2000 mAh pour jusqu&#8217;\u00e0 90 minutes d&#8217;utilisation<\/p>\n<p>\u2022 Rechargeable en 2,5 heures via un c\u00e2ble USB-C inclus<\/p>\n<p>\u2022 Temp\u00e9rature de couleur : 2500 \u00e0 9000K<\/p>\n<p>\u2022 Modes de couleur : RVB<\/p>\n<p>\u2022 Entr\u00e9e : USB-C, Batterie rechargeable : 3,7 VDC, 2 000 mAh<\/p>\n<p>\u2022 Consommation \u00e9lectrique : 6 W, Montage : 1 x filetage femelle 1\/4&#8243;-20 et magn\u00e9tique<\/p>\n<p>Offrez une solution d&#8217;\u00e9clairage compacte et polyvalente avec la Lampe Tube Compacte Ulanzi, id\u00e9ale pour une vari\u00e9t\u00e9 d&#8217;applications.<\/p>","protected":false},"featured_media":22422,"comment_status":"open","ping_status":"closed","template":"","meta":[],"product_brand":[436],"product_cat":[431,203,126],"product_tag":[432],"class_list":{"0":"post-22163","1":"product","2":"type-product","3":"status-publish","4":"has-post-thumbnail","6":"product_brand-ulanzi","7":"product_cat-bulk","8":"product_cat-accessoires","9":"product_cat-produits-divers","10":"product_tag-brand-ulanzi","12":"first","13":"instock","14":"purchasable","15":"product-type-simple"},"jetpack_sharing_enabled":true,"_links":{"self":[{"href":"https:\/\/yahyaouishop.com\/fr\/wp-json\/wp\/v2\/product\/22163","targetHints":{"allow":["GET"]}}],"collection":[{"href":"https:\/\/yahyaouishop.com\/fr\/wp-json\/wp\/v2\/product"}],"about":[{"href":"https:\/\/yahyaouishop.com\/fr\/wp-json\/wp\/v2\/types\/product"}],"replies":[{"embeddable":true,"href":"https:\/\/yahyaouishop.com\/fr\/wp-json\/wp\/v2\/comments?post=22163"}],"version-history":[{"count":2,"href":"https:\/\/yahyaouishop.com\/fr\/wp-json\/wp\/v2\/product\/22163\/revisions"}],"predecessor-version":[{"id":22425,"href":"https:\/\/yahyaouishop.com\/fr\/wp-json\/wp\/v2\/product\/22163\/revisions\/22425"}],"wp:featuredmedia":[{"embeddable":true,"href":"https:\/\/yahyaouishop.com\/fr\/wp-json\/wp\/v2\/media\/22422"}],"wp:attachment":[{"href":"https:\/\/yahyaouishop.com\/fr\/wp-json\/wp\/v2\/media?parent=22163"}],"wp:term":[{"taxonomy":"product_brand","embeddable":true,"href":"https:\/\/yahyaouishop.com\/fr\/wp-json\/wp\/v2\/product_brand?post=22163"},{"taxonomy":"product_cat","embeddable":true,"href":"https:\/\/yahyaouishop.com\/fr\/wp-json\/wp\/v2\/product_cat?post=22163"},{"taxonomy":"product_tag","embeddable":true,"href":"https:\/\/yahyaouishop.com\/fr\/wp-json\/wp\/v2\/product_tag?post=22163"}],"curies":[{"name":"wp","href":"https:\/\/api.w.org\/{rel}","templated":true}]}}