{"id":22161,"date":"2025-06-27T20:45:30","date_gmt":"2025-06-27T19:45:30","guid":{"rendered":"https:\/\/yahyaouishop.com\/?post_type=product&#038;p=22161"},"modified":"2025-10-01T01:07:47","modified_gmt":"2025-10-01T00:07:47","slug":"ulanzi-camera-cooling-fan-for-sony-canon-fujifilm-black","status":"publish","type":"product","link":"https:\/\/yahyaouishop.com\/fr\/produit\/ulanzi-camera-cooling-fan-for-sony-canon-fujifilm-black\/","title":{"rendered":"ULANZI CAMERA COOLING FAN FOR SONY CANON FUJIFILM BLACK"},"content":{"rendered":"<p>Ulanzi CA25 syst\u00e8me de refroidissement de cam\u00e9ra nouvelle Version ventilateur de refroidissement<\/p>\n<p>de dissipateur de chaleur pour Sony Canon FUJIFILM Nikon ZV-E1 FX30 A7M4 R8 R6 XT4 Z30<\/p>\n<p>Caract\u00e9ristiques :<\/p>\n<p>Refroidissement complet efficace et stable: Efficacit\u00e9 de refroidissement \u00e9lev\u00e9e avec chemin de refroidissement optimis\u00e9 pour une couverture \u00e0 large plage.<\/p>\n<p>Compatible aveccam\u00e9ras telles que Sony ZV-E1\/ZV-1F\/ZV-1\/ZV-E10L\/a7RV\/a7 IV (A7M4)\/a7S III (A7S3)\/A7C\/A7C II\/FX30\/A6700, Canon R10\/R8\/R7\/R6 Mark II\/R5\/90D, FUJIFILM XS10\/XT4\/X-H2S\/X-S20\/X-H2, Nikon Z30 et plus.<\/p>\n<p>Deux modes de fonctionnement: Vous obtenez 2 niveaux de vitesse diff\u00e9rents pour diff\u00e9rents besoins de refroidissement, profitant d&#8217;un fonctionnement silencieux et efficace.<\/p>\n<p>Installation facile: Appuyez sur le ressort jusqu&#8217;\u00e0 ce qu&#8217;il s&#8217;int\u00e8gre parfaitement dans votre appareil photo.(*L&#8217;ancien mod\u00e8le utilise un montage \u00e0 ventouse)<\/p>\n<p>Autonomie de la batterie sans souci avec chargement en d\u00e9placement: Batterie int\u00e9gr\u00e9e de 200 mAh, interface Type-C et possibilit\u00e9 de connecter une banque d&#8217;alimentation externe pour le chargement pendant l&#8217;utilisation.<\/p>\n<p>Surveillance en temps r\u00e9el de la temp\u00e9rature et de la vitesse du ventilateur: Conception d&#8217;\u00e9cran OLED de 0,46 pouces, affichage clair de la temp\u00e9rature de la cam\u00e9ra et des niveaux de vitesse du ventilateur.<\/p>\n<p>L\u00e9ger et portable: Seulement 78 g de poids, de la taille d&#8217;une paume, ce qui facilite son rangement et son transport.<\/p>\n<p>Disponible en noir et argent: Alliage d&#8217;aluminium con\u00e7u pour une dissipation efficace de la chaleur et une durabilit\u00e9 am\u00e9lior\u00e9e, avec la finition sabl\u00e9e pour ajouter un look haut de gamme.<\/p>\n<p>Sp\u00e9cifications :<\/p>\n<p>Mod\u00e8le : CA25<\/p>\n<p>Mat\u00e9riau : alliage d&#8217;aluminium.<\/p>\n<p>Poids Net: 78g (Mode am\u00e9lior\u00e9)\/ 58g (Ancien mod\u00e8le)<\/p>\n<p>Dimensions (L xlxh): 92*53*20mm(Mode am\u00e9lior\u00e9) \/72*52.8*15mm(Ancien mod\u00e8le)<\/p>\n<p>Couleur: noir\/argent<\/p>\n<p>Plage de temp\u00e9rature : 23\u00b0C &#8211; 70\u00b0C<\/p>\n<p>Capacit\u00e9 de la batterie : 200 mAh<\/p>\n<p>Autonomie de la batterie (mode 1) : 85 minutes<\/p>\n<p>Autonomie de la batterie (mode 2) : 70 minutes<\/p>\n<p>Compatible :Sony ZV-E1\/ZV-1F\/ZV-1\/ZV-E10L\/a7RV\/a7 IV (A7M4)\/a7S III (A7S3)\/A7C\/FX30\/A6700, Canon R10\/R8\/R7\/R6 Mark II\/R5\/90D, FUJIFILM XS10\/XT4\/X-H2S\/X-S20\/X-H2, Nikon Z30 et plus encore.<\/p>","protected":false},"excerpt":{"rendered":"<p>Ulanzi CA25: Syst\u00e8me de Refroidissement de Cam\u00e9ra Nouvelle Version<\/p>\n<p>&#8211; Refroidissement efficace et stable<\/p>\n<p>&#8211; Compatible avec Sony, Canon, FUJIFILM, Nikon, et plus<\/p>\n<p>&#8211; Deux modes de fonctionnement<\/p>\n<p>&#8211; Installation facile<\/p>\n<p>&#8211; Batterie rechargeable avec chargement en d\u00e9placement<\/p>\n<p>&#8211; Surveillance en temps r\u00e9el de la temp\u00e9rature et de la vitesse du ventilateur<\/p>\n<p>&#8211; L\u00e9ger et portable<\/p>\n<p>&#8211; Disponible en noir et argent<\/p>\n<p>&#8211; Mat\u00e9riau: alliage d&#8217;aluminium<\/p>\n<p>&#8211; Poids Net: 78g<\/p>\n<p>&#8211; Dimensions: 92*53*20mm<\/p>\n<p>&#8211; Plage de temp\u00e9rature: 23\u00b0C &#8211; 70\u00b0C<\/p>\n<p>&#8211; Capacit\u00e9 de la batterie: 200 mAh<\/p>\n<p>&#8211; Autonomie de la batterie: jusqu&#8217;\u00e0 85 minutes<\/p>","protected":false},"featured_media":22418,"comment_status":"open","ping_status":"closed","template":"","meta":[],"product_brand":[436],"product_cat":[431,203,126],"product_tag":[432],"class_list":{"0":"post-22161","1":"product","2":"type-product","3":"status-publish","4":"has-post-thumbnail","6":"product_brand-ulanzi","7":"product_cat-bulk","8":"product_cat-accessoires","9":"product_cat-produits-divers","10":"product_tag-brand-ulanzi","12":"first","13":"instock","14":"purchasable","15":"product-type-simple"},"jetpack_sharing_enabled":true,"_links":{"self":[{"href":"https:\/\/yahyaouishop.com\/fr\/wp-json\/wp\/v2\/product\/22161","targetHints":{"allow":["GET"]}}],"collection":[{"href":"https:\/\/yahyaouishop.com\/fr\/wp-json\/wp\/v2\/product"}],"about":[{"href":"https:\/\/yahyaouishop.com\/fr\/wp-json\/wp\/v2\/types\/product"}],"replies":[{"embeddable":true,"href":"https:\/\/yahyaouishop.com\/fr\/wp-json\/wp\/v2\/comments?post=22161"}],"version-history":[{"count":2,"href":"https:\/\/yahyaouishop.com\/fr\/wp-json\/wp\/v2\/product\/22161\/revisions"}],"predecessor-version":[{"id":22421,"href":"https:\/\/yahyaouishop.com\/fr\/wp-json\/wp\/v2\/product\/22161\/revisions\/22421"}],"wp:featuredmedia":[{"embeddable":true,"href":"https:\/\/yahyaouishop.com\/fr\/wp-json\/wp\/v2\/media\/22418"}],"wp:attachment":[{"href":"https:\/\/yahyaouishop.com\/fr\/wp-json\/wp\/v2\/media?parent=22161"}],"wp:term":[{"taxonomy":"product_brand","embeddable":true,"href":"https:\/\/yahyaouishop.com\/fr\/wp-json\/wp\/v2\/product_brand?post=22161"},{"taxonomy":"product_cat","embeddable":true,"href":"https:\/\/yahyaouishop.com\/fr\/wp-json\/wp\/v2\/product_cat?post=22161"},{"taxonomy":"product_tag","embeddable":true,"href":"https:\/\/yahyaouishop.com\/fr\/wp-json\/wp\/v2\/product_tag?post=22161"}],"curies":[{"name":"wp","href":"https:\/\/api.w.org\/{rel}","templated":true}]}}