{"id":22160,"date":"2025-06-27T20:45:30","date_gmt":"2025-06-27T19:45:30","guid":{"rendered":"https:\/\/yahyaouishop.com\/?post_type=product&#038;p=22160"},"modified":"2025-10-01T01:07:47","modified_gmt":"2025-10-01T00:07:47","slug":"ulanzi-c029-magnetic-head-hoder","status":"publish","type":"product","link":"https:\/\/yahyaouishop.com\/fr\/produit\/ulanzi-c029-magnetic-head-hoder\/","title":{"rendered":"ULANZI C029 MAGNETIC HEAD HODER"},"content":{"rendered":"<p>Ulanzi C029 Magnetic Head Hoder<\/p>\n<p>Compatible with Action Camera, Smartphones, Card Cameras and Fill Light: With a 1\/4&#8243; standard screw, can switch between different devices to meet the needs of a variety of shooting (Tips: Only equipped with GoPro adapter, recommended for devices within 500g)<\/p>\n<p>Powerful Magnetic Force: Upgraded magnetic force with 6 magnets, stable adsorption, not falling off, captures the wonderful moments easily<\/p>\n<p>Soft Silicone Base: Seamless fit, anti-scratch and no paint damage<\/p>\n<p>Ballhead with 360\u00b0 Adjustment: Enjoy the freedom to adjust your shooting angle at will with the spherical ballhead.<\/p>\n<p>Specifications<\/p>\n<p>Model: CO29<\/p>\n<p>Material: ABS+Aluminum alloy+Silicone rubber<\/p>\n<p>Ballhead Size: 78.2 x 70.5 mm<\/p>\n<p>Load Capacity of the Ballhead: 1kg<\/p>\n<p>GoPro Adapter Size: 58.9 x 27 mm<\/p>\n<p>Gross weight: 205g<\/p>\n<p>Package size: 79 x 76 x 65 mm<\/p>","protected":false},"excerpt":{"rendered":"<p>Support polyvalent pour appareils : Compatible avec cam\u00e9ras d&#8217;action, smartphones, cam\u00e9ras de carte et lumi\u00e8re de remplissage<\/p>\n<p>Force magn\u00e9tique puissante : 6 aimants pour une adh\u00e9rence stable, captures faciles des moments merveilleux<\/p>\n<p>Base en silicone souple : Ajustement sans couture, anti-rayures et aucun dommage \u00e0 la peinture<\/p>\n<p>Rotule avec ajustement \u00e0 360\u00b0 : Libert\u00e9 d&#8217;ajuster l&#8217;angle de prise de vue \u00e0 volont\u00e9<\/p>\n<p>Sp\u00e9cifications :<\/p>\n<p>&#8211; Mod\u00e8le : CO29<\/p>\n<p>&#8211; Mat\u00e9riel : ABS + Alliage d&#8217;aluminium + Silicone<\/p>\n<p>&#8211; Taille de la rotule : 78,2 x 70,5 mm<\/p>\n<p>&#8211; Capacit\u00e9 de charge de la rotule : 1 kg<\/p>\n<p>&#8211; Taille de l&#8217;adaptateur GoPro : 58,9 x 27 mm<\/p>\n<p>&#8211; Poids brut : 205 g<\/p>\n<p>&#8211; Taille de l&#8217;emballage : 79 x 76 x 65 mm<\/p>\n<p>Keyphrases (SEO) : Support d&#8217;appareil magn\u00e9tique polyvalent, Force magn\u00e9tique stable, Rotule r\u00e9glable \u00e0 360\u00b0, Base en silicone souple, Compatible avec plusieurs appareils<\/p>","protected":false},"featured_media":22413,"comment_status":"open","ping_status":"closed","template":"","meta":[],"product_brand":[436],"product_cat":[431,203,126],"product_tag":[432],"class_list":{"0":"post-22160","1":"product","2":"type-product","3":"status-publish","4":"has-post-thumbnail","6":"product_brand-ulanzi","7":"product_cat-bulk","8":"product_cat-accessoires","9":"product_cat-produits-divers","10":"product_tag-brand-ulanzi","12":"first","13":"instock","14":"purchasable","15":"product-type-simple"},"jetpack_sharing_enabled":true,"_links":{"self":[{"href":"https:\/\/yahyaouishop.com\/fr\/wp-json\/wp\/v2\/product\/22160","targetHints":{"allow":["GET"]}}],"collection":[{"href":"https:\/\/yahyaouishop.com\/fr\/wp-json\/wp\/v2\/product"}],"about":[{"href":"https:\/\/yahyaouishop.com\/fr\/wp-json\/wp\/v2\/types\/product"}],"replies":[{"embeddable":true,"href":"https:\/\/yahyaouishop.com\/fr\/wp-json\/wp\/v2\/comments?post=22160"}],"version-history":[{"count":2,"href":"https:\/\/yahyaouishop.com\/fr\/wp-json\/wp\/v2\/product\/22160\/revisions"}],"predecessor-version":[{"id":22417,"href":"https:\/\/yahyaouishop.com\/fr\/wp-json\/wp\/v2\/product\/22160\/revisions\/22417"}],"wp:featuredmedia":[{"embeddable":true,"href":"https:\/\/yahyaouishop.com\/fr\/wp-json\/wp\/v2\/media\/22413"}],"wp:attachment":[{"href":"https:\/\/yahyaouishop.com\/fr\/wp-json\/wp\/v2\/media?parent=22160"}],"wp:term":[{"taxonomy":"product_brand","embeddable":true,"href":"https:\/\/yahyaouishop.com\/fr\/wp-json\/wp\/v2\/product_brand?post=22160"},{"taxonomy":"product_cat","embeddable":true,"href":"https:\/\/yahyaouishop.com\/fr\/wp-json\/wp\/v2\/product_cat?post=22160"},{"taxonomy":"product_tag","embeddable":true,"href":"https:\/\/yahyaouishop.com\/fr\/wp-json\/wp\/v2\/product_tag?post=22160"}],"curies":[{"name":"wp","href":"https:\/\/api.w.org\/{rel}","templated":true}]}}