{"id":22157,"date":"2025-06-27T20:45:30","date_gmt":"2025-06-27T19:45:30","guid":{"rendered":"https:\/\/yahyaouishop.com\/?post_type=product&#038;p=22157"},"modified":"2025-10-01T01:07:47","modified_gmt":"2025-10-01T00:07:47","slug":"ulanzi-40w-rgb-cob-fill-light","status":"publish","type":"product","link":"https:\/\/yahyaouishop.com\/fr\/produit\/ulanzi-40w-rgb-cob-fill-light\/","title":{"rendered":"ULANZI 40W RGB COB FILL LIGHT"},"content":{"rendered":"<p>ULANZI 40W RGB COB FILL LIGHT<\/p>\n<p>Ulanzi L024 \u2013 Panneau LED RGB 40W<\/p>\n<p>La lampe Ulanzi L024 est une lumi\u00e8re vid\u00e9o LED portable puissante et polyvalente. Elle offre une large plage de couleurs RGB (0-359\u00b0) et une temp\u00e9rature de couleur r\u00e9glable de 2500\u202fK \u00e0 6500\u202fK, id\u00e9ale pour les cr\u00e9ateurs de contenu, vid\u00e9astes et photographes.<\/p>\n<p>Caract\u00e9ristiques principales :<\/p>\n<p>Puissance jusqu\u2019\u00e0 50\u202fW (mode overclock)<\/p>\n<p>Haute fid\u00e9lit\u00e9 des couleurs : CRI 95+ \/ TLCI 96+<\/p>\n<p>Batterie int\u00e9gr\u00e9e 3400\u202fmAh (jusqu\u2019\u00e0 180\u202fmin d\u2019autonomie)<\/p>\n<p>Recharge rapide via Type-C ou prise DC<\/p>\n<p>20 effets de lumi\u00e8re int\u00e9gr\u00e9s pour la cr\u00e9ativit\u00e9<\/p>\n<p>Poids l\u00e9ger (490\u202fg), facile \u00e0 transporter<\/p>\n<p>R\u00e9glage progressif de l\u2019intensit\u00e9 de 1\u202f% \u00e0 125\u202f%<\/p>\n<p>Parfait pour les tournages en ext\u00e9rieur, en studio ou les interviews, le L024 combine puissance, portabilit\u00e9 et cr\u00e9ativit\u00e9 dans un seul appareil.<\/p>","protected":false},"excerpt":{"rendered":"<p>Lampe vid\u00e9o LED Ulanzi L024 &#8211; Puissante, portable et polyvalente<\/p>\n<p>&#8211; Puissance jusqu\u2019\u00e0 50\u202fW avec CRI 95+ \/ TLCI 96+<\/p>\n<p>&#8211; Batterie int\u00e9gr\u00e9e 3400\u202fmAh, jusqu\u2019\u00e0 180\u202fmin d\u2019autonomie<\/p>\n<p>&#8211; Recharge rapide via Type-C ou prise DC<\/p>\n<p>&#8211; 20 effets de lumi\u00e8re pour la cr\u00e9ativit\u00e9<\/p>\n<p>&#8211; Poids l\u00e9ger (490\u202fg) et r\u00e9glage progressif d\u2019intensit\u00e9<\/p>\n<p>&#8211; Id\u00e9al pour tournages en ext\u00e9rieur, studio, interviews<\/p>","protected":false},"featured_media":22225,"comment_status":"open","ping_status":"closed","template":"","meta":[],"product_brand":[436],"product_cat":[194,142,166],"product_tag":[432],"class_list":{"0":"post-22157","1":"product","2":"type-product","3":"status-publish","4":"has-post-thumbnail","6":"product_brand-ulanzi","7":"product_cat-torches-video","8":"product_cat-eclairages-continues","9":"product_cat-eclairages-et-studio","10":"product_tag-brand-ulanzi","12":"first","13":"outofstock","14":"purchasable","15":"product-type-simple"},"jetpack_sharing_enabled":true,"_links":{"self":[{"href":"https:\/\/yahyaouishop.com\/fr\/wp-json\/wp\/v2\/product\/22157","targetHints":{"allow":["GET"]}}],"collection":[{"href":"https:\/\/yahyaouishop.com\/fr\/wp-json\/wp\/v2\/product"}],"about":[{"href":"https:\/\/yahyaouishop.com\/fr\/wp-json\/wp\/v2\/types\/product"}],"replies":[{"embeddable":true,"href":"https:\/\/yahyaouishop.com\/fr\/wp-json\/wp\/v2\/comments?post=22157"}],"version-history":[{"count":3,"href":"https:\/\/yahyaouishop.com\/fr\/wp-json\/wp\/v2\/product\/22157\/revisions"}],"predecessor-version":[{"id":22233,"href":"https:\/\/yahyaouishop.com\/fr\/wp-json\/wp\/v2\/product\/22157\/revisions\/22233"}],"wp:featuredmedia":[{"embeddable":true,"href":"https:\/\/yahyaouishop.com\/fr\/wp-json\/wp\/v2\/media\/22225"}],"wp:attachment":[{"href":"https:\/\/yahyaouishop.com\/fr\/wp-json\/wp\/v2\/media?parent=22157"}],"wp:term":[{"taxonomy":"product_brand","embeddable":true,"href":"https:\/\/yahyaouishop.com\/fr\/wp-json\/wp\/v2\/product_brand?post=22157"},{"taxonomy":"product_cat","embeddable":true,"href":"https:\/\/yahyaouishop.com\/fr\/wp-json\/wp\/v2\/product_cat?post=22157"},{"taxonomy":"product_tag","embeddable":true,"href":"https:\/\/yahyaouishop.com\/fr\/wp-json\/wp\/v2\/product_tag?post=22157"}],"curies":[{"name":"wp","href":"https:\/\/api.w.org\/{rel}","templated":true}]}}