{"id":22051,"date":"2025-05-29T12:38:49","date_gmt":"2025-05-29T11:38:49","guid":{"rendered":"https:\/\/yahyaouishop.com\/fr\/produit\/dji-mic-mini\/"},"modified":"2026-03-12T14:08:55","modified_gmt":"2026-03-12T14:08:55","slug":"dji-mic-mini","status":"publish","type":"product","link":"https:\/\/yahyaouishop.com\/fr\/produit\/dji-mic-mini\/","title":{"rendered":"DJI MIC MINI"},"content":{"rendered":"<p><span style=\"margin: 0px;padding: 0px;border: 0px;font-style: inherit;font-weight: inherit;font-size: inherit;line-height: inherit;font-family: inherit;vertical-align: baseline;text-decoration: underline\"><strong style=\"margin: 0px;padding: 0px;border: 0px;font-style: inherit;font-weight: 700;font-size: inherit;line-height: inherit;font-family: inherit;vertical-align: baseline\">Description du produit<\/strong><\/span><\/p>\n<div id=\"productDescription\" class=\"a-section a-spacing-small\">\n<p style=\"margin: 0px 0px 15px;padding: 0px;border: 0px;font-style: inherit;font-weight: inherit;font-size: inherit;line-height: inherit;font-family: inherit;vertical-align: baseline\">&nbsp;<\/p>\n<p style=\"margin: 0px 0px 15px;padding: 0px;border: 0px;font-style: inherit;font-weight: inherit;font-size: inherit;line-height: inherit;font-family: inherit;vertical-align: baseline\">D\u00e9couvrez le<span class=\"Apple-converted-space\">&nbsp;<\/span><strong style=\"margin: 0px;padding: 0px;border: 0px;font-style: inherit;font-weight: 700;font-size: inherit;line-height: inherit;font-family: inherit;vertical-align: baseline\">DJI Mic Mini (2 TX + 1 RX)<\/strong><span class=\"Apple-converted-space\">&nbsp;<\/span>de<span class=\"Apple-converted-space\">&nbsp;<\/span><strong style=\"margin: 0px;padding: 0px;border: 0px;font-style: inherit;font-weight: 700;font-size: inherit;line-height: inherit;font-family: inherit;vertical-align: baseline\">DJI<\/strong>, le microphone sans fil ultra-l\u00e9ger qui r\u00e9volutionne vos enregistrements audio avec une qualit\u00e9 exceptionnelle.<\/p>\n<p style=\"margin: 0px 0px 15px;padding: 0px;border: 0px;font-style: inherit;font-weight: inherit;font-size: inherit;line-height: inherit;font-family: inherit;vertical-align: baseline\">Le DJI Mic Mini se distingue par ses performances puissantes et sa transmission stable d\u2019un audio de haute qualit\u00e9. Avec seulement 10 g par \u00e9metteur, il est extr\u00eamement<span class=\"Apple-converted-space\">&nbsp;<\/span><strong style=\"margin: 0px;padding: 0px;border: 0px;font-style: inherit;font-weight: 700;font-size: inherit;line-height: inherit;font-family: inherit;vertical-align: baseline\">l\u00e9ger<\/strong><span class=\"Apple-converted-space\">&nbsp;<\/span>et<span class=\"Apple-converted-space\">&nbsp;<\/span><strong style=\"margin: 0px;padding: 0px;border: 0px;font-style: inherit;font-weight: 700;font-size: inherit;line-height: inherit;font-family: inherit;vertical-align: baseline\">discret<\/strong>. La port\u00e9e de transmission peut atteindre<span class=\"Apple-converted-space\">&nbsp;<\/span><strong style=\"margin: 0px;padding: 0px;border: 0px;font-style: inherit;font-weight: 700;font-size: inherit;line-height: inherit;font-family: inherit;vertical-align: baseline\">jusqu\u2019\u00e0 400 m\u00e8tres<\/strong>, assurant une connectivit\u00e9 sans faille m\u00eame \u00e0 grande distance. \u00c9quip\u00e9 d\u2019une batterie offrant<span class=\"Apple-converted-space\">&nbsp;<\/span><strong style=\"margin: 0px;padding: 0px;border: 0px;font-style: inherit;font-weight: 700;font-size: inherit;line-height: inherit;font-family: inherit;vertical-align: baseline\">jusqu\u2019\u00e0 11,5 heures d\u2019autonomie<\/strong><span class=\"Apple-converted-space\">&nbsp;<\/span>pour le syst\u00e8me, ce microphone est id\u00e9al pour les sessions d&#8217;enregistrement prolong\u00e9es.<\/p>\n<p style=\"margin: 0px 0px 15px;padding: 0px;border: 0px;font-style: inherit;font-weight: inherit;font-size: inherit;line-height: inherit;font-family: inherit;vertical-align: baseline\">Le<span class=\"Apple-converted-space\">&nbsp;<\/span><strong style=\"margin: 0px;padding: 0px;border: 0px;font-style: inherit;font-weight: 700;font-size: inherit;line-height: inherit;font-family: inherit;vertical-align: baseline\">DJI Mic Mini<\/strong><span class=\"Apple-converted-space\">&nbsp;<\/span>propose des fonctionnalit\u00e9s innovantes telles que l&#8217;<strong style=\"margin: 0px;padding: 0px;border: 0px;font-style: inherit;font-weight: 700;font-size: inherit;line-height: inherit;font-family: inherit;vertical-align: baseline\">annulation du bruit \u00e0 deux niveaux<\/strong><span class=\"Apple-converted-space\">&nbsp;<\/span>(intense et basique), permettant une<span class=\"Apple-converted-space\">&nbsp;<\/span><strong style=\"margin: 0px;padding: 0px;border: 0px;font-style: inherit;font-weight: 700;font-size: inherit;line-height: inherit;font-family: inherit;vertical-align: baseline\">clart\u00e9 vocale optimale<\/strong>m\u00eame dans les environnements les plus bruyants. La<span class=\"Apple-converted-space\">&nbsp;<\/span><strong style=\"margin: 0px;padding: 0px;border: 0px;font-style: inherit;font-weight: 700;font-size: inherit;line-height: inherit;font-family: inherit;vertical-align: baseline\">limite automatique<\/strong><span class=\"Apple-converted-space\">&nbsp;<\/span>\u00e9vite l&#8217;\u00e9cr\u00eatage audio, ajustant automatiquement le volume si l&#8217;entr\u00e9e sonore est trop \u00e9lev\u00e9e. De plus, le<span class=\"Apple-converted-space\">&nbsp;<\/span><strong style=\"margin: 0px;padding: 0px;border: 0px;font-style: inherit;font-weight: 700;font-size: inherit;line-height: inherit;font-family: inherit;vertical-align: baseline\">gain peut \u00eatre r\u00e9gl\u00e9 rapidement sur cinq niveaux<\/strong><span class=\"Apple-converted-space\">&nbsp;<\/span>gr\u00e2ce \u00e0 la molette sur le r\u00e9cepteur, offrant une flexibilit\u00e9 maximale pour tous vos besoins d\u2019enregistrement.<\/p>\n<p style=\"margin: 0px 0px 15px;padding: 0px;border: 0px;font-style: inherit;font-weight: inherit;font-size: inherit;line-height: inherit;font-family: inherit;vertical-align: baseline\">Ce<span class=\"Apple-converted-space\">&nbsp;<\/span><strong style=\"margin: 0px;padding: 0px;border: 0px;font-style: inherit;font-weight: 700;font-size: inherit;line-height: inherit;font-family: inherit;vertical-align: baseline\">pack DJI Mic Mini<\/strong><span class=\"Apple-converted-space\">&nbsp;<\/span>inclut deux \u00e9metteurs (TX), un r\u00e9cepteur (RX) et un bo\u00eetier de charge, garantissant une autonomie prolong\u00e9e et une facilit\u00e9 de transport in\u00e9galable. Que vous soyez un cr\u00e9ateur de contenu ou un professionnel de l&#8217;audiovisuel, ce microphone vous offre tout ce dont vous avez besoin pour des enregistrements audio de qualit\u00e9 sup\u00e9rieure. Ne manquez pas cette opportunit\u00e9 d&#8217;am\u00e9liorer vos productions avec le<span class=\"Apple-converted-space\">&nbsp;<\/span><strong style=\"margin: 0px;padding: 0px;border: 0px;font-style: inherit;font-weight: 700;font-size: inherit;line-height: inherit;font-family: inherit;vertical-align: baseline\">DJI Mic Mini<span class=\"Apple-converted-space\">&nbsp;<\/span><\/strong>!<\/p>\n<\/div>","protected":false},"excerpt":{"rendered":"<p>Description du produit &nbsp; D\u00e9couvrez le&nbsp;DJI Mic Mini (2 TX + 1 RX)&nbsp;de&nbsp;DJI, le microphone sans fil ultra-l\u00e9ger qui r\u00e9volutionne<\/p>","protected":false},"featured_media":22049,"comment_status":"open","ping_status":"closed","template":"","meta":[],"product_brand":[480],"product_cat":[188],"product_tag":[232],"class_list":{"0":"post-22051","1":"product","2":"type-product","3":"status-publish","4":"has-post-thumbnail","6":"product_brand-dji","7":"product_cat-son","8":"product_tag-brand-dji","10":"first","11":"outofstock","12":"sale","13":"purchasable","14":"product-type-simple"},"jetpack_sharing_enabled":true,"_links":{"self":[{"href":"https:\/\/yahyaouishop.com\/fr\/wp-json\/wp\/v2\/product\/22051","targetHints":{"allow":["GET"]}}],"collection":[{"href":"https:\/\/yahyaouishop.com\/fr\/wp-json\/wp\/v2\/product"}],"about":[{"href":"https:\/\/yahyaouishop.com\/fr\/wp-json\/wp\/v2\/types\/product"}],"replies":[{"embeddable":true,"href":"https:\/\/yahyaouishop.com\/fr\/wp-json\/wp\/v2\/comments?post=22051"}],"version-history":[{"count":1,"href":"https:\/\/yahyaouishop.com\/fr\/wp-json\/wp\/v2\/product\/22051\/revisions"}],"predecessor-version":[{"id":22849,"href":"https:\/\/yahyaouishop.com\/fr\/wp-json\/wp\/v2\/product\/22051\/revisions\/22849"}],"wp:featuredmedia":[{"embeddable":true,"href":"https:\/\/yahyaouishop.com\/fr\/wp-json\/wp\/v2\/media\/22049"}],"wp:attachment":[{"href":"https:\/\/yahyaouishop.com\/fr\/wp-json\/wp\/v2\/media?parent=22051"}],"wp:term":[{"taxonomy":"product_brand","embeddable":true,"href":"https:\/\/yahyaouishop.com\/fr\/wp-json\/wp\/v2\/product_brand?post=22051"},{"taxonomy":"product_cat","embeddable":true,"href":"https:\/\/yahyaouishop.com\/fr\/wp-json\/wp\/v2\/product_cat?post=22051"},{"taxonomy":"product_tag","embeddable":true,"href":"https:\/\/yahyaouishop.com\/fr\/wp-json\/wp\/v2\/product_tag?post=22051"}],"curies":[{"name":"wp","href":"https:\/\/api.w.org\/{rel}","templated":true}]}}