{"id":22015,"date":"2025-05-22T12:43:27","date_gmt":"2025-05-22T11:43:27","guid":{"rendered":"https:\/\/yahyaouishop.com\/fr\/produit\/lenovo-ps8-2tb-portable-ssd\/"},"modified":"2025-12-11T10:33:25","modified_gmt":"2025-12-11T09:33:25","slug":"lenovo-ps8-2tb-portable-ssd","status":"publish","type":"product","link":"https:\/\/yahyaouishop.com\/fr\/produit\/lenovo-ps8-2tb-portable-ssd\/","title":{"rendered":"Lenovo PS8 2TB Portable SSD"},"content":{"rendered":"<p style=\"margin: 0px 0px 10px;font-size: 14px;font-weight: 400;letter-spacing: 0.005em;line-height: 1.9;font-family: Poppins, sans-serif;font-style: normal;text-align: start;text-indent: 0px;text-transform: none;text-decoration: none\">La solution id\u00e9ale pour un stockage portable et ultra-rapide. Avec des vitesses de lecture qui peuvent atteindre 1&nbsp;050&nbsp;Mo\/s et des vitesses d\u2019\u00e9criture pouvant atteindre 1&nbsp;000&nbsp;Mo\/s, vous pouvez faire du montage comme un pro, m\u00eame pendant vos d\u00e9placements. En outre, de part sa conception compacte et l\u00e9g\u00e8re, vous avez acc\u00e8s \u00e0 une importante capacit\u00e9 de stockage hautes performances, \u00e0 chaque instant et o\u00f9 que vous soyez. Pr\u00e9parez-vous \u00e0 r\u00e9volutionner la fa\u00e7on dont vous travaillez et jouez avec le disque SSD portable Lenovo PS8.<\/p>\n<p style=\"margin: 0px 0px 10px;font-size: 14px;font-weight: 400;letter-spacing: 0.005em;line-height: 1.9;font-family: Poppins, sans-serif;font-style: normal;text-align: start;text-indent: 0px;text-transform: none;text-decoration: none\">&nbsp;<\/p>\n<h2 style=\"--porto-h2-fw: 700;--porto-h2-fs: 27.8571px;--porto-h2-lh: 33.3333px;--porto-h2-ls: normal;margin-top: 0px;margin-bottom: 0.7em;font-weight: 400;line-height: 1.4;font-size: 1.4286em;font-style: normal;font-stretch;font-family: Poppins, sans-serif;font-size-adjust;font-kerning;font-variant-alternates;font-variant-ligatures;font-variant-numeric;font-variant-east-asian;font-variant-position;font-variant-emoji;font-feature-settings;font-optical-sizing;font-variation-settings;color: var(--porto-h2-color,var(--porto-heading-color));letter-spacing: normal;text-align: start;text-indent: 0px;text-transform: none;text-decoration: none\">Sp\u00e9cifications : Disque dur Externe SSD Lenovo PS8 2 To<\/h2>\n<ul class=\"a-unordered-list a-vertical a-spacing-mini\" style=\"padding-left: 2rem;margin-top: 0px;margin-bottom: 1rem;font-family: Poppins, sans-serif;font-size: 13px;font-style: normal;font-weight: 400;letter-spacing: normal;text-align: start;text-indent: 0px;text-transform: none;text-decoration: none\">\n<li class=\"a-spacing-mini\" style=\"line-height: var(--porto-body-lh)\"><span class=\"a-list-item\" style=\"margin-bottom: 0px\">Profitez de vitesses allant jusqu\u2019\u00e0 1050 Mo\/s avec notre port USB 3.2 Gen 2 charg\u00e9 et profitez d\u2019une compatibilit\u00e9 transparente avec diff\u00e9rents appareils avec le c\u00e2ble USB-C vers USB-C de 30 cm.<\/span><\/li>\n<li class=\"a-spacing-mini\" style=\"line-height: var(--porto-body-lh)\"><span class=\"a-list-item\" style=\"margin-bottom: 0px\">Avec cette remarquable solution de stockage qui ne p\u00e8se que 40 g et vous donne la libert\u00e9 d\u2019emporter vos donn\u00e9es partout et \u00e0 tout moment, vous avez votre monde sous la main.<\/span><\/li>\n<li class=\"a-spacing-mini\" style=\"line-height: var(--porto-body-lh);margin-bottom: 0px\"><span class=\"a-list-item\" style=\"margin-bottom: 0px\">Ce Disque dur SSD PS8 2 To offre une durabilit\u00e9 am\u00e9lior\u00e9e par rapport aux disques durs traditionnels. Fabriqu\u00e9 en aluminium massif, il offre une protection et une s\u00e9curit\u00e9 suppl\u00e9mentaires pour vos pr\u00e9cieuses donn\u00e9es.&nbsp;<\/span><\/li>\n<\/ul>\n<p style=\"margin: 0px 0px 10px;font-size: 14px;font-weight: 400;letter-spacing: 0.005em;line-height: 1.9;font-family: Poppins, sans-serif;font-style: normal;text-align: start;text-indent: 0px;text-transform: none;text-decoration: none\">&nbsp;<\/p>\n<p style=\"margin: 0px;font-size: 14px;font-weight: 400;letter-spacing: 0.005em;line-height: 1.9;font-family: Poppins, sans-serif;font-style: normal;text-align: start;text-indent: 0px;text-transform: none;text-decoration: none\">Disque dur SSD&nbsp; Lenovo PS8 2 To .<\/p>","protected":false},"excerpt":{"rendered":"<p>La solution id\u00e9ale pour un stockage portable et ultra-rapide. Avec des vitesses de lecture qui peuvent atteindre 1&nbsp;050&nbsp;Mo\/s et des<\/p>","protected":false},"featured_media":22011,"comment_status":"open","ping_status":"closed","template":"","meta":[],"product_brand":[455],"product_cat":[135],"product_tag":[449],"class_list":{"0":"post-22015","1":"product","2":"type-product","3":"status-publish","4":"has-post-thumbnail","6":"product_brand-yahyaoui-shop","7":"product_cat-stockage","8":"product_tag-yahyaoui-shop","10":"first","11":"outofstock","12":"purchasable","13":"product-type-simple"},"jetpack_sharing_enabled":true,"_links":{"self":[{"href":"https:\/\/yahyaouishop.com\/fr\/wp-json\/wp\/v2\/product\/22015","targetHints":{"allow":["GET"]}}],"collection":[{"href":"https:\/\/yahyaouishop.com\/fr\/wp-json\/wp\/v2\/product"}],"about":[{"href":"https:\/\/yahyaouishop.com\/fr\/wp-json\/wp\/v2\/types\/product"}],"replies":[{"embeddable":true,"href":"https:\/\/yahyaouishop.com\/fr\/wp-json\/wp\/v2\/comments?post=22015"}],"version-history":[{"count":1,"href":"https:\/\/yahyaouishop.com\/fr\/wp-json\/wp\/v2\/product\/22015\/revisions"}],"predecessor-version":[{"id":23426,"href":"https:\/\/yahyaouishop.com\/fr\/wp-json\/wp\/v2\/product\/22015\/revisions\/23426"}],"wp:featuredmedia":[{"embeddable":true,"href":"https:\/\/yahyaouishop.com\/fr\/wp-json\/wp\/v2\/media\/22011"}],"wp:attachment":[{"href":"https:\/\/yahyaouishop.com\/fr\/wp-json\/wp\/v2\/media?parent=22015"}],"wp:term":[{"taxonomy":"product_brand","embeddable":true,"href":"https:\/\/yahyaouishop.com\/fr\/wp-json\/wp\/v2\/product_brand?post=22015"},{"taxonomy":"product_cat","embeddable":true,"href":"https:\/\/yahyaouishop.com\/fr\/wp-json\/wp\/v2\/product_cat?post=22015"},{"taxonomy":"product_tag","embeddable":true,"href":"https:\/\/yahyaouishop.com\/fr\/wp-json\/wp\/v2\/product_tag?post=22015"}],"curies":[{"name":"wp","href":"https:\/\/api.w.org\/{rel}","templated":true}]}}