{"id":21929,"date":"2025-05-16T13:27:11","date_gmt":"2025-05-16T12:27:11","guid":{"rendered":"https:\/\/yahyaouishop.com\/?post_type=product&#038;p=21929"},"modified":"2025-10-01T01:07:45","modified_gmt":"2025-10-01T00:07:45","slug":"microphone-professionnel-rode-nt-usb","status":"publish","type":"product","link":"https:\/\/yahyaouishop.com\/fr\/produit\/microphone-professionnel-rode-nt-usb\/","title":{"rendered":"Microphone professionnel Rode NT-USB+"},"content":{"rendered":"<p>Le NT-USB+ est un microphone professionnel USB qui rend la capture d&#8217;un son de qualit\u00e9 studio extr\u00eamement simple. S&#8217;appuyant sur l&#8217;h\u00e9ritage du l\u00e9gendaire NT-USB avec des fonctionnalit\u00e9s de nouvelle g\u00e9n\u00e9ration, il excelle dans une grande vari\u00e9t\u00e9 d&#8217;applications, de l&#8217;enregistrement musical au podcasting et au streaming. Offrant une qualit\u00e9 audio impeccable avec une facilit\u00e9 d&#8217;utilisation incroyable et des fonctionnalit\u00e9s haut de gamme, le NT-USB+ vous fera sonner comme un pro en quelques secondes.<\/p>","protected":false},"excerpt":{"rendered":"<p>Le NT-USB+ est un microphone professionnel USB qui rend la capture d&#8217;un son de qualit\u00e9 studio extr\u00eamement simple. S&#8217;appuyant sur<\/p>","protected":false},"featured_media":21930,"comment_status":"open","ping_status":"closed","template":"","meta":[],"product_brand":[500],"product_cat":[188],"product_tag":[235],"class_list":{"0":"post-21929","1":"product","2":"type-product","3":"status-publish","4":"has-post-thumbnail","6":"product_brand-rode","7":"product_cat-son","8":"product_tag-brand-rode","10":"first","11":"instock","12":"purchasable","13":"product-type-simple"},"jetpack_sharing_enabled":true,"_links":{"self":[{"href":"https:\/\/yahyaouishop.com\/fr\/wp-json\/wp\/v2\/product\/21929","targetHints":{"allow":["GET"]}}],"collection":[{"href":"https:\/\/yahyaouishop.com\/fr\/wp-json\/wp\/v2\/product"}],"about":[{"href":"https:\/\/yahyaouishop.com\/fr\/wp-json\/wp\/v2\/types\/product"}],"replies":[{"embeddable":true,"href":"https:\/\/yahyaouishop.com\/fr\/wp-json\/wp\/v2\/comments?post=21929"}],"version-history":[{"count":1,"href":"https:\/\/yahyaouishop.com\/fr\/wp-json\/wp\/v2\/product\/21929\/revisions"}],"predecessor-version":[{"id":21938,"href":"https:\/\/yahyaouishop.com\/fr\/wp-json\/wp\/v2\/product\/21929\/revisions\/21938"}],"wp:featuredmedia":[{"embeddable":true,"href":"https:\/\/yahyaouishop.com\/fr\/wp-json\/wp\/v2\/media\/21930"}],"wp:attachment":[{"href":"https:\/\/yahyaouishop.com\/fr\/wp-json\/wp\/v2\/media?parent=21929"}],"wp:term":[{"taxonomy":"product_brand","embeddable":true,"href":"https:\/\/yahyaouishop.com\/fr\/wp-json\/wp\/v2\/product_brand?post=21929"},{"taxonomy":"product_cat","embeddable":true,"href":"https:\/\/yahyaouishop.com\/fr\/wp-json\/wp\/v2\/product_cat?post=21929"},{"taxonomy":"product_tag","embeddable":true,"href":"https:\/\/yahyaouishop.com\/fr\/wp-json\/wp\/v2\/product_tag?post=21929"}],"curies":[{"name":"wp","href":"https:\/\/api.w.org\/{rel}","templated":true}]}}