{"id":21876,"date":"2025-04-26T19:02:06","date_gmt":"2025-04-26T18:02:06","guid":{"rendered":"https:\/\/yahyaouishop.com\/?post_type=product&#038;p=21876"},"modified":"2025-10-31T12:43:59","modified_gmt":"2025-10-31T11:43:59","slug":"rode-podmic-microphone-dynamique-de-podcast","status":"publish","type":"product","link":"https:\/\/yahyaouishop.com\/fr\/produit\/rode-podmic-microphone-dynamique-de-podcast\/","title":{"rendered":"Rode PodMic \u2013 Microphone dynamique de podcast"},"content":{"rendered":"<p>Rode PodMic -Microphone dynamique de podcast<\/p>\n<div class=\"sticky-nav\" data-navtext=\"Vue d\u2019ensemble\">\n<div id=\"module_3\" class=\"module-row container product-summary\">\n<div class=\"d-lg-flex\">\n<div class=\"col-lg-6 order-2\">\n<div class=\"rode-text\">\n<div class=\"product-summary-text mt-5\">\n<p>Le PodMic est un microphone dynamique de qualit\u00e9 professionnelle optimis\u00e9 pour des performances incroyables dans le podcasting, le livestreaming et d\u2019autres applications vocales. Offrant un son riche et haute d\u00e9finition, avec un filtre anti-pop interne pour minimiser les plosives, une fixation antichoc interne pour r\u00e9duire les vibrations et un support pivotant pour un positionnement facile, le PodMic fera passer votre contenu \u00e0 un niveau sup\u00e9rieur.<\/p>\n<p>&nbsp;<\/p>\n<h4>Principales caract\u00e9ristiques :<\/h4>\n<ul>\n<li>Microphone dynamique de qualit\u00e9 professionnelle<\/li>\n<li>Son riche et d\u00e9taill\u00e9, optimis\u00e9 pour le podcasting, le livestreaming et d\u2019autres applications vocales<\/li>\n<li>Filtre anti-pop interne, fixation antichoc et support pivotant int\u00e9gr\u00e9<\/li>\n<li>Conception solide enti\u00e8rement en m\u00e9tal<\/li>\n<\/ul>\n<p>&nbsp;<\/p>\n<\/div>\n<\/div>\n<\/div>\n<\/div>\n<\/div>\n<\/div>\n<div id=\"module_4\" class=\"module-row horizontal-rule\">\n<div class=\"rode-generic-html container\">\n<div class=\"row\">\n<div class=\"col-12\">\n<hr class=\"section-break\" \/>\n<\/div>\n<\/div>\n<\/div>\n<\/div>\n<div id=\"module_5\" class=\"module-row rode-text-image container\">\n<div class=\"d-lg-flex\">\n<div class=\"col-lg-6 order-1 align-self-center\">\n<div class=\"rode-text\">\n<h4>Trouvez votre voix et assumez-la<\/h4>\n<p>Le PodMic est un microphone \u00e0 captation frontale de qualit\u00e9 professionnelle, optimis\u00e9 pour le streaming, le podcasting et d\u2019autres applications vocales, telles que l\u2019enregistrement de voix off et les jeux. Il est dot\u00e9 d\u2019un filtre anti-pop int\u00e9gr\u00e9, qui permet d\u2019obtenir facilement ce son \u00ab radio \u00bb classique que l\u2019on entend sur les meilleurs podcasts du monde, et d\u2019un support pivotant int\u00e9gr\u00e9, qui vous permet de positionner votre microphone exactement l\u00e0 o\u00f9 vous le souhaitez. Trouvez votre voix avec le PodMic.<\/p>\n<\/div>\n<\/div>\n<div class=\"col-lg-6 order-2 align-self-center\">\n<div class=\"rode-image\"><img decoding=\"async\" class=\"img-fluid w-100\" src=\"https:\/\/rode.com\/assets\/images%2Fpage%2F1869%2Fmodules%2F4588%2Frode-podmic-module-01-january-2022-8192x5464-rgb-1080x1080-98402f3.jpg\" alt=\"Man talking into PodMic and wearing NTH-100\" width=\"437\" height=\"437\" title=\"\"><\/div>\n<\/div>\n<\/div>\n<\/div>\n<div id=\"module_6\" class=\"module-row horizontal-rule\">\n<div class=\"rode-generic-html container\">\n<div class=\"row\">\n<div class=\"col-12\">\n<hr class=\"section-break\" \/>\n<\/div>\n<\/div>\n<\/div>\n<\/div>\n<div id=\"module_7\" class=\"module-row rode-text-image container\">\n<div class=\"d-lg-flex\">\n<div class=\"col-lg-6 order-2 align-self-center\">\n<div class=\"rode-text\">\n<h4>Son radiophonique, pr\u00eat pour les ondes<\/h4>\n<p>Le PodMic est un microphone \u00e0 captation frontale de qualit\u00e9 professionnelle qui offre une qualit\u00e9 sonore exceptionnelle pour toutes les applications vocales, qu\u2019il s\u2019agisse de faire du livestreaming sur Twitch ou d\u2019enregistrer un podcast professionnel. Dot\u00e9 d\u2019une capsule dynamique de haute qualit\u00e9, le PodMic capture chaque d\u00e9tail de votre voix avec richesse et profondeur, avec un diagramme supercardio\u00efde offrant une r\u00e9jection sup\u00e9rieure du bruit ambiant. Cela permet d\u2019obtenir d\u2019excellentes performances dans des environnements d\u2019enregistrement moins favorables et de rester sous les feux de la rampe.<\/p>\n<\/div>\n<\/div>\n<div class=\"col-lg-6 order-1 align-self-top\">\n<div class=\"rode-image\"><img decoding=\"async\" class=\"img-fluid w-100\" src=\"https:\/\/rode.com\/assets\/images%2Fpage%2F1869%2Fmodules%2F4589%2Frode-rodecaster-pro-II-insitu-podcasting-hero-with-talent-8192x5464-rgb-1080x1080-a94a389.jpg\" alt=\"Two podcasters wearing NTH-100 recording on R\u00d8DECaster Pro II with PodMic on DS1\" width=\"436\" height=\"436\" title=\"\"><\/div>\n<\/div>\n<\/div>\n<\/div>\n<div id=\"module_8\" class=\"module-row horizontal-rule\">\n<div class=\"rode-generic-html container\">\n<div class=\"row\">\n<div class=\"col-12\">\n<hr class=\"section-break\" \/>\n<\/div>\n<\/div>\n<\/div>\n<\/div>\n<div id=\"module_9\" class=\"module-row rode-text-image container\">\n<div class=\"d-lg-flex\">\n<div class=\"col-lg-6 order-1 align-self-center\">\n<div class=\"rode-text\">\n<h4>Des looks \u00e9pur\u00e9s. Construit pour durer<\/h4>\n<p>Le PodMic offre une apparence \u00e9l\u00e9gante et une pr\u00e9sentation compacte qui en fait le compl\u00e9ment parfait de toute installation de podcasting et de streaming. Sa grille en acier inoxydable et son bo\u00eetier robuste tout en m\u00e9tal lui permettent de r\u00e9sister aux rigueurs de l\u2019enregistrement \u00e0 long terme. Dire de lui qu\u2019il est aussi solide qu\u2019un tank est un euph\u00e9misme.<\/p>\n<\/div>\n<\/div>\n<div class=\"col-lg-6 order-2 align-self-top\">\n<div class=\"rode-image\"><img decoding=\"async\" class=\"img-fluid w-100\" src=\"https:\/\/rode.com\/assets\/images%2Fpage%2F1869%2Fmodules%2F4591%2Frode-podmic-module-03-january-2022-8192x5464-rgb-1080x1080-69309f0.jpg\" alt=\"Girl wearing NTH-100 and talking into PodMic whilst gaming\" width=\"448\" height=\"448\" title=\"\"><\/div>\n<\/div>\n<\/div>\n<\/div>","protected":false},"excerpt":{"rendered":"<p>Rode PodMic -Microphone dynamique de podcast Le PodMic est un microphone dynamique de qualit\u00e9 professionnelle optimis\u00e9 pour des performances incroyables<\/p>","protected":false},"featured_media":21877,"comment_status":"open","ping_status":"closed","template":"","meta":[],"product_brand":[500],"product_cat":[188],"product_tag":[235],"class_list":{"0":"post-21876","1":"product","2":"type-product","3":"status-publish","4":"has-post-thumbnail","6":"product_brand-rode","7":"product_cat-son","8":"product_tag-brand-rode","10":"first","11":"instock","12":"purchasable","13":"product-type-simple"},"jetpack_sharing_enabled":true,"_links":{"self":[{"href":"https:\/\/yahyaouishop.com\/fr\/wp-json\/wp\/v2\/product\/21876","targetHints":{"allow":["GET"]}}],"collection":[{"href":"https:\/\/yahyaouishop.com\/fr\/wp-json\/wp\/v2\/product"}],"about":[{"href":"https:\/\/yahyaouishop.com\/fr\/wp-json\/wp\/v2\/types\/product"}],"replies":[{"embeddable":true,"href":"https:\/\/yahyaouishop.com\/fr\/wp-json\/wp\/v2\/comments?post=21876"}],"version-history":[{"count":2,"href":"https:\/\/yahyaouishop.com\/fr\/wp-json\/wp\/v2\/product\/21876\/revisions"}],"predecessor-version":[{"id":23677,"href":"https:\/\/yahyaouishop.com\/fr\/wp-json\/wp\/v2\/product\/21876\/revisions\/23677"}],"wp:featuredmedia":[{"embeddable":true,"href":"https:\/\/yahyaouishop.com\/fr\/wp-json\/wp\/v2\/media\/21877"}],"wp:attachment":[{"href":"https:\/\/yahyaouishop.com\/fr\/wp-json\/wp\/v2\/media?parent=21876"}],"wp:term":[{"taxonomy":"product_brand","embeddable":true,"href":"https:\/\/yahyaouishop.com\/fr\/wp-json\/wp\/v2\/product_brand?post=21876"},{"taxonomy":"product_cat","embeddable":true,"href":"https:\/\/yahyaouishop.com\/fr\/wp-json\/wp\/v2\/product_cat?post=21876"},{"taxonomy":"product_tag","embeddable":true,"href":"https:\/\/yahyaouishop.com\/fr\/wp-json\/wp\/v2\/product_tag?post=21876"}],"curies":[{"name":"wp","href":"https:\/\/api.w.org\/{rel}","templated":true}]}}