{"id":21797,"date":"2025-04-12T19:33:31","date_gmt":"2025-04-12T18:33:31","guid":{"rendered":"https:\/\/yahyaouishop.com\/?post_type=product&#038;p=21797"},"modified":"2026-04-13T21:04:30","modified_gmt":"2026-04-13T20:04:30","slug":"microsdxc-sandisk-extreme-pro-128go","status":"publish","type":"product","link":"https:\/\/yahyaouishop.com\/fr\/produit\/microsdxc-sandisk-extreme-pro-128go\/","title":{"rendered":"SanDisk MicroSDXC Extreme Pro 128Go"},"content":{"rendered":"<p>La m\u00e9moire interne de ton smartphone, de ton Digitalkamera ou de ta cam\u00e9ra d&#8217;action ne te suffit plus ?<\/p>\n<p>Opte maintenant pour notre carte m\u00e9moire\u00a0<strong>128GB Micro SDHC<\/strong>\u00a0Extreme **extr\u00eamement rapide de Sony et lib\u00e8re plus d&#8217;espace pour tes photos, vid\u00e9os, musique et autres donn\u00e9es. La carte\u00a0<strong>Sony Extreme Pro<\/strong>\u00a0SDXC est polyvalente et peut \u00eatre utilis\u00e9e pour ton Digitalkamera, ton t\u00e9l\u00e9phone portable, ton smartphone, ton lecteur MP3\/MP4 ou ton netbook\/ordinateur portable. Pour encore plus de flexibilit\u00e9, l&#8217;adaptateur de carte SD (Digitalkamera \/ MacBook \/ Smart Digitalkamera \/ PC).<\/p>\n<p>La petite carte m\u00e9moire Micro-SDXC TransFlash peut \u00eatre ins\u00e9r\u00e9e directement dans ton smartphone (Sony \/ Sony \/ Sony \/ Sony \/ etc.) sans l&#8217;adaptateur\u00a0<strong>SD<\/strong>\u00a0(pour MicroSD \/ MicroSDHC \/ MicroSDXC)<\/p>\n<p><strong>REMARQUE:<\/strong>\u00a0La d\u00e9signation du mod\u00e8le est visible sur l&#8217;emballage, c&#8217;est pourquoi une reprise, apr\u00e8s ouverture ou retrait de l&#8217;emballage, en raison d&#8217;une erreur de commande \/ de non satisfaction, est exclue et oblige \u00e0 l&#8217;achat.<\/p>\n<ul>\n<li>Marque : Sony<\/li>\n<li>Capacit\u00e9 : 128GB<\/li>\n<li>Type de carte : Micro SDXC (TransFlash)<\/li>\n<li>Nom du mod\u00e8le : Extreme Pro<\/li>\n<li>Num\u00e9ro de mod\u00e8le : SDSQXCD-128G-GN6MA<\/li>\n<\/ul>\n<p>Caract\u00e9ristiques techniques :<\/p>\n<ul>\n<li>Type de carte m\u00e9moire : microSDXC<\/li>\n<li>Capacit\u00e9 de stockage : 128 Go<\/li>\n<li>Classe de carte m\u00e9moire : Classe 10<\/li>\n<li>Bus UHS : UHS-I<\/li>\n<li>Classe de vitesse UHS : U3<\/li>\n<li>Taux de lecture : 200 Mo\/s<\/li>\n<li>Classe de vitesse vid\u00e9o : V30<\/li>\n<li>Autres accessoires : Adaptateur Micro SD<\/li>\n<\/ul>","protected":false},"excerpt":{"rendered":"<p>La m\u00e9moire interne de ton smartphone, de ton Digitalkamera ou de ta cam\u00e9ra d&#8217;action ne te suffit plus ? Opte<\/p>","protected":false},"featured_media":21799,"comment_status":"open","ping_status":"closed","template":"","meta":[],"product_brand":[476],"product_cat":[204,135],"product_tag":[408],"class_list":{"0":"post-21797","1":"product","2":"type-product","3":"status-publish","4":"has-post-thumbnail","6":"product_brand-sandisk","7":"product_cat-cartes-memoires","8":"product_cat-stockage","9":"product_tag-brand-sandisk","11":"first","12":"instock","13":"purchasable","14":"product-type-simple"},"jetpack_sharing_enabled":true,"_links":{"self":[{"href":"https:\/\/yahyaouishop.com\/fr\/wp-json\/wp\/v2\/product\/21797","targetHints":{"allow":["GET"]}}],"collection":[{"href":"https:\/\/yahyaouishop.com\/fr\/wp-json\/wp\/v2\/product"}],"about":[{"href":"https:\/\/yahyaouishop.com\/fr\/wp-json\/wp\/v2\/types\/product"}],"replies":[{"embeddable":true,"href":"https:\/\/yahyaouishop.com\/fr\/wp-json\/wp\/v2\/comments?post=21797"}],"version-history":[{"count":2,"href":"https:\/\/yahyaouishop.com\/fr\/wp-json\/wp\/v2\/product\/21797\/revisions"}],"predecessor-version":[{"id":29841,"href":"https:\/\/yahyaouishop.com\/fr\/wp-json\/wp\/v2\/product\/21797\/revisions\/29841"}],"wp:featuredmedia":[{"embeddable":true,"href":"https:\/\/yahyaouishop.com\/fr\/wp-json\/wp\/v2\/media\/21799"}],"wp:attachment":[{"href":"https:\/\/yahyaouishop.com\/fr\/wp-json\/wp\/v2\/media?parent=21797"}],"wp:term":[{"taxonomy":"product_brand","embeddable":true,"href":"https:\/\/yahyaouishop.com\/fr\/wp-json\/wp\/v2\/product_brand?post=21797"},{"taxonomy":"product_cat","embeddable":true,"href":"https:\/\/yahyaouishop.com\/fr\/wp-json\/wp\/v2\/product_cat?post=21797"},{"taxonomy":"product_tag","embeddable":true,"href":"https:\/\/yahyaouishop.com\/fr\/wp-json\/wp\/v2\/product_tag?post=21797"}],"curies":[{"name":"wp","href":"https:\/\/api.w.org\/{rel}","templated":true}]}}