{"id":21792,"date":"2025-04-12T19:22:14","date_gmt":"2025-04-12T18:22:14","guid":{"rendered":"https:\/\/yahyaouishop.com\/?post_type=product&#038;p=21792"},"modified":"2026-04-14T11:17:16","modified_gmt":"2026-04-14T10:17:16","slug":"carte-memoire-microsdxc-sandisk-extreme-pro-512go","status":"publish","type":"product","link":"https:\/\/yahyaouishop.com\/fr\/produit\/carte-memoire-microsdxc-sandisk-extreme-pro-512go\/","title":{"rendered":"SanDisk MicroSDXC  Extreme Pro 512Go"},"content":{"rendered":"<div id=\"header-7f8716\" class=\"ccs-cc-inline-section ccs-cc-inline-header\" data-elementid=\"inline-content-header[snd]\" data-context=\"{&quot;mobile&quot;:false}\" data-ccs-cc-inline-jumplink=\"Pr\u00e9sentation\" data-display-mode=\"noheader\">\n<div class=\"ccs-cc-inline-header-layout\" data-type=\"text media\">\n<div class=\"ccs-cc-inline-header-description\">Profitez de vitesses extr\u00eames pour des applications performantes, mais aussi de transferts et de vid\u00e9os UHD 4K plus rapides.<sup class=\"ccs-cc-inline-footnote-link\"><a id=\"ccs-finline-7f87161\" href=\"https:\/\/www.cdiscount.com\/photo-numerique\/cartes-memoires\/carte-memoire-flash-sandisk-512gb-sd\/f-11203-san0619659173821.html?idOffre=3840677266&amp;sv1=affiliate&amp;sv_campaign_id=269861&amp;awc=6948_1744481906_35cd1f348f60732ad8998f658484bc72&amp;cid=affil&amp;cm_mmc=zanoxpb-_-269861#ccs-finline-7f8716t1\" target=\"_blank\" rel=\"noopener\">1<\/a><\/sup>\u00a0Id\u00e9ale pour votre smartphone Android<sup>\u2122<\/sup>, les cam\u00e9ras d\u2019action ou les drones, cette carte microSD haute performance prend en charge l\u2019enregistrement de vid\u00e9os en 4K UHD, en Full HD, ainsi que les photos haute r\u00e9solution. La carte m\u00e9moire ultra-rapide SanDisk Extreme<sup>\u00ae<\/sup>\u00a0PRO microSDXC<sup>\u2122<\/sup>\u00a0affiche une vitesse de lecture allant jusqu\u2019\u00e0 170 Mo\/s<sup class=\"ccs-cc-inline-footnote-link\"><a id=\"ccs-finline-7f87162\" href=\"https:\/\/www.cdiscount.com\/photo-numerique\/cartes-memoires\/carte-memoire-flash-sandisk-512gb-sd\/f-11203-san0619659173821.html?idOffre=3840677266&amp;sv1=affiliate&amp;sv_campaign_id=269861&amp;awc=6948_1744481906_35cd1f348f60732ad8998f658484bc72&amp;cid=affil&amp;cm_mmc=zanoxpb-_-269861#ccs-finline-7f8716t2\" target=\"_blank\" rel=\"noopener\">2<\/a><\/sup>\u00a0et une vitesse d\u2019\u00e9criture maximale de 90 Mo\/s.<sup class=\"ccs-cc-inline-footnote-link\"><a id=\"ccs-finline-7f87162\" href=\"https:\/\/www.cdiscount.com\/photo-numerique\/cartes-memoires\/carte-memoire-flash-sandisk-512gb-sd\/f-11203-san0619659173821.html?idOffre=3840677266&amp;sv1=affiliate&amp;sv_campaign_id=269861&amp;awc=6948_1744481906_35cd1f348f60732ad8998f658484bc72&amp;cid=affil&amp;cm_mmc=zanoxpb-_-269861#ccs-finline-7f8716t2\" target=\"_blank\" rel=\"noopener\">2<\/a><\/sup>\u00a0De plus, elle est de classe A2, ainsi vous pouvez profiter d\u2019applications plus rapides pour une exp\u00e9rience sur smartphone exceptionnelle.<sup class=\"ccs-cc-inline-footnote-link\"><a id=\"ccs-finline-7f87163\" href=\"https:\/\/www.cdiscount.com\/photo-numerique\/cartes-memoires\/carte-memoire-flash-sandisk-512gb-sd\/f-11203-san0619659173821.html?idOffre=3840677266&amp;sv1=affiliate&amp;sv_campaign_id=269861&amp;awc=6948_1744481906_35cd1f348f60732ad8998f658484bc72&amp;cid=affil&amp;cm_mmc=zanoxpb-_-269861#ccs-finline-7f8716t3\" target=\"_blank\" rel=\"noopener\">3<\/a><\/sup><\/div>\n<div class=\"ccs-cc-inline-header-hero\"><\/div>\n<\/div>\n<\/div>","protected":false},"excerpt":{"rendered":"<p>Profitez de vitesses extr\u00eames pour des applications performantes, mais aussi de transferts et de vid\u00e9os UHD 4K plus rapides.1\u00a0Id\u00e9ale pour<\/p>","protected":false},"featured_media":21795,"comment_status":"open","ping_status":"closed","template":"","meta":[],"product_brand":[476],"product_cat":[204,135],"product_tag":[408],"class_list":{"0":"post-21792","1":"product","2":"type-product","3":"status-publish","4":"has-post-thumbnail","6":"product_brand-sandisk","7":"product_cat-cartes-memoires","8":"product_cat-stockage","9":"product_tag-brand-sandisk","11":"first","12":"instock","13":"purchasable","14":"product-type-simple"},"jetpack_sharing_enabled":true,"_links":{"self":[{"href":"https:\/\/yahyaouishop.com\/fr\/wp-json\/wp\/v2\/product\/21792","targetHints":{"allow":["GET"]}}],"collection":[{"href":"https:\/\/yahyaouishop.com\/fr\/wp-json\/wp\/v2\/product"}],"about":[{"href":"https:\/\/yahyaouishop.com\/fr\/wp-json\/wp\/v2\/types\/product"}],"replies":[{"embeddable":true,"href":"https:\/\/yahyaouishop.com\/fr\/wp-json\/wp\/v2\/comments?post=21792"}],"version-history":[{"count":2,"href":"https:\/\/yahyaouishop.com\/fr\/wp-json\/wp\/v2\/product\/21792\/revisions"}],"predecessor-version":[{"id":29845,"href":"https:\/\/yahyaouishop.com\/fr\/wp-json\/wp\/v2\/product\/21792\/revisions\/29845"}],"wp:featuredmedia":[{"embeddable":true,"href":"https:\/\/yahyaouishop.com\/fr\/wp-json\/wp\/v2\/media\/21795"}],"wp:attachment":[{"href":"https:\/\/yahyaouishop.com\/fr\/wp-json\/wp\/v2\/media?parent=21792"}],"wp:term":[{"taxonomy":"product_brand","embeddable":true,"href":"https:\/\/yahyaouishop.com\/fr\/wp-json\/wp\/v2\/product_brand?post=21792"},{"taxonomy":"product_cat","embeddable":true,"href":"https:\/\/yahyaouishop.com\/fr\/wp-json\/wp\/v2\/product_cat?post=21792"},{"taxonomy":"product_tag","embeddable":true,"href":"https:\/\/yahyaouishop.com\/fr\/wp-json\/wp\/v2\/product_tag?post=21792"}],"curies":[{"name":"wp","href":"https:\/\/api.w.org\/{rel}","templated":true}]}}