{"id":21760,"date":"2025-04-12T13:56:56","date_gmt":"2025-04-12T12:56:56","guid":{"rendered":"https:\/\/yahyaouishop.com\/?post_type=product&#038;p=21760"},"modified":"2025-12-16T10:47:50","modified_gmt":"2025-12-16T09:47:50","slug":"lexar-sl500-2tb-disque-dur-ssd-portable","status":"publish","type":"product","link":"https:\/\/yahyaouishop.com\/fr\/produit\/lexar-sl500-2tb-disque-dur-ssd-portable\/","title":{"rendered":"Lexar SL500 2TB Disque Dur SSD Portable"},"content":{"rendered":"<p>Lexar SL500 2TB SSD portable a vitesses ultra-rapides allant jusqu\u2019\u00e0 2000 Mo\/s en lecture et 1800 Mo\/s en \u00e9criture acc\u00e9l\u00e8rent les transferts de donn\u00e9es pour un travail plus efficace, De la taille d\u2019une carte de cr\u00e9dit avec une \u00e9paisseur de 4,8 mm, la construction monocoque en aluminium mince et solide tient confortablement dans la paume de votre main ou dans votre poche, Avec cryptage AES 256 bits, pour vous aider \u00e0 s\u00e9curiser vos fichiers sensibles<\/p>","protected":false},"excerpt":{"rendered":"<p>Lexar SL500 2TB SSD portable a vitesses ultra-rapides allant jusqu\u2019\u00e0 2000 Mo\/s en lecture et 1800 Mo\/s en \u00e9criture acc\u00e9l\u00e8rent<\/p>","protected":false},"featured_media":21761,"comment_status":"open","ping_status":"closed","template":"","meta":[],"product_brand":[475],"product_cat":[135,205],"product_tag":[428],"class_list":{"0":"post-21760","1":"product","2":"type-product","3":"status-publish","4":"has-post-thumbnail","6":"product_brand-lexar","7":"product_cat-stockage","8":"product_cat-memoires-externes","9":"product_tag-brand-lexar","11":"first","12":"instock","13":"purchasable","14":"product-type-simple"},"jetpack_sharing_enabled":true,"_links":{"self":[{"href":"https:\/\/yahyaouishop.com\/fr\/wp-json\/wp\/v2\/product\/21760","targetHints":{"allow":["GET"]}}],"collection":[{"href":"https:\/\/yahyaouishop.com\/fr\/wp-json\/wp\/v2\/product"}],"about":[{"href":"https:\/\/yahyaouishop.com\/fr\/wp-json\/wp\/v2\/types\/product"}],"replies":[{"embeddable":true,"href":"https:\/\/yahyaouishop.com\/fr\/wp-json\/wp\/v2\/comments?post=21760"}],"version-history":[{"count":1,"href":"https:\/\/yahyaouishop.com\/fr\/wp-json\/wp\/v2\/product\/21760\/revisions"}],"predecessor-version":[{"id":21766,"href":"https:\/\/yahyaouishop.com\/fr\/wp-json\/wp\/v2\/product\/21760\/revisions\/21766"}],"wp:featuredmedia":[{"embeddable":true,"href":"https:\/\/yahyaouishop.com\/fr\/wp-json\/wp\/v2\/media\/21761"}],"wp:attachment":[{"href":"https:\/\/yahyaouishop.com\/fr\/wp-json\/wp\/v2\/media?parent=21760"}],"wp:term":[{"taxonomy":"product_brand","embeddable":true,"href":"https:\/\/yahyaouishop.com\/fr\/wp-json\/wp\/v2\/product_brand?post=21760"},{"taxonomy":"product_cat","embeddable":true,"href":"https:\/\/yahyaouishop.com\/fr\/wp-json\/wp\/v2\/product_cat?post=21760"},{"taxonomy":"product_tag","embeddable":true,"href":"https:\/\/yahyaouishop.com\/fr\/wp-json\/wp\/v2\/product_tag?post=21760"}],"curies":[{"name":"wp","href":"https:\/\/api.w.org\/{rel}","templated":true}]}}