{"id":21634,"date":"2025-02-24T23:40:31","date_gmt":"2025-02-24T23:40:31","guid":{"rendered":"https:\/\/yahyaouishop.com\/?post_type=product&#038;p=21634"},"modified":"2025-11-15T16:47:45","modified_gmt":"2025-11-15T15:47:45","slug":"nikon-z-70-200mm-f-2-8","status":"publish","type":"product","link":"https:\/\/yahyaouishop.com\/fr\/produit\/nikon-z-70-200mm-f-2-8\/","title":{"rendered":"NIKON Z 70-200mm F\/2.8 VR S"},"content":{"rendered":"<section class=\"specifications\">\n<h2>Caract\u00e9ristiques techniques<\/h2>\n<ul>\n<li><strong>Type :<\/strong> Monture Z de Nikon<\/li>\n<li><strong>Format :<\/strong> FX\/24 \u00d7 36 mm<\/li>\n<li><strong>Focale :<\/strong> 70\u2013200 mm<\/li>\n<li><strong>Ouverture maximale :<\/strong> f\/2.8<\/li>\n<li><strong>Ouverture minimale :<\/strong> f\/22<\/li>\n<li><strong>Construction optique :<\/strong> 21 lentilles en 18 groupes (6 lentilles ED, 2 asph\u00e9riques, 1 fluorite, 1 SR, traitements nanocristal et ARNEO, lentille avant trait\u00e9e au fluor)<\/li>\n<li><strong>Angle de champ :<\/strong> FX : 34\u00b020&#8217;\u201312\u00b020&#8242; \/ DX : 22\u00b050&#8217;\u20138\u00b0<\/li>\n<li><strong>\u00c9chelle des focales :<\/strong> Gradu\u00e9e en mm (70, 85, 105, 135, 200)<\/li>\n<li><strong>Syst\u00e8me de mise au point :<\/strong> Mise au point interne<\/li>\n<li><strong>Distance minimale de mise au point :<\/strong>\n<ul>\n<li>70 mm : 0,5 m<\/li>\n<li>85 mm : 0,63 m<\/li>\n<li>105 mm : 0,68 m<\/li>\n<li>135 mm : 0,8 m<\/li>\n<li>200 mm : 1 m<\/li>\n<\/ul>\n<\/li>\n<li><strong>Rapport de reproduction maximal :<\/strong> 0,2\u00d7<\/li>\n<li><strong>R\u00e9duction de vibration :<\/strong> D\u00e9centrement \u00e0 moteurs VCM<\/li>\n<li><strong>Lamelles de diaphragme :<\/strong> 9 (circulaire)<\/li>\n<li><strong>Diam\u00e8tre de filtre :<\/strong> 77 mm (P = 0,75 mm)<\/li>\n<li><strong>Dimensions :<\/strong> 89 \u00d7 220 mm (\u00e0 partir du plan d\u2019appui)<\/li>\n<li><strong>Poids :<\/strong> 1440 g (avec collier) \/ 1360 g (sans collier)<\/li>\n<li><strong>Autofocus :<\/strong> Oui<\/li>\n<li><strong>Mise au point interne :<\/strong> Oui<\/li>\n<li><strong>Modes de mise au point :<\/strong> Automatique, manuelle<\/li>\n<li><strong>Accessoires fournis :<\/strong> Bouchon avant LC-77B, bouchon arri\u00e8re LF-N1, parasoleil HB-92, \u00e9tui CL-C3<\/li>\n<\/ul>\n<\/section>","protected":false},"excerpt":{"rendered":"<h2>Zoom t\u00e9l\u00e9objectif moyen professionnel f\/2.8<\/h2>\n<p>Soyez toujours pr\u00eat. Avec cet objectif lumineux pour appareil hybride plein format dot\u00e9 d\u2019une plage de focales de 70-200 mm, de composants optiques avanc\u00e9s et d\u2019un syst\u00e8me d\u2019\u00e9tanch\u00e9it\u00e9 anti-intemp\u00e9ries renforc\u00e9, vous ne raterez rien. Quel que soit votre domaine (sports, \u00e9v\u00e9nements ou reportages) cet objectif tr\u00e8s compact vous permet d\u2019atteindre votre but.<\/p>","protected":false},"featured_media":23711,"comment_status":"open","ping_status":"closed","template":"","meta":[],"product_brand":[465],"product_cat":[179,148],"product_tag":[123],"class_list":{"0":"post-21634","1":"product","2":"type-product","3":"status-publish","4":"has-post-thumbnail","6":"product_brand-nikon","7":"product_cat-objectifs-nikon","8":"product_cat-objectifs","9":"product_tag-brand-nikon","11":"first","12":"instock","13":"sale","14":"purchasable","15":"product-type-simple"},"jetpack_sharing_enabled":true,"_links":{"self":[{"href":"https:\/\/yahyaouishop.com\/fr\/wp-json\/wp\/v2\/product\/21634","targetHints":{"allow":["GET"]}}],"collection":[{"href":"https:\/\/yahyaouishop.com\/fr\/wp-json\/wp\/v2\/product"}],"about":[{"href":"https:\/\/yahyaouishop.com\/fr\/wp-json\/wp\/v2\/types\/product"}],"replies":[{"embeddable":true,"href":"https:\/\/yahyaouishop.com\/fr\/wp-json\/wp\/v2\/comments?post=21634"}],"version-history":[{"count":4,"href":"https:\/\/yahyaouishop.com\/fr\/wp-json\/wp\/v2\/product\/21634\/revisions"}],"predecessor-version":[{"id":23707,"href":"https:\/\/yahyaouishop.com\/fr\/wp-json\/wp\/v2\/product\/21634\/revisions\/23707"}],"wp:featuredmedia":[{"embeddable":true,"href":"https:\/\/yahyaouishop.com\/fr\/wp-json\/wp\/v2\/media\/23711"}],"wp:attachment":[{"href":"https:\/\/yahyaouishop.com\/fr\/wp-json\/wp\/v2\/media?parent=21634"}],"wp:term":[{"taxonomy":"product_brand","embeddable":true,"href":"https:\/\/yahyaouishop.com\/fr\/wp-json\/wp\/v2\/product_brand?post=21634"},{"taxonomy":"product_cat","embeddable":true,"href":"https:\/\/yahyaouishop.com\/fr\/wp-json\/wp\/v2\/product_cat?post=21634"},{"taxonomy":"product_tag","embeddable":true,"href":"https:\/\/yahyaouishop.com\/fr\/wp-json\/wp\/v2\/product_tag?post=21634"}],"curies":[{"name":"wp","href":"https:\/\/api.w.org\/{rel}","templated":true}]}}