{"id":20154,"date":"2024-08-26T16:35:06","date_gmt":"2024-08-26T15:35:06","guid":{"rendered":"https:\/\/yahyaouishop.com\/?post_type=product&#038;p=20154"},"modified":"2025-10-01T01:07:22","modified_gmt":"2025-10-01T00:07:22","slug":"godox-ad-s65w-portable-softbox-25-6inch-65cm-godox-mount-for-ad400pro-ad300pro-flash-monolight","status":"publish","type":"product","link":"https:\/\/yahyaouishop.com\/fr\/produit\/godox-ad-s65w-portable-softbox-25-6inch-65cm-godox-mount-for-ad400pro-ad300pro-flash-monolight\/","title":{"rendered":"Godox CS65D Portable Softbox 65cm"},"content":{"rendered":"<h1><strong>Godox CS65D Softbox Lantern Pliable<\/strong><\/h1>\n<p><strong>Caract\u00e9ristiques principales :<\/strong><\/p>\n<ul>\n<li><strong>Angle de diffusion :<\/strong> 270\u00b0<\/li>\n<li><strong>Monture Bowens populaire<\/strong><\/li>\n<li><strong>Jupes optionnelles pour contr\u00f4ler le rayon de lumi\u00e8re<\/strong><\/li>\n<li><strong>Utilisation possible avec des \u00e9clairages LED ou flash<\/strong><\/li>\n<\/ul>\n<p>Le <strong>Softbox Lantern Pliable Godox CS65D<\/strong> de 65CM de diam\u00e8tre est id\u00e9al pour un \u00e9clairage en hauteur ou pour augmenter le niveau d&#8217;illumination ambiante. Avec sa diffusion de lumi\u00e8re \u00e0 270\u00b0, il offre une qualit\u00e9 de lumi\u00e8re omni-directionnelle similaire \u00e0 celle des &#8220;China Balls&#8221; d&#8217;autrefois, tout en \u00e9tant construit avec des mat\u00e9riaux durables. Des accessoires comme un ensemble de jupes optionnelles permettent de contr\u00f4ler l&#8217;angle de diffusion, offrant ainsi plus de flexibilit\u00e9 dans la gestion de la lumi\u00e8re.<\/p>","protected":false},"excerpt":{"rendered":"<p>Godox CS65D Softbox Lantern Pliable Caract\u00e9ristiques principales : Angle de diffusion : 270\u00b0 Monture Bowens populaire Jupes optionnelles pour contr\u00f4ler<\/p>","protected":false},"featured_media":20232,"comment_status":"open","ping_status":"closed","template":"","meta":[],"product_brand":[456],"product_cat":[166,145],"product_tag":[229],"class_list":{"0":"post-20154","1":"product","2":"type-product","3":"status-publish","4":"has-post-thumbnail","6":"product_brand-godox","7":"product_cat-eclairages-et-studio","8":"product_cat-softbox","9":"product_tag-brand-godox","11":"first","12":"instock","13":"purchasable","14":"product-type-simple"},"jetpack_sharing_enabled":true,"_links":{"self":[{"href":"https:\/\/yahyaouishop.com\/fr\/wp-json\/wp\/v2\/product\/20154","targetHints":{"allow":["GET"]}}],"collection":[{"href":"https:\/\/yahyaouishop.com\/fr\/wp-json\/wp\/v2\/product"}],"about":[{"href":"https:\/\/yahyaouishop.com\/fr\/wp-json\/wp\/v2\/types\/product"}],"replies":[{"embeddable":true,"href":"https:\/\/yahyaouishop.com\/fr\/wp-json\/wp\/v2\/comments?post=20154"}],"version-history":[{"count":5,"href":"https:\/\/yahyaouishop.com\/fr\/wp-json\/wp\/v2\/product\/20154\/revisions"}],"predecessor-version":[{"id":20241,"href":"https:\/\/yahyaouishop.com\/fr\/wp-json\/wp\/v2\/product\/20154\/revisions\/20241"}],"wp:featuredmedia":[{"embeddable":true,"href":"https:\/\/yahyaouishop.com\/fr\/wp-json\/wp\/v2\/media\/20232"}],"wp:attachment":[{"href":"https:\/\/yahyaouishop.com\/fr\/wp-json\/wp\/v2\/media?parent=20154"}],"wp:term":[{"taxonomy":"product_brand","embeddable":true,"href":"https:\/\/yahyaouishop.com\/fr\/wp-json\/wp\/v2\/product_brand?post=20154"},{"taxonomy":"product_cat","embeddable":true,"href":"https:\/\/yahyaouishop.com\/fr\/wp-json\/wp\/v2\/product_cat?post=20154"},{"taxonomy":"product_tag","embeddable":true,"href":"https:\/\/yahyaouishop.com\/fr\/wp-json\/wp\/v2\/product_tag?post=20154"}],"curies":[{"name":"wp","href":"https:\/\/api.w.org\/{rel}","templated":true}]}}