{"id":19621,"date":"2024-07-12T18:38:37","date_gmt":"2024-07-12T17:38:37","guid":{"rendered":"https:\/\/yahyaouishop.com\/?post_type=product&#038;p=19621"},"modified":"2026-03-25T10:23:20","modified_gmt":"2026-03-25T09:23:20","slug":"dji-rs4-pro-combo","status":"publish","type":"product","link":"https:\/\/yahyaouishop.com\/fr\/produit\/dji-rs4-pro-combo\/","title":{"rendered":"DJI RS4 Pro Combo"},"content":{"rendered":"<div class=\"feature_UbV5SNP5Eo\">\n<div class=\"js-injected-html text_UbV5SNP5Eo\">\n<p><strong>Stabilisateur Dji Ronin RS4 Pro Combo\u00a0<\/strong><\/p>\n<p>Le DJI RS4 Pro est \u00e9quip\u00e9 d&#8217;un bras en fibre de carbone qui peut supporter jusqu&#8217;\u00e0 4,5 kg, adapt\u00e9 \u00e0 diff\u00e9rentes cam\u00e9ras et bo\u00eetiers num\u00e9riques. Sa conception professionnelle assure une performance fiable dans toutes les situations.<\/p>\n<p>Compar\u00e9 au DJI RS3 Pro, le DJI RS4 Pro offre une stabilit\u00e9 exceptionnelle avec une augmentation de 20% du couple moteur sur trois axes, m\u00eame avec des charges lourdes ou de nombreux accessoires. Son algorithme de stabilisation de 4\u00e8me g\u00e9n\u00e9ration garantit une grande stabilit\u00e9 pour des prises de vue dynamiques.<\/p>\n<p>Le DJI RS4 Pro est polyvalent gr\u00e2ce \u00e0 sa technologie de mise au point intelligente LiDAR, permettant une mise au point automatique pr\u00e9cise m\u00eame dans des environnements en mouvement. Avec des am\u00e9liorations de performances et une reconnaissance avanc\u00e9e des sujets, il offre un contr\u00f4le pr\u00e9cis de la mise au point.<\/p>\n<p>En utilisant l&#8217;unit\u00e9 manuelle DJI Focus Pro et la technologie LiDAR, le DJI RS4 Pro assure un contr\u00f4le pr\u00e9cis de la mise au point, de l&#8217;ouverture et du zoom, facilitant la collaboration entre les \u00e9quipes. Sa communication \u00e9tendue et ses fonctionnalit\u00e9s avanc\u00e9es assurent des prises de vue fluides.<\/p>\n<p>Avec sa commande sans fil Bluetooth et sa batterie longue dur\u00e9e, le DJI RS4 Pro offre une grande flexibilit\u00e9 pendant le tournage, permettant aux r\u00e9alisateurs de se concentrer sur leur cr\u00e9ativit\u00e9. Son int\u00e9gration avec le syst\u00e8me de contr\u00f4le de l&#8217;objectif Focus Pro AMF et la transmission DJI offre de nouvelles possibilit\u00e9s dans le cin\u00e9ma et la t\u00e9l\u00e9vision.<\/p>\n<p>Avec son \u00e9cosyst\u00e8me de contr\u00f4le \u00e9tendu, le DJI RS4 Pro r\u00e9pond \u00e0 diff\u00e9rents besoins cr\u00e9atifs, que ce soit des prises de vue depuis un v\u00e9hicule ou des plans complexes avec des \u00e9quipements sp\u00e9ciaux, offrant une polyvalence exceptionnelle pour les r\u00e9alisateurs professionnels.<\/p>\n<div class=\"flex flex-grow flex-col max-w-full\">\n<div class=\"min-h-[20px] text-message flex flex-col items-start gap-3 whitespace-pre-wrap break-words [.text-message+&amp;]:mt-5 overflow-x-auto\" data-message-author-role=\"assistant\" data-message-id=\"66095b84-27fc-438f-8b6b-4e08ab65feae\">\n<div class=\"markdown prose w-full break-words dark:prose-invert light\">\n<p><b>Les points forts du DJI RS4 Pro Combo :\u00a0<\/b><\/p>\n<ul>\n<li>Conception professionnelle<\/li>\n<li>Charge utile puissante de 4,5 kg<\/li>\n<li>Prise de vue verticale native de 2\u00e8me g\u00e9n\u00e9ration<\/li>\n<li>Syst\u00e8me de commande \u00e0 distance pour la collaboration professionnelle<\/li>\n<li>Mise au point intelligente LiDAR pour des prises de vue pr\u00e9cises.<\/li>\n<li>Batterie longue dur\u00e9e avec une autonomie allant jusqu&#8217;\u00e0 29 heures.<\/li>\n<li>Algorithme de stabilisation de 4\u00e8me g\u00e9n\u00e9ration pour une stabilit\u00e9 exceptionnelle.<\/li>\n<\/ul>\n<\/div>\n<\/div>\n<\/div>\n<\/div>\n<\/div>","protected":false},"excerpt":{"rendered":"<p>Stabilisateur Dji Ronin RS4 Pro Combo\u00a0 Le DJI RS4 Pro est \u00e9quip\u00e9 d&#8217;un bras en fibre de carbone qui peut<\/p>","protected":false},"featured_media":19624,"comment_status":"open","ping_status":"closed","template":"","meta":[],"product_brand":[480],"product_cat":[191,192],"product_tag":[232],"class_list":{"0":"post-19621","1":"product","2":"type-product","3":"status-publish","4":"has-post-thumbnail","6":"product_brand-dji","7":"product_cat-stabilisateurs","8":"product_cat-stabilisateurs-cameras","9":"product_tag-brand-dji","11":"first","12":"instock","13":"sale","14":"purchasable","15":"product-type-simple"},"jetpack_sharing_enabled":true,"_links":{"self":[{"href":"https:\/\/yahyaouishop.com\/fr\/wp-json\/wp\/v2\/product\/19621","targetHints":{"allow":["GET"]}}],"collection":[{"href":"https:\/\/yahyaouishop.com\/fr\/wp-json\/wp\/v2\/product"}],"about":[{"href":"https:\/\/yahyaouishop.com\/fr\/wp-json\/wp\/v2\/types\/product"}],"replies":[{"embeddable":true,"href":"https:\/\/yahyaouishop.com\/fr\/wp-json\/wp\/v2\/comments?post=19621"}],"version-history":[{"count":7,"href":"https:\/\/yahyaouishop.com\/fr\/wp-json\/wp\/v2\/product\/19621\/revisions"}],"predecessor-version":[{"id":19843,"href":"https:\/\/yahyaouishop.com\/fr\/wp-json\/wp\/v2\/product\/19621\/revisions\/19843"}],"wp:featuredmedia":[{"embeddable":true,"href":"https:\/\/yahyaouishop.com\/fr\/wp-json\/wp\/v2\/media\/19624"}],"wp:attachment":[{"href":"https:\/\/yahyaouishop.com\/fr\/wp-json\/wp\/v2\/media?parent=19621"}],"wp:term":[{"taxonomy":"product_brand","embeddable":true,"href":"https:\/\/yahyaouishop.com\/fr\/wp-json\/wp\/v2\/product_brand?post=19621"},{"taxonomy":"product_cat","embeddable":true,"href":"https:\/\/yahyaouishop.com\/fr\/wp-json\/wp\/v2\/product_cat?post=19621"},{"taxonomy":"product_tag","embeddable":true,"href":"https:\/\/yahyaouishop.com\/fr\/wp-json\/wp\/v2\/product_tag?post=19621"}],"curies":[{"name":"wp","href":"https:\/\/api.w.org\/{rel}","templated":true}]}}