{"id":19551,"date":"2024-07-12T16:57:26","date_gmt":"2024-07-12T15:57:26","guid":{"rendered":"https:\/\/yahyaouishop.com\/?post_type=product&#038;p=19551"},"modified":"2026-03-25T10:34:22","modified_gmt":"2026-03-25T09:34:22","slug":"sd-sandisk-64go-200mb-sdxc-memory-card","status":"publish","type":"product","link":"https:\/\/yahyaouishop.com\/fr\/produit\/sd-sandisk-64go-200mb-sdxc-memory-card\/","title":{"rendered":"Carte m\u00e9moire SANDISK EXTREME PRO SDXC UHS-I 64GO 200MB V30"},"content":{"rendered":"<p>&nbsp;<\/p>\n<div class=\"flex flex-grow flex-col max-w-full\">\n<div class=\"min-h-[20px] text-message flex flex-col items-start whitespace-pre-wrap break-words [.text-message+&amp;]:mt-5 juice:w-full juice:items-end overflow-x-auto gap-2\" dir=\"auto\" data-message-author-role=\"assistant\" data-message-id=\"1277e9f7-4e49-45a8-902f-4841e40ff2ba\">\n<div class=\"flex w-full flex-col gap-1 juice:empty:hidden juice:first:pt-[3px]\">\n<div class=\"markdown prose w-full break-words dark:prose-invert light\">\n<p><strong>SanDisk 64GB Extreme PRO UHS-I SDXC Memory Card<\/strong><\/p>\n<p>Le <strong>SanDisk 64GB Extreme PRO UHS-I SDXC<\/strong> est con\u00e7u pour les dispositifs capables de capturer des vid\u00e9os Full HD, 3D et 4K, ainsi que des photographies en mode RAW et en rafale. Voici ses principales caract\u00e9ristiques :<\/p>\n<h3><strong>Caract\u00e9ristiques Principales :<\/strong><\/h3>\n<ul>\n<li><strong>Capacit\u00e9 :<\/strong> 64 Go<\/li>\n<li><strong>Bus de Compatibilit\u00e9 :<\/strong> UHS-I<\/li>\n<li><strong>Classe de Vitesse :<\/strong> V30, garantissant des vitesses d&#8217;\u00e9criture minimales de 30 Mo\/s. Compatible avec le standard U3, offrant \u00e9galement des vitesses minimales d&#8217;\u00e9criture de 30 Mo\/s.<\/li>\n<li><strong>Vitesses de Lecture :<\/strong> Jusqu&#8217;\u00e0 200 Mo\/s<\/li>\n<li><strong>Vitesses d&#8217;\u00c9criture :<\/strong> Jusqu&#8217;\u00e0 90 Mo\/s<\/li>\n<li><strong>Interrupteur de Protection en \u00c9criture :<\/strong> Emp\u00eache la suppression accidentelle des donn\u00e9es de la carte.<\/li>\n<li><strong>Conception Durable :<\/strong> R\u00e9sistante aux chocs, aux rayons X, et \u00e0 l&#8217;eau. Capable de supporter des temp\u00e9ratures allant de -13 \u00e0 185\u00b0F (-25 \u00e0 85\u00b0C), ce qui la rend id\u00e9ale pour des environnements extr\u00eames comme la neige, les d\u00e9serts, et les piscines.<\/li>\n<\/ul>\n<h3><strong>Points Forts :<\/strong><\/h3>\n<ul>\n<li><strong>Vitesse d&#8217;Offload Rapide :<\/strong> Profitez de vitesses d&#8217;extraction allant jusqu&#8217;\u00e0 200 Mo\/s gr\u00e2ce \u00e0 la technologie SanDisk QuickFlow.<\/li>\n<li><strong>Lecteur SanDisk PRO-READER :<\/strong> Associez cette carte au lecteur SanDisk Professional PRO-READER SD et microSD pour atteindre des vitesses maximales.<\/li>\n<li><strong>Performances en Vid\u00e9o et Photographie :<\/strong> Id\u00e9ale pour capturer des vid\u00e9os UHD 4K et des photographies en mode rafale sans interruption.<\/li>\n<li><strong>Compatibilit\u00e9 :<\/strong> Fonctionne avec les appareils compatibles UHS-I \/ V30 \/ U3, mais peut \u00e9galement \u00eatre utilis\u00e9e dans des dispositifs ne supportant pas ces standards, avec des vitesses r\u00e9duites selon la classe de vitesse et le bus de l&#8217;appareil.<\/li>\n<li><strong>S\u00e9curit\u00e9 des Donn\u00e9es :<\/strong> En cas de probl\u00e8me, vous pouvez t\u00e9l\u00e9charger le logiciel RescuePRO Deluxe et b\u00e9n\u00e9ficiez d&#8217;une garantie \u00e0 vie limit\u00e9e.<\/li>\n<\/ul>\n<p>Cette carte SD est un choix fiable pour les professionnels et les amateurs cherchant une carte haute performance capable de r\u00e9sister aux conditions les plus difficiles tout en offrant une vitesse de transfert rapide.<\/p>\n<\/div>\n<\/div>\n<\/div>\n<\/div>","protected":false},"excerpt":{"rendered":"<p>&nbsp; SanDisk 64GB Extreme PRO UHS-I SDXC Memory Card Le SanDisk 64GB Extreme PRO UHS-I SDXC est con\u00e7u pour les<\/p>","protected":false},"featured_media":19552,"comment_status":"open","ping_status":"closed","template":"","meta":[],"product_brand":[476],"product_cat":[205,135,126],"product_tag":[408],"class_list":{"0":"post-19551","1":"product","2":"type-product","3":"status-publish","4":"has-post-thumbnail","6":"product_brand-sandisk","7":"product_cat-memoires-externes","8":"product_cat-stockage","9":"product_cat-produits-divers","10":"product_tag-brand-sandisk","12":"first","13":"instock","14":"purchasable","15":"product-type-simple"},"jetpack_sharing_enabled":true,"_links":{"self":[{"href":"https:\/\/yahyaouishop.com\/fr\/wp-json\/wp\/v2\/product\/19551","targetHints":{"allow":["GET"]}}],"collection":[{"href":"https:\/\/yahyaouishop.com\/fr\/wp-json\/wp\/v2\/product"}],"about":[{"href":"https:\/\/yahyaouishop.com\/fr\/wp-json\/wp\/v2\/types\/product"}],"replies":[{"embeddable":true,"href":"https:\/\/yahyaouishop.com\/fr\/wp-json\/wp\/v2\/comments?post=19551"}],"version-history":[{"count":3,"href":"https:\/\/yahyaouishop.com\/fr\/wp-json\/wp\/v2\/product\/19551\/revisions"}],"predecessor-version":[{"id":20635,"href":"https:\/\/yahyaouishop.com\/fr\/wp-json\/wp\/v2\/product\/19551\/revisions\/20635"}],"wp:featuredmedia":[{"embeddable":true,"href":"https:\/\/yahyaouishop.com\/fr\/wp-json\/wp\/v2\/media\/19552"}],"wp:attachment":[{"href":"https:\/\/yahyaouishop.com\/fr\/wp-json\/wp\/v2\/media?parent=19551"}],"wp:term":[{"taxonomy":"product_brand","embeddable":true,"href":"https:\/\/yahyaouishop.com\/fr\/wp-json\/wp\/v2\/product_brand?post=19551"},{"taxonomy":"product_cat","embeddable":true,"href":"https:\/\/yahyaouishop.com\/fr\/wp-json\/wp\/v2\/product_cat?post=19551"},{"taxonomy":"product_tag","embeddable":true,"href":"https:\/\/yahyaouishop.com\/fr\/wp-json\/wp\/v2\/product_tag?post=19551"}],"curies":[{"name":"wp","href":"https:\/\/api.w.org\/{rel}","templated":true}]}}