{"id":19531,"date":"2024-07-12T16:51:31","date_gmt":"2024-07-12T15:51:31","guid":{"rendered":"https:\/\/yahyaouishop.com\/?post_type=product&#038;p=19531"},"modified":"2026-04-13T20:07:26","modified_gmt":"2026-04-13T19:07:26","slug":"aputure-ls-600x-pro-bi-color-led-monolight-v-mount","status":"publish","type":"product","link":"https:\/\/yahyaouishop.com\/fr\/produit\/aputure-ls-600x-pro-bi-color-led-monolight-v-mount\/","title":{"rendered":"Aputure LS 600x Pro Bi-Color LED Monolight (V-Mount)"},"content":{"rendered":"<p><strong>Aputure LS 600x Pro Bi-Color LED Monolight (V-Mount)<\/strong><\/p>\n<p>Le <strong>Aputure LS 600x Pro Bi-Color LED Monolight (V-Mount)<\/strong>\u00a0est un puissant projecteur LED bi-couleur offrant des options de couleur et de puissance, ainsi qu&#8217;une haute sortie augment\u00e9e par son r\u00e9flecteur Hyper de 55\u00b0 inclus ou un accessoire Fresnel optionnel. Ce projecteur de pr\u00e9cision dispose d&#8217;une large plage de temp\u00e9rature de couleur variable allant de 2700 \u00e0 6500K avec une haute note CRI\/TLCI de 96 et 98, garantissant une reproduction pr\u00e9cise des couleurs. En plus de la puissance, le contr\u00f4le est un \u00e9l\u00e9ment cl\u00e9 de la conception du 600x Pro. Les r\u00e9glages peuvent \u00eatre effectu\u00e9s localement sur le projecteur ou sans fil \u00e0 distance via la t\u00e9l\u00e9commande sans fil 2,4 GHz incluse, l&#8217;application mobile Sidus Link, et le contr\u00f4le DMX sans fil int\u00e9gr\u00e9, utile lorsque votre lumi\u00e8re est mont\u00e9e en hauteur ou dans un endroit difficile d&#8217;acc\u00e8s. Le <strong>Aputure LS 600x Pro Bi-Color LED Monolight (V-Mount)<\/strong>\u00a0dispose \u00e9galement de quatre courbes de gradation : Lin\u00e9aire, Exponentielle, Logarithmique et S-Courbe, pour garantir la pr\u00e9cision quel que soit votre niveau de luminosit\u00e9 choisi.<\/p>\n<p>La lumi\u00e8re est pr\u00eate \u00e0 \u00eatre utilis\u00e9e dans le monde entier gr\u00e2ce \u00e0 son alimentation multi-tension, mais peut \u00e9galement \u00eatre aliment\u00e9e par une batterie 48V ou deux batteries 14,4V, 26V ou 28,8V lorsque l&#8217;alimentation secteur n&#8217;est pas disponible. Vous pouvez monter les batteries et les recharger tout en utilisant la lumi\u00e8re.<\/p>\n<p>Le <strong>Aputure LS 600x Pro Bi-Color LED Monolight (V-Mount)<\/strong> est r\u00e9sistant \u00e0 la poussi\u00e8re et \u00e0 l&#8217;eau, ce qui lui permet de r\u00e9sister \u00e0 pratiquement tous les environnements de tournage. En ce qui concerne les fonctionnalit\u00e9s, Aputure a inclus des effets sp\u00e9ciaux tels que Paparazzi, Feux d&#8217;artifice, \u00c9clair, Ampoule d\u00e9fectueuse, TV, Pulsation, Stroboscope, Explosion et Feu. Aputure a \u00e9galement g\u00e9n\u00e9reusement fourni un sac de transport pour le stockage et le transport.<\/p>\n<p><strong>Avantages :<\/strong><\/p>\n<ul>\n<li><strong>Lumen :<\/strong> 63 900 \u00e0 1 m\u00e8tre avec le r\u00e9flecteur Hyper inclus \u00e0 5600K.<\/li>\n<li><strong>Lumen :<\/strong> 5 610+ \u00e0 3 m\u00e8tres avec le r\u00e9flecteur Hyper inclus \u00e0 5600K.<\/li>\n<li><strong>Lumen :<\/strong> 18 510+ \u00e0 3 m\u00e8tres avec le Fresnel F10 \u00e0 5600K.<\/li>\n<li><strong>Temp\u00e9rature de Couleur Variable :<\/strong> 2700 \u00e0 6500K.<\/li>\n<li><strong>Optique de M\u00e9lange des Couleurs Pr\u00e9cise.<\/strong><\/li>\n<li><strong>Modes de Puissance Maximale et Constante.<\/strong><\/li>\n<li><strong>Contr\u00f4le de la Luminosit\u00e9 en Continu :<\/strong> 0-100%.<\/li>\n<li><strong>CRI :<\/strong> 96, TLCI : 98, SSI (D56) : 74, SSI (Tungst\u00e8ne) : 85.<\/li>\n<li><strong>R\u00e9sistant \u00e0 la Poussi\u00e8re et \u00e0 l&#8217;Eau.<\/strong><\/li>\n<li><strong>M\u00e9thodes de Contr\u00f4le Multiples :<\/strong> T\u00e9l\u00e9commande 2,4 GHz, application Sidus Link, contr\u00f4le Bluetooth via l&#8217;application, DMX sans fil int\u00e9gr\u00e9, Art-Net, Ethernet, DMX512 5 broches In et Out.<\/li>\n<li><strong>Plaques de Batterie Multi-Tension :<\/strong> Supporte les batteries 14,4V \/ 26V \/ 28,8V.<\/li>\n<li><strong>Alimentation DC 48V\/15A (XLR 3 broches) :<\/strong> Inclut les stations de batterie et les batteries bloc.<\/li>\n<li><strong>Sortie Optimis\u00e9e :<\/strong> R\u00e9flecteur Hyper de la s\u00e9rie LS 600.<\/li>\n<li><strong>Monture Universelle Bowens.<\/strong><\/li>\n<li><strong>Modulation de Fr\u00e9quence pour \u00c9viter le Clignotement.<\/strong><\/li>\n<li><strong>Chapeau Curv\u00e9 avec Frein \u00e0 Disque et Rotation \u00e0 360\u00b0.<\/strong><\/li>\n<li><strong>Double Broche Junior\/Baby (28mm\/16mm) pour un Montage Facile.<\/strong><\/li>\n<li><strong>Bo\u00eetier de Contr\u00f4le S\u00e9par\u00e9 pour un T\u00eate de Lampe Plus L\u00e9g\u00e8re.<\/strong><\/li>\n<li><strong>C\u00e2ble T\u00eate R\u00e9sistant aux Intemp\u00e9ries :<\/strong> 7,5 m\u00e8tres, C\u00e2ble d&#8217;Alimentation Neutrik Locking : 6 m\u00e8tres.<\/li>\n<li><strong>Plaque de Lib\u00e9ration Rapide Lightning Clamp.<\/strong><\/li>\n<li><strong>Quatre Courbes de Gradation :<\/strong> Lin\u00e9aire, Exponentielle, Logarithmique, S-Courbe.<\/li>\n<li><strong>Neuf Effets d&#8217;\u00c9clairage :<\/strong> Paparazzi, Feux d&#8217;artifice, \u00c9clair, Ampoule D\u00e9fectueuse, TV, Pulsation, Stroboscope, Explosion, et Feu.<\/li>\n<\/ul>\n<p><strong>Aputure LS 600x Pro Bi-Color LED Monolight (V-Mount)<\/strong><\/p>","protected":false},"excerpt":{"rendered":"<p>Aputure LS 600x Pro Bi-Color LED Monolight (V-Mount) Le Aputure LS 600x Pro Bi-Color LED Monolight (V-Mount)\u00a0est un puissant projecteur<\/p>","protected":false},"featured_media":19532,"comment_status":"open","ping_status":"closed","template":"","meta":[],"product_brand":[461],"product_cat":[166,142],"product_tag":[227],"class_list":{"0":"post-19531","1":"product","2":"type-product","3":"status-publish","4":"has-post-thumbnail","6":"product_brand-aputure","7":"product_cat-eclairages-et-studio","8":"product_cat-eclairages-continues","9":"product_tag-brand-aputure","11":"first","12":"outofstock","13":"sale","14":"purchasable","15":"product-type-simple"},"jetpack_sharing_enabled":true,"_links":{"self":[{"href":"https:\/\/yahyaouishop.com\/fr\/wp-json\/wp\/v2\/product\/19531","targetHints":{"allow":["GET"]}}],"collection":[{"href":"https:\/\/yahyaouishop.com\/fr\/wp-json\/wp\/v2\/product"}],"about":[{"href":"https:\/\/yahyaouishop.com\/fr\/wp-json\/wp\/v2\/types\/product"}],"replies":[{"embeddable":true,"href":"https:\/\/yahyaouishop.com\/fr\/wp-json\/wp\/v2\/comments?post=19531"}],"version-history":[{"count":5,"href":"https:\/\/yahyaouishop.com\/fr\/wp-json\/wp\/v2\/product\/19531\/revisions"}],"predecessor-version":[{"id":20134,"href":"https:\/\/yahyaouishop.com\/fr\/wp-json\/wp\/v2\/product\/19531\/revisions\/20134"}],"wp:featuredmedia":[{"embeddable":true,"href":"https:\/\/yahyaouishop.com\/fr\/wp-json\/wp\/v2\/media\/19532"}],"wp:attachment":[{"href":"https:\/\/yahyaouishop.com\/fr\/wp-json\/wp\/v2\/media?parent=19531"}],"wp:term":[{"taxonomy":"product_brand","embeddable":true,"href":"https:\/\/yahyaouishop.com\/fr\/wp-json\/wp\/v2\/product_brand?post=19531"},{"taxonomy":"product_cat","embeddable":true,"href":"https:\/\/yahyaouishop.com\/fr\/wp-json\/wp\/v2\/product_cat?post=19531"},{"taxonomy":"product_tag","embeddable":true,"href":"https:\/\/yahyaouishop.com\/fr\/wp-json\/wp\/v2\/product_tag?post=19531"}],"curies":[{"name":"wp","href":"https:\/\/api.w.org\/{rel}","templated":true}]}}