{"id":19512,"date":"2024-07-12T16:45:06","date_gmt":"2024-07-12T15:45:06","guid":{"rendered":"https:\/\/yahyaouishop.com\/?post_type=product&#038;p=19512"},"modified":"2025-12-15T11:10:25","modified_gmt":"2025-12-15T10:10:25","slug":"sony-fx6","status":"publish","type":"product","link":"https:\/\/yahyaouishop.com\/fr\/produit\/sony-fx6\/","title":{"rendered":"Sony FX6 \u2013 Cam\u00e9ra Cin\u00e9ma"},"content":{"rendered":"<div>\n<div class=\"feature_UbV5SNP5Eo\">\n<div class=\"featureHeader_UbV5SNP5Eo\">\n<div class=\"text_TAw0W35QK_ comfy_TAw0W35QK_ sizeTitle2_TAw0W35QK_ weightNormal_TAw0W35QK_ primary_i3MsQsqoe0\">\n<p><strong>Sony FX6 : Capture Cin\u00e9ma Compacte<\/strong><\/p>\n<p>La <strong>cam\u00e9ra Full-Frame FX6<\/strong> de Sony a \u00e9t\u00e9 con\u00e7ue pour offrir une imagerie cin\u00e9matographique polyvalente dans un format v\u00e9ritablement compact. Avec la capacit\u00e9 de capturer jusqu&#8217;\u00e0 15+ arr\u00eats de plage dynamique, la gamma S-Cinetone de Sony pour des tons de peau semblables \u00e0 ceux du film, et un enregistrement XAVC-I jusqu&#8217;\u00e0 10 bits et 4:2:2, la FX6 est pr\u00eate \u00e0 compl\u00e9ter votre capture FX9 ou VENICE et \u00e0 s&#8217;attaquer avec agilit\u00e9 aux tournages de documentaires, de stabilisateurs et de drones.<\/p>\n<p><strong>Capteur Exmor R Full-Frame 4K<\/strong> La cam\u00e9ra FX6 combine un capteur Exmor R Full-Frame 4K avec un moteur BIONZ XR pour une capture extr\u00eamement sensible dans une gamme de param\u00e8tres, utilisant une ISO de base de 800 ainsi qu&#8217;un mode haute sensibilit\u00e9 ISO 12800 pour des sc\u00e8nes en basse lumi\u00e8re nuanc\u00e9es. Ce capteur d&#8217;image de 10,2 MP dispose d&#8217;une illumination par le dos pour une excellente performance en basse lumi\u00e8re, de 627 points de d\u00e9tection de phase pour une mise au point automatique rapide et une compatibilit\u00e9 avec les objectifs plein format qui produisent un rendu riche et immersif. La vitesse de balayage rapide du capteur minimise les artefacts de d\u00e9calage de l&#8217;obturateur et prend en charge les taux de trame \u00e9lev\u00e9s et les r\u00e9ponses rapides de mise au point automatique.<\/p>\n<p><strong>Design Compact \u00e0 Un Seul Op\u00e9rateur<\/strong> Pesant un peu moins de 2 lb (900 g), le bo\u00eetier FX6 est 2 lb (900 g) plus l\u00e9ger que le FX9 et mesure 6 x 4,6&#8243;, int\u00e9grant un capteur Full-Frame dans un bo\u00eetier comparable \u00e0 celui du Sony FS5 \u00e0 capteur S35. Bien que la FX6 s&#8217;int\u00e8gre parfaitement dans un flux de travail professionnel en plateau, elle offre \u00e9galement plusieurs caract\u00e9ristiques avantageuses pour un utilisateur unique. Celles-ci incluent une mise au point automatique \u00e0 d\u00e9tection de phase rapide et pr\u00e9cise avec d\u00e9tection du visage et mise au point automatique en temps r\u00e9el sur les yeux, des r\u00e9glages de filtre ND automatiques et manuels pour une compensation d&#8217;exposition rapide, et un moniteur LCD de 3,5&#8243; offrant un acc\u00e8s tactile aux param\u00e8tres cl\u00e9s du menu et une position polyvalente pour une utilisation confortable. En plus d&#8217;am\u00e9liorer la stabilit\u00e9 g\u00e9n\u00e9rale de la cam\u00e9ra, la mise \u00e0 jour du firmware v1.10 ajoute des options 100p et 120p au menu des taux de trame de Slow and Quick Motion lorsque le codec est r\u00e9gl\u00e9 sur RAW ou RAW et XAVC-I.<\/p>\n<p><strong>Addition Polyvalente \u00e0 la Ligne Cin\u00e9ma de Sony<\/strong> En tant que partie de la Ligne Cin\u00e9ma de Sony, la FX6 partage des caract\u00e9ristiques d&#8217;imagerie cl\u00e9s avec des cam\u00e9ras \u00e9tablies comme la VENICE et la FX9. Les attributs communs incluent un capteur Full-Frame, une science des couleurs cin\u00e9matographiques, une forme compacte et l\u00e9g\u00e8re, des interfaces de connecteurs professionnels et des choix avanc\u00e9s de mise au point automatique.<\/p>\n<p>Compar\u00e9e au FX9, la FX6 se distingue par plusieurs sp\u00e9cifications, mais de nombreuses sp\u00e9cifications de la FX6 cochent les m\u00eames cases et plusieurs am\u00e9liorent celles du FX9 :<\/p>\n<ul>\n<li>Capture vid\u00e9o jusqu&#8217;\u00e0 DCI 4K60 comme le FX9<\/li>\n<li>M\u00eame choix de gamma S-Cinetone, S-Log3 et HLG<\/li>\n<li>Sorties RAW 16 bits comme le FX9<\/li>\n<li>Monture d&#8217;objectif Sony E<\/li>\n<li>Options ND de 1\/4 \u00e0 1\/128 identiques<\/li>\n<li>Entr\u00e9es audio XLR \u00e0 2 canaux<\/li>\n<\/ul>\n<p>Diff\u00e9rences de la FX6 par rapport au FX9 :<\/p>\n<ul>\n<li>Capture 4K vs 6K<\/li>\n<li>Dispose d&#8217;un seul port SDI BNC 12G\/6G\/3G, r\u00e9duisant le port 3G-SDI suppl\u00e9mentaire du FX9<\/li>\n<li>Int\u00e8gre un port timecode mais manque du connecteur genlock du FX9<\/li>\n<\/ul>\n<p>Am\u00e9liorations des sp\u00e9cifications de la FX6 :<\/p>\n<ul>\n<li>Plage ISO de 320 \u00e0 409 600 contre la plage de 320 \u00e0 102 400 du FX9<\/li>\n<li>Taux de trame maximum de 120p en 4K et jusqu&#8217;\u00e0 240p en HD contre le maximum de 1080p en HD du FX9<\/li>\n<li>Deux emplacements pour cartes compatibles avec les cartes CFexpress Type A durables et tr\u00e8s efficaces ou les cartes SDXC largement disponibles, par rapport \u00e0 la d\u00e9pendance du FX9 aux cartes XQD propri\u00e9taires et une seule option SD<\/li>\n<\/ul>\n<p><strong>Mise \u00e0 Jour du Firmware v4.0<\/strong> Mettez \u00e0 jour votre Sony FX6 avec le firmware v4.0 pour acc\u00e9der \u00e0 de nouvelles fonctionnalit\u00e9s con\u00e7ues avec les retours de la communaut\u00e9 cin\u00e9matographique professionnelle.<\/p>\n<ul>\n<li>Le d\u00e9-squeeze anamorphique est d\u00e9sormais disponible en ratios 1,3x et 2,0x pour la visualisation dans le viseur et via la sortie HDMI.<\/li>\n<li>Le support Cine EI Quick vous permet de s\u00e9lectionner le m\u00eame flux de travail que les cam\u00e9ras Cinema Line telles que la FX3 et FX30, simplifiant ainsi votre processus multi-cam\u00e9ras.<\/li>\n<li>La nomination des clips utilise d\u00e9sormais le m\u00eame processus que les cam\u00e9ras CineAlta, assurant un flux de travail multi-cam\u00e9ras plus facile.<\/li>\n<li>La mise au point automatique est disponible lorsque vous utilisez des taux de trame de 7 fps ou plus en mode S&amp;Q (Slow &amp; Quick).<\/li>\n<\/ul>\n<p><strong>Plage Dynamique de 15+ Arr\u00eats<\/strong><\/p>\n<ul>\n<li>Capture jusqu&#8217;\u00e0 15+ arr\u00eats de plage dynamique<\/li>\n<li>Cr\u00e9e des images nuanc\u00e9es et haute r\u00e9solution<\/li>\n<li>S\u00e9lectionnez le mode Cine EI avec S-Log3 pour la plage dynamique maximale<\/li>\n<\/ul>\n<p><strong>Plage ISO Large<\/strong><\/p>\n<ul>\n<li>Choisissez entre une ISO de base de 800, une ISO haute sensibilit\u00e9 de 12 800 pour une capture en basse lumi\u00e8re, et une ISO maximale de 409 600 pour des r\u00e9glages en tr\u00e8s basse lumi\u00e8re.<\/li>\n<\/ul>\n<p><strong>Filtres ND \u00c9lectroniquement Variables<\/strong><\/p>\n<\/div>\n<\/div>\n<\/div>\n<\/div>\n<div>\n<div class=\"feature_UbV5SNP5Eo\">\n<div class=\"\">\n<div class=\"hasRightMedia_UbV5SNP5Eo\">\n<div class=\"isImage_UbV5SNP5Eo media_UbV5SNP5Eo hasListItem_UbV5SNP5Eo\"><img decoding=\"async\" class=\"pointer_pdnKDph4rT\" src=\"https:\/\/static.bhphoto.com\/images\/rich_content\/desktop\/IMG_1901057.jpg\" alt=\"Shown with Optional Equipment\" data-selenium=\"OverviewSectionMediaImage\" title=\"\"><\/div>\n<div class=\"js-injected-html text_UbV5SNP5Eo\">\n<ul>\n<li><strong>R\u00e9glage Automatique du Filtre ND Int\u00e9gr\u00e9 de la FX6<\/strong>\n<ul>\n<li><strong>R\u00e9glez le syst\u00e8me de filtre de densit\u00e9 neutre (ND) int\u00e9gr\u00e9 de la FX6 sur le mode automatique<\/strong> pour des prises de vue correctement expos\u00e9es, m\u00eame dans des conditions d&#8217;\u00e9clairage changeantes.<\/li>\n<li><strong>Ajustez manuellement la densit\u00e9 du filtre ND<\/strong> en increments de 1\/4 \u00e0 1\/128 pendant vos prises de vue.<\/li>\n<li>Les deux options produiront des images correctement expos\u00e9es sans affecter la profondeur de champ choisie.<\/li>\n<\/ul>\n<p><strong>Options Avanc\u00e9es du Codec XAVC<\/strong><\/p>\n<ul>\n<li>La FX6 est la premi\u00e8re cam\u00e9ra compacte \u00e0 capteur full-frame \u00e0 offrir la capture UHD 4K 4:2:2 dans le codec XAVC-I, de haute qualit\u00e9 mais efficace.<\/li>\n<li>Vous pouvez \u00e9galement choisir parmi une gamme de codecs professionnels XAVC Intra et XAVC Long avec des d\u00e9bits binaires allant de 35 \u00e0 600 Mb\/s.<\/li>\n<\/ul>\n<p><strong>S\u00e9lections de Haute Vitesse d&#8217;Image<\/strong> Pour les effets en slow-motion et les sc\u00e8nes d&#8217;action rapide, choisissez parmi les taux de trame plein format suivants :<\/p>\n<ul>\n<li><strong>1 \u00e0 60 fps en HD<\/strong> jusqu&#8217;\u00e0 des r\u00e9solutions DCI 4K<\/li>\n<li><strong>100 ou 120 fps en HD<\/strong> jusqu&#8217;\u00e0 UHD 4K<\/li>\n<li><strong>150, 180, 200 ou 240 fps en Full HD<\/strong><\/li>\n<\/ul>\n<p>Pour les options Super35 :<\/p>\n<ul>\n<li><strong>1 \u00e0 60, 100 et 120 fps en Full HD<\/strong><\/li>\n<\/ul>\n<p><strong>Aspect Cin\u00e9matographique Expressif<\/strong><\/p>\n<ul>\n<li>La courbe gamma S-Cinetone de Sony offre un aspect cin\u00e9matographique avec des couleurs semblables \u00e0 celles du film, des tons plus doux et une reproduction agr\u00e9able des tons de peau.<\/li>\n<li>Non seulement cet aspect cin\u00e9matographique est disponible pour la visualisation dans la cam\u00e9ra, mais il peut \u00e9galement \u00eatre captur\u00e9 et sorti avec peu ou pas de correction pour un processus post-production plus rapide.<\/li>\n<li>Les choix S-Cinetone, S-Log3, S-Gamut3, et S-Gamut3.Cine simplifient \u00e9galement le processus d&#8217;harmonisation des images de la FX6 avec celles de vos vid\u00e9os VENICE ou FX9 et offrent de larges options de correction des couleurs.<\/li>\n<\/ul>\n<p><strong>Autofocus Hybride Rapide\/D\u00e9tection de Phase<\/strong><\/p>\n<ul>\n<li>La FX6 est \u00e9quip\u00e9e d&#8217;un syst\u00e8me d&#8217;autofocus hybride rapide avec d\u00e9tection de phase, garantissant une mise au point rapide et pr\u00e9cise pour des captures nettes, m\u00eame dans des conditions de prise de vue difficiles.<\/li>\n<\/ul>\n<\/li>\n<\/ul>\n<\/div>\n<\/div>\n<\/div>\n<\/div>\n<\/div>\n<div>\n<div class=\"feature_UbV5SNP5Eo\">\n<div class=\"\">\n<div class=\"hasLeftMedia_UbV5SNP5Eo\">\n<div class=\"isImage_UbV5SNP5Eo media_UbV5SNP5Eo hasListItem_UbV5SNP5Eo\"><img decoding=\"async\" class=\"pointer_pdnKDph4rT\" src=\"https:\/\/static.bhphoto.com\/images\/rich_content\/desktop\/IMG_1446788.jpg\" alt=\"Shown with Optional Equipment\" data-selenium=\"OverviewSectionMediaImage\" title=\"\"><\/div>\n<div class=\"js-injected-html text_UbV5SNP5Eo\">\n<ul>\n<li>\n<div class=\"flex flex-grow flex-col max-w-full\">\n<div class=\"min-h-[20px] text-message flex flex-col items-start whitespace-pre-wrap break-words [.text-message+&amp;]:mt-5 juice:w-full juice:items-end overflow-x-auto gap-2\" dir=\"auto\" data-message-author-role=\"assistant\" data-message-id=\"e51a84dc-324e-4c53-8c18-ede2a38be391\">\n<div class=\"flex w-full flex-col gap-1 juice:empty:hidden juice:first:pt-[3px]\">\n<div class=\"markdown prose w-full break-words dark:prose-invert light\">\n<p><strong>Compatibilit\u00e9 avec les Objectifs Sony E-mount<\/strong><\/p>\n<ul>\n<li>La FX6 est compatible avec plus de 50 objectifs Sony E-mount natifs.<\/li>\n<li>Les choix d&#8217;autofocus am\u00e9lior\u00e9s incluent les modes D\u00e9tection de Visage et Autofocus sur les Yeux.<\/li>\n<li>Permet une mise au point rapide avec une pr\u00e9cision extr\u00eamement nette, m\u00eame dans des conditions de faible luminosit\u00e9.<\/li>\n<li>L&#8217;autofocus \u00e0 d\u00e9tection de phase utilise sept \u00e9tapes de vitesse de transition et cinq niveaux de sensibilit\u00e9 au sujet.<\/li>\n<\/ul>\n<p><strong>Stabilisation de l&#8217;Image et Plus avec Catalyst et M\u00e9tadonn\u00e9es<\/strong><\/p>\n<ul>\n<li>Associez la FX6 au logiciel Catalyst Prepare\/Browse de Sony pour utiliser les m\u00e9tadonn\u00e9es afin de stabiliser votre image, de faire pivoter automatiquement les s\u00e9quences de stabilisateur, et d&#8217;ajouter des indicateurs pour un filtrage plus facile des clips en post-production.<\/li>\n<\/ul>\n<p><strong>\u00c9cran LCD Tactile de 3,5&#8243;<\/strong><\/p>\n<ul>\n<li>L&#8217;\u00e9cran LCD de 3,5&#8243; de la FX6 offre \u00e0 la fois une visualisation haute r\u00e9solution et la commodit\u00e9 du contr\u00f4le tactile de la cam\u00e9ra.<\/li>\n<li>Les contr\u00f4les du menu rapide LCD incluent des param\u00e8tres cl\u00e9s tels que le Codec, le Mode de Balayage de l&#8217;Imageur, la Taille et la Fr\u00e9quence de l&#8217;Image, l&#8217;ISO\/Sensibilit\u00e9 de Base, le Mode de Prise de Vue et les Niveaux Audio.<\/li>\n<\/ul>\n<p><strong>Conception et Construction Fiables<\/strong><\/p>\n<ul>\n<li>Construit avec un ch\u00e2ssis en alliage de magn\u00e9sium l\u00e9ger mais durable, le bo\u00eetier de la FX6 offre une fiabilit\u00e9 maximale et dissipe efficacement la chaleur pour permettre des temps d&#8217;enregistrement prolong\u00e9s.<\/li>\n<li>Les joints ext\u00e9rieurs, boutons et interfaces ont \u00e9t\u00e9 trait\u00e9s avec un scellement mis \u00e0 jour, am\u00e9liorant ainsi la r\u00e9sistance de la cam\u00e9ra \u00e0 la poussi\u00e8re et \u00e0 l&#8217;humidit\u00e9.<\/li>\n<\/ul>\n<p><strong>Enregistrement Audio \u00e0 4 Canaux<\/strong><\/p>\n<ul>\n<li>La FX6 offre un enregistrement audio jusqu&#8217;\u00e0 4 canaux en combinant les sources des entr\u00e9es XLR doubles, de l&#8217;entr\u00e9e multi-interface \u00e0 2 canaux, et du microphone st\u00e9r\u00e9o int\u00e9gr\u00e9 \u00e0 la poign\u00e9e sup\u00e9rieure de la cam\u00e9ra.<\/li>\n<li>Cela permet l&#8217;utilisation simultan\u00e9e d&#8217;un microphone externe pour enregistrer votre source audio principale et du microphone int\u00e9gr\u00e9 pour le son ambiant et\/ou les m\u00e9mos vocaux par l&#8217;op\u00e9rateur.<\/li>\n<\/ul>\n<p><strong>Interface Professionnelle d&#8217;Entr\u00e9e\/Sortie<\/strong><\/p>\n<ul>\n<li>La FX6 est \u00e9quip\u00e9e d&#8217;une interface professionnelle pour r\u00e9pondre aux exigences des productions vid\u00e9o de haute qualit\u00e9, offrant des connexions robustes et fiables pour une int\u00e9gration facile dans les environnements de tournage professionnel<\/li>\n<\/ul>\n<\/div>\n<\/div>\n<\/div>\n<\/div>\n<\/li>\n<\/ul>\n<\/div>\n<\/div>\n<\/div>\n<\/div>\n<\/div>\n<div>\n<div class=\"feature_UbV5SNP5Eo\">\n<div class=\"\">\n<div class=\"hasRightMedia_UbV5SNP5Eo\">\n<div class=\"isImage_UbV5SNP5Eo media_UbV5SNP5Eo hasListItem_UbV5SNP5Eo\"><img decoding=\"async\" class=\"pointer_pdnKDph4rT\" src=\"https:\/\/static.bhphoto.com\/images\/rich_content\/desktop\/IMG_1446791.jpg\" alt=\"Shown with Optional Equipment\" data-selenium=\"OverviewSectionMediaImage\" title=\"\"><\/div>\n<div class=\"js-injected-html text_UbV5SNP5Eo\">\n<ul>\n<li><strong>Ports d&#8217;Entr\u00e9e et de Sortie de la FX6<\/strong>\n<ul>\n<li><strong>Port de Sortie SDI S\u00e9lectable 12G\/6G\/3G<\/strong> pour un monitoring flexible.<\/li>\n<li><strong>Sortie HDMI et Sortie Raw 12 bits via SDI<\/strong>.<\/li>\n<li><strong>Entr\u00e9e et Sortie Timecode<\/strong> pour synchroniser plusieurs cam\u00e9ras.<\/li>\n<li><strong>Module Wi-Fi Int\u00e9gr\u00e9<\/strong> pour une connectivit\u00e9 sans fil pratique.<\/li>\n<\/ul>\n<p><strong>Emplacements pour M\u00e9dias CFexpress et Modes d&#8217;Enregistrement Multiples<\/strong><\/p>\n<ul>\n<li>Les <strong>deux emplacements pour m\u00e9dias<\/strong> de la FX6 acceptent \u00e0 la fois des cartes CFexpress Type A robustes, performantes et de grande capacit\u00e9, ainsi que des cartes SDXC UHS-II\/UHS-1 largement disponibles.<\/li>\n<li>Les <strong>cartes CFexpress Type A<\/strong> sont requises pour la capture UHD 4K \u00e0 100\/120 fps et pour la capture HD haute vitesse \u00e0 150\/180\/200\/240 fps.<\/li>\n<\/ul>\n<p><strong>Conception Modulaire et Pr\u00eate \u00e0 l\u2019Emploi<\/strong><\/p>\n<ul>\n<li>La conception modulaire de la FX6 vous permet de r\u00e9duire la cam\u00e9ra \u00e0 son corps compact pour une utilisation avec des stabilisateurs ou des drones. Elle peut \u00e9galement \u00eatre \u00e9quip\u00e9e d&#8217;accessoires disponibles s\u00e9par\u00e9ment, tels qu&#8217;une poign\u00e9e intelligente et un grip intelligent pour un contr\u00f4le facile lors de la prise de vue \u00e0 main lev\u00e9e.<\/li>\n<li>Un \u00e9cran LCD de 3,5&#8243; peut \u00eatre rapidement positionn\u00e9 sur la cam\u00e9ra \u00e0 plusieurs endroits pour une visualisation ergonomique et confortable.<\/li>\n<\/ul>\n<p><strong>Compatibilit\u00e9 avec Content Browser Mobile<\/strong><\/p>\n<ul>\n<li>La FX6 est compatible avec le logiciel <strong>Content Browser Mobile<\/strong>, facilitant la gestion et le transfert de contenu sur des appareils mobiles pour une int\u00e9gration et une gestion de contenu efficaces en d\u00e9placement.<\/li>\n<\/ul>\n<\/li>\n<\/ul>\n<\/div>\n<\/div>\n<\/div>\n<\/div>\n<\/div>\n<div>\n<div class=\"feature_UbV5SNP5Eo\">\n<div class=\"\">\n<div class=\"hasLeftMedia_UbV5SNP5Eo\">\n<div class=\"js-injected-html text_UbV5SNP5Eo\"><\/div>\n<\/div>\n<\/div>\n<\/div>\n<\/div>","protected":false},"excerpt":{"rendered":"<div class=\"flex flex-grow flex-col max-w-full\">\n<div class=\"min-h-[20px] text-message flex flex-col items-start whitespace-pre-wrap break-words [.text-message+&amp;]:mt-5 juice:w-full juice:items-end overflow-x-auto gap-2\" dir=\"auto\" data-message-author-role=\"assistant\" data-message-id=\"d491a26d-10a7-481b-b781-8ea680e480b4\">\n<div class=\"flex w-full flex-col gap-1 juice:empty:hidden juice:first:pt-[3px]\">\n<div class=\"markdown prose w-full break-words dark:prose-invert light\">\n<p><strong>Sony FX6 : Capture Cin\u00e9ma Compacte<\/strong><\/p>\n<p>La cam\u00e9ra Full-Frame Sony FX6 a \u00e9t\u00e9 con\u00e7ue pour offrir une imagerie cin\u00e9matographique polyvalente dans un format v\u00e9ritablement compact. Avec la capacit\u00e9 de capturer jusqu&#8217;\u00e0 15+ arr\u00eats de plage dynamique, la gamma S-Cinetone de Sony assure des tons de peau naturels similaires \u00e0 ceux du film. Enregistrez en XAVC-I jusqu&#8217;\u00e0 10 bits et 4:2:2 pour une qualit\u00e9 d&#8217;image exceptionnelle. Id\u00e9ale pour les tournages documentaires, les utilisations avec stabilisateurs et drones, la Sony FX6 compl\u00e8te parfaitement les appareils photo Sony Alpha comme les Sony Alpha 7 III, Sony Alpha 7R IV, et Sony Alpha 9 II, ainsi que les objectifs Sony FE 24-70mm f\/2.8 GM et FE 70-200mm f\/2.8 GM.<\/p>\n<\/div>\n<\/div>\n<\/div>\n<\/div>\n<div class=\"mt-1 flex gap-3 empty:hidden juice:-ml-3\">\n<div class=\"items-center justify-start rounded-xl p-1 flex\">\n<div class=\"flex items-center\"><\/div>\n<\/div>\n<\/div>","protected":false},"featured_media":19513,"comment_status":"open","ping_status":"closed","template":"","meta":[],"product_brand":[448],"product_cat":[190,161],"product_tag":[222],"class_list":{"0":"post-19512","1":"product","2":"type-product","3":"status-publish","4":"has-post-thumbnail","6":"product_brand-sony","7":"product_cat-sony","8":"product_cat-cameras","9":"product_tag-brand-sony","11":"first","12":"instock","13":"sale","14":"purchasable","15":"product-type-simple"},"jetpack_sharing_enabled":true,"_links":{"self":[{"href":"https:\/\/yahyaouishop.com\/fr\/wp-json\/wp\/v2\/product\/19512","targetHints":{"allow":["GET"]}}],"collection":[{"href":"https:\/\/yahyaouishop.com\/fr\/wp-json\/wp\/v2\/product"}],"about":[{"href":"https:\/\/yahyaouishop.com\/fr\/wp-json\/wp\/v2\/types\/product"}],"replies":[{"embeddable":true,"href":"https:\/\/yahyaouishop.com\/fr\/wp-json\/wp\/v2\/comments?post=19512"}],"version-history":[{"count":5,"href":"https:\/\/yahyaouishop.com\/fr\/wp-json\/wp\/v2\/product\/19512\/revisions"}],"predecessor-version":[{"id":20136,"href":"https:\/\/yahyaouishop.com\/fr\/wp-json\/wp\/v2\/product\/19512\/revisions\/20136"}],"wp:featuredmedia":[{"embeddable":true,"href":"https:\/\/yahyaouishop.com\/fr\/wp-json\/wp\/v2\/media\/19513"}],"wp:attachment":[{"href":"https:\/\/yahyaouishop.com\/fr\/wp-json\/wp\/v2\/media?parent=19512"}],"wp:term":[{"taxonomy":"product_brand","embeddable":true,"href":"https:\/\/yahyaouishop.com\/fr\/wp-json\/wp\/v2\/product_brand?post=19512"},{"taxonomy":"product_cat","embeddable":true,"href":"https:\/\/yahyaouishop.com\/fr\/wp-json\/wp\/v2\/product_cat?post=19512"},{"taxonomy":"product_tag","embeddable":true,"href":"https:\/\/yahyaouishop.com\/fr\/wp-json\/wp\/v2\/product_tag?post=19512"}],"curies":[{"name":"wp","href":"https:\/\/api.w.org\/{rel}","templated":true}]}}