{"id":19475,"date":"2024-07-12T16:06:27","date_gmt":"2024-07-12T15:06:27","guid":{"rendered":"https:\/\/yahyaouishop.com\/?post_type=product&#038;p=19475"},"modified":"2025-10-01T01:07:19","modified_gmt":"2025-10-01T00:07:19","slug":"hollyland-pyro-h-wireless","status":"publish","type":"product","link":"https:\/\/yahyaouishop.com\/fr\/produit\/hollyland-pyro-h-wireless\/","title":{"rendered":"Hollyland Pyro H Wireless HDMI Video Transmission System,"},"content":{"rendered":"<p>Le <strong>Hollyland Pyro H Wireless<\/strong> est un syst\u00e8me de transmission vid\u00e9o HDMI sans fil de pointe, con\u00e7u pour r\u00e9pondre aux besoins des professionnels de la production cin\u00e9matographique, du streaming en direct et des applications ENG\/EFP. La s\u00e9rie Pyro de Hollyland se distingue des autres produits, tels que le Hollyland Mars 400S Pro, le Hollyland Mars 300 et le Hollyland Cosmo, par sa compatibilit\u00e9 crois\u00e9e am\u00e9lior\u00e9e et ses performances optimis\u00e9es.<\/p>\n<p>Contrairement \u00e0 la s\u00e9rie Mars, la s\u00e9rie Pyro permet une surveillance multi-utilisateurs gr\u00e2ce \u00e0 sa capacit\u00e9 \u00e0 prendre en charge un plus grand nombre de r\u00e9cepteurs. Le <strong>Hollyland Pyro H Wireless<\/strong> se d\u00e9marque par une port\u00e9e de transmission impressionnante de 1 300 pieds (400 m) et une latence ultra-faible de seulement 60 ms. Ces caract\u00e9ristiques en font une solution id\u00e9ale pour les sc\u00e9narios de tournage dynamiques o\u00f9 une direction et un retour en temps r\u00e9el sont essentiels.<\/p>\n<p><strong>Transmission Vid\u00e9o 4K UHD &amp; Scan de Canal Intelligent<\/strong> Le Hollyland Pyro H Wireless prend en charge les formats d&#8217;entr\u00e9e et de sortie vid\u00e9o jusqu&#8217;\u00e0 une r\u00e9solution de 3840&#215;2160@24\/25\/30fps via le port HDMI. Dot\u00e9 d&#8217;un scan de canal intelligent, il s\u00e9lectionne automatiquement le canal de fr\u00e9quence optimal au d\u00e9marrage, garantissant un fonctionnement fluide sur les bandes 2.4 GHz et 5 GHz. Les utilisateurs peuvent \u00e9galement activer cette fonction sur le r\u00e9cepteur pour visualiser en temps r\u00e9el l&#8217;\u00e9tat des fr\u00e9quences, assurant ainsi une connexion stable et fiable, m\u00eame dans les environnements les plus exigeants.<\/p>\n<p><strong>Performance Am\u00e9lior\u00e9e pour des R\u00e9sultats Sup\u00e9rieurs<\/strong> Avec le Hollyland Pyro H Wireless, profitez d&#8217;une transmission vid\u00e9o plus rapide, plus longue et plus stable. La port\u00e9e \u00e9tendue et la latence r\u00e9duite assurent une exp\u00e9rience de visionnage sans faille, indispensable pour les productions professionnelles. Ce syst\u00e8me est con\u00e7u pour surmonter les d\u00e9fis des environnements de tournage difficiles, offrant une qualit\u00e9 vid\u00e9o sup\u00e9rieure et un signal stable.<\/p>\n<p><strong>Collaboration et Application Hollyview<\/strong> Le <strong>Hollyland Pyro H Wireless<\/strong> permet la transmission vers jusqu&#8217;\u00e0 4 r\u00e9cepteurs diff\u00e9rents, facilitant la collaboration entre les \u00e9quipes. L&#8217;application Hollyview, d\u00e9di\u00e9e \u00e0 ce syst\u00e8me, permet aux \u00e9quipes de surveiller les flux en temps r\u00e9el, d&#8217;ajuster les param\u00e8tres \u00e0 la vol\u00e9e et d&#8217;am\u00e9liorer l&#8217;efficacit\u00e9 sur le plateau de tournage. Cette fonctionnalit\u00e9 est particuli\u00e8rement utile pour les \u00e9quipes travaillant sur des projets de grande envergure o\u00f9 la coordination et la communication sont essentielles.<\/p>\n<p><strong>Connectivit\u00e9 et Diffusion en Direct UVC<\/strong> Le Hollyland Pyro H Wireless est \u00e9quip\u00e9 d&#8217;une entr\u00e9e\/sortie HDMI et d&#8217;un Loopout, permettant une connexion transparente aux cam\u00e9ras et aux moniteurs de terrain. Avec le support de la classe vid\u00e9o USB (UVC), il offre une diffusion en direct plug-and-play directement sur votre ordinateur, simplifiant le processus de diffusion de contenu en direct \u00e0 un public mondial. Cette fonctionnalit\u00e9 est id\u00e9ale pour les professionnels du streaming en direct qui n\u00e9cessitent une solution fiable et facile \u00e0 utiliser.<\/p>\n<p><strong>Accessoires Inclus et Garantie d&#8217;un An<\/strong> Chaque kit <strong>Hollyland Pyro H Wireless<\/strong> est livr\u00e9 avec un \u00e9metteur et un r\u00e9cepteur vid\u00e9o sans fil, cinq antennes cylindriques double bande pour une force de signal optimale, une monture rotative de sabot froid pour des options de montage polyvalentes, un adaptateur USB-C OTG pour une connectivit\u00e9 facile, et un guide rapide pour vous aider \u00e0 d\u00e9marrer imm\u00e9diatement. En plus de ces accessoires, le syst\u00e8me est couvert par une garantie d&#8217;un an, offrant une tranquillit\u00e9 d&#8217;esprit suppl\u00e9mentaire aux utilisateurs professionnels.<\/p>\n<p>En r\u00e9sum\u00e9, le <strong>Hollyland Pyro H Wireless<\/strong> est la solution ultime pour les professionnels recherchant une transmission vid\u00e9o sans fil de haute qualit\u00e9. Avec ses performances sup\u00e9rieures, sa port\u00e9e \u00e9tendue, sa latence r\u00e9duite et sa capacit\u00e9 \u00e0 prendre en charge plusieurs r\u00e9cepteurs, il surpasse les autres syst\u00e8mes de transmission vid\u00e9o sans fil Hollyland tels que le Hollyland Mars 400S Pro et le Hollyland Cosmo. Que vous soyez dans la production cin\u00e9matographique, le streaming en direct ou les applications ENG\/EFP, le<strong> Hollyland Pyro H Wireless<\/strong> est con\u00e7u pour r\u00e9pondre \u00e0 tous vos besoins de transmission vid\u00e9o.<\/p>\n<p>&nbsp;<\/p>","protected":false},"excerpt":{"rendered":"<p>Le <strong>Hollyland Pyro H Wireless<\/strong> est un syst\u00e8me de transmission vid\u00e9o HDMI sans fil avanc\u00e9, offrant une port\u00e9e de 1 300 pieds et une latence ultra-faible de 60 ms. Con\u00e7u pour les professionnels, il prend en charge la vid\u00e9o 4K UHD et dispose d&#8217;un scan de canal intelligent pour une connexion stable. Compatible avec plusieurs r\u00e9cepteurs, il facilite la collaboration sur les plateaux de tournage. Inclus : \u00e9metteur, r\u00e9cepteur, antennes, monture rotative et adaptateur USB-C OTG. Id\u00e9al pour la production cin\u00e9matographique, le streaming en direct et les applications ENG\/EFP, le Hollyland Pyro H Wireless garantit une performance sup\u00e9rieure.<\/p>","protected":false},"featured_media":19479,"comment_status":"open","ping_status":"closed","template":"","meta":[],"product_brand":[455],"product_cat":[126,175],"product_tag":[449],"class_list":{"0":"post-19475","1":"product","2":"type-product","3":"status-publish","4":"has-post-thumbnail","6":"product_brand-yahyaoui-shop","7":"product_cat-produits-divers","8":"product_cat-moniteurs-video","9":"product_tag-yahyaoui-shop","11":"first","12":"instock","13":"taxable","14":"shipping-taxable","15":"purchasable","16":"product-type-simple"},"jetpack_sharing_enabled":true,"_links":{"self":[{"href":"https:\/\/yahyaouishop.com\/fr\/wp-json\/wp\/v2\/product\/19475","targetHints":{"allow":["GET"]}}],"collection":[{"href":"https:\/\/yahyaouishop.com\/fr\/wp-json\/wp\/v2\/product"}],"about":[{"href":"https:\/\/yahyaouishop.com\/fr\/wp-json\/wp\/v2\/types\/product"}],"replies":[{"embeddable":true,"href":"https:\/\/yahyaouishop.com\/fr\/wp-json\/wp\/v2\/comments?post=19475"}],"version-history":[{"count":6,"href":"https:\/\/yahyaouishop.com\/fr\/wp-json\/wp\/v2\/product\/19475\/revisions"}],"predecessor-version":[{"id":19774,"href":"https:\/\/yahyaouishop.com\/fr\/wp-json\/wp\/v2\/product\/19475\/revisions\/19774"}],"wp:featuredmedia":[{"embeddable":true,"href":"https:\/\/yahyaouishop.com\/fr\/wp-json\/wp\/v2\/media\/19479"}],"wp:attachment":[{"href":"https:\/\/yahyaouishop.com\/fr\/wp-json\/wp\/v2\/media?parent=19475"}],"wp:term":[{"taxonomy":"product_brand","embeddable":true,"href":"https:\/\/yahyaouishop.com\/fr\/wp-json\/wp\/v2\/product_brand?post=19475"},{"taxonomy":"product_cat","embeddable":true,"href":"https:\/\/yahyaouishop.com\/fr\/wp-json\/wp\/v2\/product_cat?post=19475"},{"taxonomy":"product_tag","embeddable":true,"href":"https:\/\/yahyaouishop.com\/fr\/wp-json\/wp\/v2\/product_tag?post=19475"}],"curies":[{"name":"wp","href":"https:\/\/api.w.org\/{rel}","templated":true}]}}