{"id":19002,"date":"2024-06-07T12:05:11","date_gmt":"2024-06-07T11:05:11","guid":{"rendered":"https:\/\/yahyaouishop.com\/?post_type=product&#038;p=19002"},"modified":"2026-01-26T10:27:47","modified_gmt":"2026-01-26T09:27:47","slug":"papier-photo-zink-canon","status":"publish","type":"product","link":"https:\/\/yahyaouishop.com\/fr\/produit\/papier-photo-zink-canon\/","title":{"rendered":"Papier photo Canon ZINK 5&#215;7,6cm \u2013 Pack de 100"},"content":{"rendered":"<p>Transformez instantan\u00e9ment vos clich\u00e9s des r\u00e9seaux sociaux en autocollants personnalis\u00e9s avec ce papier photo Canon ZINK\u2122 5 x 7,6 cm. Cr\u00e9ez des souvenirs miniatures uniques ou apposez votre empreinte personnelle sur vos objets. Impressionnez avec des tirages r\u00e9sistants aux taches, \u00e0 l\u2019eau et aux d\u00e9chirures. Associez-le \u00e0 votre Canon Zoemini pour immortaliser vos moments pr\u00e9cieux o\u00f9 que vous soyez. Pas d\u2019encre, pas de tracas. Offrez-vous des instantan\u00e9s impeccables gr\u00e2ce \u00e0 la technologie innovante ZINK\u2122. Compatible avec Canon Zoemini, Zoemini C, Zoemini S, Zoemini S2 et Zoemini 2. Faites parler votre cr\u00e9ativit\u00e9 et personnalisez vos affaires en un clin d\u2019\u0153il !<\/p>\n<p>&nbsp;<\/p>\n<ol>\n<li><strong>Technologie ZINK :<\/strong>\u00a0La technologie d\u2019impression sans encre ZINK utilise des cristaux color\u00e9s int\u00e9gr\u00e9s au papier pour produire des images en couleur sans n\u00e9cessiter de cartouches d\u2019encre.<\/li>\n<li><strong>Taille :<\/strong>\u00a0Les feuilles de papier photo dans ce pack ont une taille de 5 x 7,6 cm, ce qui est souvent utilis\u00e9 pour des impressions de petite taille.<\/li>\n<li><strong>Pack de 100 Poses :<\/strong>\u00a0Avec 100 feuilles de papier photo, vous disposez d\u2019un nombre important d\u2019impressions pour capturer et partager vos moments pr\u00e9f\u00e9r\u00e9s.<\/li>\n<li><strong>Utilisation avec des Imprimantes Photo Instantan\u00e9es Canon ZINK :<\/strong>\u00a0Assurez-vous que le papier est compatible avec votre imprimante photo instantan\u00e9e Canon ZINK avant de l\u2019utiliser.<\/li>\n<li><strong>Polyvalence :<\/strong>\u00a0Le papier ZINK est souvent utilis\u00e9 pour des applications cr\u00e9atives, telles que la personnalisation d\u2019albums photo, la d\u00e9coration, etc.<\/li>\n<li><strong>Facilit\u00e9 d\u2019Utilisation :<\/strong>\u00a0Ins\u00e9rez simplement les feuilles de papier dans votre imprimante photo ZINK compatible et capturez et imprimez vos photos instantan\u00e9ment.<\/li>\n<\/ol>","protected":false},"excerpt":{"rendered":"<p>Transformez instantan\u00e9ment vos clich\u00e9s des r\u00e9seaux sociaux en autocollants personnalis\u00e9s avec ce papier photo Canon ZINK\u2122 5 x 7,6 cm.<\/p>","protected":false},"featured_media":19003,"comment_status":"open","ping_status":"closed","template":"","meta":[],"product_brand":[453],"product_cat":[163,126],"product_tag":[221],"class_list":{"0":"post-19002","1":"product","2":"type-product","3":"status-publish","4":"has-post-thumbnail","6":"product_brand-canon","7":"product_cat-canon","8":"product_cat-produits-divers","9":"product_tag-brand-canon","11":"first","12":"outofstock","13":"purchasable","14":"product-type-simple"},"jetpack_sharing_enabled":true,"_links":{"self":[{"href":"https:\/\/yahyaouishop.com\/fr\/wp-json\/wp\/v2\/product\/19002","targetHints":{"allow":["GET"]}}],"collection":[{"href":"https:\/\/yahyaouishop.com\/fr\/wp-json\/wp\/v2\/product"}],"about":[{"href":"https:\/\/yahyaouishop.com\/fr\/wp-json\/wp\/v2\/types\/product"}],"replies":[{"embeddable":true,"href":"https:\/\/yahyaouishop.com\/fr\/wp-json\/wp\/v2\/comments?post=19002"}],"version-history":[{"count":1,"href":"https:\/\/yahyaouishop.com\/fr\/wp-json\/wp\/v2\/product\/19002\/revisions"}],"predecessor-version":[{"id":19006,"href":"https:\/\/yahyaouishop.com\/fr\/wp-json\/wp\/v2\/product\/19002\/revisions\/19006"}],"wp:featuredmedia":[{"embeddable":true,"href":"https:\/\/yahyaouishop.com\/fr\/wp-json\/wp\/v2\/media\/19003"}],"wp:attachment":[{"href":"https:\/\/yahyaouishop.com\/fr\/wp-json\/wp\/v2\/media?parent=19002"}],"wp:term":[{"taxonomy":"product_brand","embeddable":true,"href":"https:\/\/yahyaouishop.com\/fr\/wp-json\/wp\/v2\/product_brand?post=19002"},{"taxonomy":"product_cat","embeddable":true,"href":"https:\/\/yahyaouishop.com\/fr\/wp-json\/wp\/v2\/product_cat?post=19002"},{"taxonomy":"product_tag","embeddable":true,"href":"https:\/\/yahyaouishop.com\/fr\/wp-json\/wp\/v2\/product_tag?post=19002"}],"curies":[{"name":"wp","href":"https:\/\/api.w.org\/{rel}","templated":true}]}}