{"id":18637,"date":"2025-05-21T15:49:56","date_gmt":"2025-05-21T14:49:56","guid":{"rendered":"https:\/\/yahyaouishop.com\/?post_type=product&#038;p=18637"},"modified":"2025-10-01T01:07:16","modified_gmt":"2025-10-01T00:07:16","slug":"coolpix-p1000","status":"publish","type":"product","link":"https:\/\/yahyaouishop.com\/fr\/produit\/coolpix-p1000\/","title":{"rendered":"Nikon Coolpix P1100"},"content":{"rendered":"<p><span class=\"product_title\" style=\"font-size: 18px;font-weight: 700;font-family: arial;font-style: normal;letter-spacing: normal;text-align: start;text-indent: 0px;text-transform: none;text-decoration: none\"><strong>Coolpix P1100<\/strong><\/span><span class=\"product_brand\" style=\"font-size: 12px;font-weight: lighter;font-family: arial;font-style: normal;letter-spacing: normal;text-align: start;text-indent: 0px;text-transform: none;text-decoration: none\"><span class=\"Apple-converted-space\">&nbsp;<\/span><\/span><span class=\"product_brand\" style=\"font-size: 12px;font-weight: lighter;font-family: arial;font-style: normal;letter-spacing: normal;text-align: start;text-indent: 0px;text-transform: none;text-decoration: none\">de Nikon<\/span><\/p>\n<p class=\"short_description\" style=\"margin: 10px 0px 15px;font-size: 14px;text-align: justify;font-family: arial;font-style: normal;font-weight: 400;letter-spacing: normal;text-indent: 0px;text-transform: none;text-decoration: none\">Touchez les \u00e9toiles. Prenez de la hauteur tel un oiseau.<\/p>\n<p style=\"margin: 0.313em 0px;text-align: justify;font-family: arial;font-size: 12px;font-style: normal;font-weight: 400;letter-spacing: normal;text-indent: 0px;text-transform: none;text-decoration: none\">Des paysages lunaires. Des animaux sauvages. Des avions en vol. Le zoom optique 125x est le plus grand au monde. Gr\u00e2ce \u00e0 sa plage de focales de 24-3000mm, l\u2019incroyable est \u00e0 votre port\u00e9e. Le Dynamic Fine Zoom num\u00e9rique 250x \u00e9tend la limite d\u2019agrandissement jusqu\u2019\u00e0 6000 mm. Photographiez toute la sc\u00e8ne en optant pour le grand-angle ou zoomez sur les d\u00e9tails les plus infimes. M\u00eame ceux \u00e0 la surface de la lune.<\/p>\n<p style=\"margin: 0.313em 0px;text-align: justify;font-family: arial;font-size: 12px;font-style: normal;font-weight: 400;letter-spacing: normal;text-indent: 0px;text-transform: none;text-decoration: none\">&nbsp;<\/p>\n<h2 style=\"font-family: Verdana, sans-serif;font-weight: 700;line-height: 1.1;margin: 0px;font-size: 16px;padding: 0px;text-indent: 0px;font-style: normal;letter-spacing: normal;text-transform: none;text-decoration: none;text-align: justify\"><strong>Points forts :<\/strong><\/h2>\n<ul style=\"margin: 0.75em 0px 0.75em 24px;padding: 0px;font-family: arial;font-size: 12px;font-style: normal;font-weight: 400;letter-spacing: normal;text-align: start;text-indent: 0px;text-transform: none;text-decoration: none\">\n<li style=\"margin: 0px;padding: 0px;text-align: justify\">Zoom optique impressionnant 125x (24-3000mm)<\/li>\n<li style=\"margin: 0px;padding: 0px;text-align: justify\">Objectif lumineux F2.8 \u00e0 F8<\/li>\n<li style=\"margin: 0px;padding: 0px;text-align: justify\">Prise en charge RAW<\/li>\n<li style=\"margin: 0px;padding: 0px;text-align: justify\">Viseur \u00e9lectronique ultra haute d\u00e9finition<\/li>\n<li style=\"margin: 0px;padding: 0px;text-align: justify\">Grand \u00e9cran orientable 3.2&#8243; d&#8217;environ 921&nbsp;000&nbsp;pixels<\/li>\n<li style=\"margin: 0px;padding: 0px;text-align: justify\">Stabilisation optique \u00e0 double d\u00e9tection<\/li>\n<li style=\"margin: 0px;padding: 0px;text-align: justify\">Vid\u00e9o 4K \/ UHD 30p<\/li>\n<li style=\"margin: 0px;padding: 0px;text-align: justify\">Wi-Fi et Bluetooth<\/li>\n<li style=\"margin: 0px;padding: 0px;text-align: justify\">Partage imm\u00e9diat via SnapBridge<\/li>\n<\/ul>","protected":false},"excerpt":{"rendered":"<p>Coolpix P1100&nbsp;de Nikon Touchez les \u00e9toiles. Prenez de la hauteur tel un oiseau. Des paysages lunaires. Des animaux sauvages. Des<\/p>","protected":false},"featured_media":22002,"comment_status":"open","ping_status":"closed","template":"","meta":[],"product_brand":[465],"product_cat":[161,176],"product_tag":[123],"class_list":{"0":"post-18637","1":"product","2":"type-product","3":"status-publish","4":"has-post-thumbnail","6":"product_brand-nikon","7":"product_cat-cameras","8":"product_cat-nikon","9":"product_tag-brand-nikon","11":"first","12":"instock","13":"purchasable","14":"product-type-simple"},"jetpack_sharing_enabled":true,"_links":{"self":[{"href":"https:\/\/yahyaouishop.com\/fr\/wp-json\/wp\/v2\/product\/18637","targetHints":{"allow":["GET"]}}],"collection":[{"href":"https:\/\/yahyaouishop.com\/fr\/wp-json\/wp\/v2\/product"}],"about":[{"href":"https:\/\/yahyaouishop.com\/fr\/wp-json\/wp\/v2\/types\/product"}],"replies":[{"embeddable":true,"href":"https:\/\/yahyaouishop.com\/fr\/wp-json\/wp\/v2\/comments?post=18637"}],"version-history":[{"count":2,"href":"https:\/\/yahyaouishop.com\/fr\/wp-json\/wp\/v2\/product\/18637\/revisions"}],"predecessor-version":[{"id":22008,"href":"https:\/\/yahyaouishop.com\/fr\/wp-json\/wp\/v2\/product\/18637\/revisions\/22008"}],"wp:featuredmedia":[{"embeddable":true,"href":"https:\/\/yahyaouishop.com\/fr\/wp-json\/wp\/v2\/media\/22002"}],"wp:attachment":[{"href":"https:\/\/yahyaouishop.com\/fr\/wp-json\/wp\/v2\/media?parent=18637"}],"wp:term":[{"taxonomy":"product_brand","embeddable":true,"href":"https:\/\/yahyaouishop.com\/fr\/wp-json\/wp\/v2\/product_brand?post=18637"},{"taxonomy":"product_cat","embeddable":true,"href":"https:\/\/yahyaouishop.com\/fr\/wp-json\/wp\/v2\/product_cat?post=18637"},{"taxonomy":"product_tag","embeddable":true,"href":"https:\/\/yahyaouishop.com\/fr\/wp-json\/wp\/v2\/product_tag?post=18637"}],"curies":[{"name":"wp","href":"https:\/\/api.w.org\/{rel}","templated":true}]}}