{"id":18525,"date":"2024-05-14T14:45:30","date_gmt":"2024-05-14T13:45:30","guid":{"rendered":"https:\/\/yahyaouishop.com\/?post_type=product&#038;p=18525"},"modified":"2025-10-01T01:07:16","modified_gmt":"2025-10-01T00:07:16","slug":"dji-osmo-mobile-6","status":"publish","type":"product","link":"https:\/\/yahyaouishop.com\/fr\/produit\/dji-osmo-mobile-6\/","title":{"rendered":"DJI Osmo Mobile 7 \u2013 Stabilisateur pour smartphone"},"content":{"rendered":"<p style=\"margin: 0px;font-size: 16px;font-weight: 400;line-height: 24px;padding-bottom: 0.2em;font-family: Roboto, sans-serif;font-style: normal;letter-spacing: 1px;text-align: start;text-indent: 0px;text-transform: none;text-decoration: none\">le&nbsp;DJI OSMO MOBILE 7,un&nbsp;stabilisateur de smartphone&nbsp;derni\u00e8re g\u00e9n\u00e9ration. Gr\u00e2ce \u00e0 sa&nbsp;poign\u00e9e ergonomique, exprimez pleinement votre cr\u00e9ativit\u00e9 en orientation&nbsp;portrait&nbsp;ou&nbsp;paysage, selon vos besoins. Il dispose d\u2019un&nbsp;tr\u00e9pied int\u00e9gr\u00e9 de 67 mm, id\u00e9al pour les prises stables sans effort.<\/p>\n<p style=\"margin: 0px;font-size: 16px;font-weight: 400;line-height: 24px;padding-bottom: 0.2em;font-family: Roboto, sans-serif;font-style: normal;letter-spacing: 1px;text-align: start;text-indent: 0px;text-transform: none;text-decoration: none\">Dot\u00e9 de la<span class=\"Apple-converted-space\">&nbsp;<\/span><strong style=\"font-weight: bolder\">connectivit\u00e9 Bluetooth 5.3<\/strong>, il garantit une liaison rapide et stable avec votre appareil. Sa<span class=\"Apple-converted-space\">&nbsp;<\/span><strong style=\"font-weight: bolder\">plage de r\u00e9glage \u00e9tendue<\/strong>(panoramique : -99 \u00e0 210\u00b0, inclinaison : -224 \u00e0 100\u00b0, roulis : -67 \u00e0 245\u00b0) permet une grande libert\u00e9 de mouvement. Sa<span class=\"Apple-converted-space\">&nbsp;<\/span><strong style=\"font-weight: bolder\">batterie de 3350 mAh<\/strong><span class=\"Apple-converted-space\">&nbsp;<\/span>offre jusqu\u2019\u00e0<span class=\"Apple-converted-space\">&nbsp;<\/span><strong style=\"font-weight: bolder\">10 heures d\u2019utilisation<\/strong><span class=\"Apple-converted-space\">&nbsp;<\/span>pour seulement<span class=\"Apple-converted-space\">&nbsp;<\/span><strong style=\"font-weight: bolder\">2,5 heures de charge<\/strong>. Compatible avec les t\u00e9l\u00e9phones de<span class=\"Apple-converted-space\">&nbsp;<\/span><strong style=\"font-weight: bolder\">67 \u00e0 84 mm de largeur<\/strong>et de<span class=\"Apple-converted-space\">&nbsp;<\/span><strong style=\"font-weight: bolder\">170 \u00e0 300 g<\/strong>, il s\u2019adapte \u00e0 la majorit\u00e9 des smartphones actuels.<\/p>\n<p style=\"margin: 0px;font-size: 16px;font-weight: 400;line-height: 24px;padding-bottom: 0.2em;font-family: Roboto, sans-serif;font-style: normal;letter-spacing: 1px;text-align: start;text-indent: 0px;text-transform: none;text-decoration: none\">Compact (seulement<span class=\"Apple-converted-space\">&nbsp;<\/span><strong style=\"font-weight: bolder\">300 g<\/strong>,<span class=\"Apple-converted-space\">&nbsp;<\/span><strong style=\"font-weight: bolder\">dimensions pli\u00e9 : 179 x 95 x 39 mm<\/strong>),<span class=\"Apple-converted-space\">&nbsp;<\/span><\/p>","protected":false},"excerpt":{"rendered":"<h5>Stabilisateur pour smartphone avec barre d&#8217;extension.<\/h5>","protected":false},"featured_media":22059,"comment_status":"open","ping_status":"closed","template":"","meta":[],"product_brand":[480],"product_cat":[193,191],"product_tag":[232],"class_list":{"0":"post-18525","1":"product","2":"type-product","3":"status-publish","4":"has-post-thumbnail","6":"product_brand-dji","7":"product_cat-stabilisateurs-telephones","8":"product_cat-stabilisateurs","9":"product_tag-brand-dji","11":"first","12":"instock","13":"sale","14":"purchasable","15":"product-type-simple"},"jetpack_sharing_enabled":true,"_links":{"self":[{"href":"https:\/\/yahyaouishop.com\/fr\/wp-json\/wp\/v2\/product\/18525","targetHints":{"allow":["GET"]}}],"collection":[{"href":"https:\/\/yahyaouishop.com\/fr\/wp-json\/wp\/v2\/product"}],"about":[{"href":"https:\/\/yahyaouishop.com\/fr\/wp-json\/wp\/v2\/types\/product"}],"replies":[{"embeddable":true,"href":"https:\/\/yahyaouishop.com\/fr\/wp-json\/wp\/v2\/comments?post=18525"}],"version-history":[{"count":2,"href":"https:\/\/yahyaouishop.com\/fr\/wp-json\/wp\/v2\/product\/18525\/revisions"}],"predecessor-version":[{"id":22052,"href":"https:\/\/yahyaouishop.com\/fr\/wp-json\/wp\/v2\/product\/18525\/revisions\/22052"}],"wp:featuredmedia":[{"embeddable":true,"href":"https:\/\/yahyaouishop.com\/fr\/wp-json\/wp\/v2\/media\/22059"}],"wp:attachment":[{"href":"https:\/\/yahyaouishop.com\/fr\/wp-json\/wp\/v2\/media?parent=18525"}],"wp:term":[{"taxonomy":"product_brand","embeddable":true,"href":"https:\/\/yahyaouishop.com\/fr\/wp-json\/wp\/v2\/product_brand?post=18525"},{"taxonomy":"product_cat","embeddable":true,"href":"https:\/\/yahyaouishop.com\/fr\/wp-json\/wp\/v2\/product_cat?post=18525"},{"taxonomy":"product_tag","embeddable":true,"href":"https:\/\/yahyaouishop.com\/fr\/wp-json\/wp\/v2\/product_tag?post=18525"}],"curies":[{"name":"wp","href":"https:\/\/api.w.org\/{rel}","templated":true}]}}