{"id":18514,"date":"2024-05-14T14:10:15","date_gmt":"2024-05-14T13:10:15","guid":{"rendered":"https:\/\/yahyaouishop.com\/?post_type=product&#038;p=18514"},"modified":"2026-02-05T13:42:53","modified_gmt":"2026-02-05T12:42:53","slug":"dji-osmo-pocket-3","status":"publish","type":"product","link":"https:\/\/yahyaouishop.com\/fr\/produit\/dji-osmo-pocket-3\/","title":{"rendered":"DJI Osmo Pocket 3"},"content":{"rendered":"<p>Le DJI Osmo Pocket 3 est un stabilisateur de poche sign\u00e9 DJI qui se r\u00e9v\u00e8le \u00eatre l\u2019outil id\u00e9al pour les cr\u00e9ateurs de contenu, les vlogueurs et les streamers. Cette cam\u00e9ra dispose d\u2019une stabilisation m\u00e9canique \u00e0 3 axes et son design compact et flexible permet de la tenir facilement dans la paume de la main ou dans une poche une fois la nacelle repli\u00e9e et verrouill\u00e9e.<\/p>\n<p>Le DJI Osmo Pocket 3 est \u00e9quip\u00e9 d\u2019un capteur CMOS de 1 pouce qui offre une qualit\u00e9 d\u2019image exceptionnelle et une grande adaptabilit\u00e9 dans des conditions de faible ou forte luminosit\u00e9.<\/p>\n<p>Son \u00e9cran OLED de 2 pouces \u00e0 l\u2019interface intuitive permet d\u2019acc\u00e9der aux r\u00e9glages de la cam\u00e9ra et \u00e0 d\u2019autres fonctions. Cet \u00e9cran est rotatif, ce qui permet de passer facilement du mode horizontal au mode vertical en un geste.<\/p>\n<p>Cette cam\u00e9ra peut filmer en 4K \u00e0 120 images par seconde, ce qui permet d\u2019obtenir des images impressionnantes, m\u00eame en mode ralenti. De plus, elle offre des fonctionnalit\u00e9s telles que l\u2019ActiveTrack 6.0, diff\u00e9rents modes de suivi et des modes de couleurs D-log M 10 bits et HLG.<\/p>\n<p>En ce qui concerne l\u2019audio, le DJI Osmo Pocket 3 est \u00e9quip\u00e9 de 3 microphones internes pour un enregistrement omnidirectionnel de haute qualit\u00e9 avec r\u00e9duction du bruit. Enfin, il b\u00e9n\u00e9ficie d\u2019une autonomie de 166 minutes et peut \u00eatre recharg\u00e9 rapidement \u00e0 80% en seulement 16 minutes.<\/p>\n<p><strong>FONCTIONNALIT\u00c9S:<\/strong><\/p>\n<p>R\u00e9solution 4K \u00e0 120p<\/p>\n<p>Capteur CMOS 1 pouce<\/p>\n<p>\u00c9cran tactile OLED de 2 pouces<\/p>\n<p>ActiveTrack 6.0<\/p>\n<p>Format compact<\/p>\n<p>166 minutes d\u2019autonomie<\/p>\n<p><strong>INCLUS:<\/strong><\/p>\n<p>1x Cam\u00e9ra DJI Osmo Pocket 3<\/p>\n<p>1x C\u00e2ble d\u2019alimentation<\/p>\n<p>1x \u00c9tui de protection<\/p>\n<p>1x Poign\u00e9e Osmo Pocket 3 avec filetage 1\/4\u2033<\/p>\n<p>1x Dragonne<\/p>\n<p>1x Guide de d\u00e9marrage rapide<\/p>","protected":false},"excerpt":{"rendered":"<p>Le DJI Osmo Pocket 3 est un stabilisateur de poche sign\u00e9 DJI qui se r\u00e9v\u00e8le \u00eatre l\u2019outil id\u00e9al pour les<\/p>","protected":false},"featured_media":18515,"comment_status":"open","ping_status":"closed","template":"","meta":[],"product_brand":[480],"product_cat":[161,193,191],"product_tag":[232],"class_list":{"0":"post-18514","1":"product","2":"type-product","3":"status-publish","4":"has-post-thumbnail","6":"product_brand-dji","7":"product_cat-cameras","8":"product_cat-stabilisateurs-telephones","9":"product_cat-stabilisateurs","10":"product_tag-brand-dji","12":"first","13":"instock","14":"purchasable","15":"product-type-simple"},"jetpack_sharing_enabled":true,"_links":{"self":[{"href":"https:\/\/yahyaouishop.com\/fr\/wp-json\/wp\/v2\/product\/18514","targetHints":{"allow":["GET"]}}],"collection":[{"href":"https:\/\/yahyaouishop.com\/fr\/wp-json\/wp\/v2\/product"}],"about":[{"href":"https:\/\/yahyaouishop.com\/fr\/wp-json\/wp\/v2\/types\/product"}],"replies":[{"embeddable":true,"href":"https:\/\/yahyaouishop.com\/fr\/wp-json\/wp\/v2\/comments?post=18514"}],"version-history":[{"count":2,"href":"https:\/\/yahyaouishop.com\/fr\/wp-json\/wp\/v2\/product\/18514\/revisions"}],"predecessor-version":[{"id":18519,"href":"https:\/\/yahyaouishop.com\/fr\/wp-json\/wp\/v2\/product\/18514\/revisions\/18519"}],"wp:featuredmedia":[{"embeddable":true,"href":"https:\/\/yahyaouishop.com\/fr\/wp-json\/wp\/v2\/media\/18515"}],"wp:attachment":[{"href":"https:\/\/yahyaouishop.com\/fr\/wp-json\/wp\/v2\/media?parent=18514"}],"wp:term":[{"taxonomy":"product_brand","embeddable":true,"href":"https:\/\/yahyaouishop.com\/fr\/wp-json\/wp\/v2\/product_brand?post=18514"},{"taxonomy":"product_cat","embeddable":true,"href":"https:\/\/yahyaouishop.com\/fr\/wp-json\/wp\/v2\/product_cat?post=18514"},{"taxonomy":"product_tag","embeddable":true,"href":"https:\/\/yahyaouishop.com\/fr\/wp-json\/wp\/v2\/product_tag?post=18514"}],"curies":[{"name":"wp","href":"https:\/\/api.w.org\/{rel}","templated":true}]}}