{"id":18489,"date":"2024-05-08T17:45:25","date_gmt":"2024-05-08T16:45:25","guid":{"rendered":"https:\/\/yahyaouishop.com\/?post_type=product&#038;p=18489"},"modified":"2025-10-01T01:07:15","modified_gmt":"2025-10-01T00:07:15","slug":"sony-sac-lcs-u21-pour-appareil-photo","status":"publish","type":"product","link":"https:\/\/yahyaouishop.com\/fr\/produit\/sony-sac-lcs-u21-pour-appareil-photo\/","title":{"rendered":"Sony sac LCS-U21 pour appareil photo"},"content":{"rendered":"<div class=\"flix_feattitle flix-d-h3\">Acc\u00e8s facilit\u00e9 gr\u00e2ce au grand rabat sup\u00e9rieur<\/div>\n<div class=\"flix_feattext flix_more_content flix_more_content-N flix-d-p\">Le grand rabat sup\u00e9rieur vous permet d&#8217;acc\u00e9der facilement \u00e0 votre \u00e9quipement et assure \u00e9galement une bonne protection contre la pluie et le sable<\/div>\n<div><\/div>\n<div>\n<div class=\"flix_feattitle flix-d-h3\">Ne ratez aucune occasion gr\u00e2ce \u00e0 la boucle \u00e0 ouverture rapide<\/div>\n<div class=\"flix_feattext flix_more_content flix_more_content-N flix-d-p\">Acc\u00e9dez \u00e0 votre appareil photo ou cam\u00e9scope en un clin d&#8217;\u0153il, sans devoir utiliser le fermoir<\/div>\n<\/div>\n<div>\n<div class=\"flix_feattitle flix-d-h3\">Tout votre \u00e9quipement au service de votre photographie<\/div>\n<div class=\"flix_feattext flix_more_content flix_more_content-N flix-d-p\">\n<div class=\"allcontent\">Vous disposez d&#8217;espace pour un appareil photo ou un cam\u00e9scope, une batterie de secours, un chargeur, un c\u00e2ble HDMI\u00ae, des accessoires de prise de vue et une carte m\u00e9moire<\/div>\n<\/div>\n<\/div>","protected":false},"excerpt":{"rendered":"<p>Acc\u00e8s facilit\u00e9 gr\u00e2ce au grand rabat sup\u00e9rieur Le grand rabat sup\u00e9rieur vous permet d&#8217;acc\u00e9der facilement \u00e0 votre \u00e9quipement et assure<\/p>","protected":false},"featured_media":18490,"comment_status":"open","ping_status":"closed","template":"","meta":[],"product_brand":[448],"product_cat":[187],"product_tag":[222],"class_list":{"0":"post-18489","1":"product","2":"type-product","3":"status-publish","4":"has-post-thumbnail","6":"product_brand-sony","7":"product_cat-sacs","8":"product_tag-brand-sony","10":"first","11":"instock","12":"taxable","13":"shipping-taxable","14":"purchasable","15":"product-type-simple"},"jetpack_sharing_enabled":true,"_links":{"self":[{"href":"https:\/\/yahyaouishop.com\/fr\/wp-json\/wp\/v2\/product\/18489","targetHints":{"allow":["GET"]}}],"collection":[{"href":"https:\/\/yahyaouishop.com\/fr\/wp-json\/wp\/v2\/product"}],"about":[{"href":"https:\/\/yahyaouishop.com\/fr\/wp-json\/wp\/v2\/types\/product"}],"replies":[{"embeddable":true,"href":"https:\/\/yahyaouishop.com\/fr\/wp-json\/wp\/v2\/comments?post=18489"}],"version-history":[{"count":1,"href":"https:\/\/yahyaouishop.com\/fr\/wp-json\/wp\/v2\/product\/18489\/revisions"}],"predecessor-version":[{"id":18493,"href":"https:\/\/yahyaouishop.com\/fr\/wp-json\/wp\/v2\/product\/18489\/revisions\/18493"}],"wp:featuredmedia":[{"embeddable":true,"href":"https:\/\/yahyaouishop.com\/fr\/wp-json\/wp\/v2\/media\/18490"}],"wp:attachment":[{"href":"https:\/\/yahyaouishop.com\/fr\/wp-json\/wp\/v2\/media?parent=18489"}],"wp:term":[{"taxonomy":"product_brand","embeddable":true,"href":"https:\/\/yahyaouishop.com\/fr\/wp-json\/wp\/v2\/product_brand?post=18489"},{"taxonomy":"product_cat","embeddable":true,"href":"https:\/\/yahyaouishop.com\/fr\/wp-json\/wp\/v2\/product_cat?post=18489"},{"taxonomy":"product_tag","embeddable":true,"href":"https:\/\/yahyaouishop.com\/fr\/wp-json\/wp\/v2\/product_tag?post=18489"}],"curies":[{"name":"wp","href":"https:\/\/api.w.org\/{rel}","templated":true}]}}