{"id":18470,"date":"2024-05-04T19:34:41","date_gmt":"2024-05-04T18:34:41","guid":{"rendered":"https:\/\/yahyaouishop.com\/?post_type=product&#038;p=18470"},"modified":"2025-10-01T01:07:15","modified_gmt":"2025-10-01T00:07:15","slug":"papier-de-fond-de-photographie-double-face-10","status":"publish","type":"product","link":"https:\/\/yahyaouishop.com\/fr\/produit\/papier-de-fond-de-photographie-double-face-10\/","title":{"rendered":"Papier de fond de photographie double face"},"content":{"rendered":"<ul>\n<li>FOND DE VINYLE: toiles de fond en vinyle avec des images imprim\u00e9es vives. il convient \u00e0 une utilisation unique. l\u00e9ger et portable, ce qui le rend facile \u00e0 accrocher sur le support d&#8217;arri\u00e8re-plan.<\/li>\n<li>MOTIF DOUBLE FACE: Les deux c\u00f4t\u00e9s sont des motifs diff\u00e9rents. Un fond r\u00e9pond \u00e0 vos deux besoins! De superbes photos peuvent \u00eatre prises sans avoir \u00e0 ajouter de filtres. L\u00e9ger et anti-sale.<\/li>\n<li>IMPERM\u00c9ABLE: Il est recouvert d&#8217;un film plastique et la surface est \u00e9tanche. Mais le bord n&#8217;est pas \u00e9tanche. Ainsi, il peut \u00eatre essuy\u00e9 mais pas lav\u00e9.<\/li>\n<li>R\u00c9SISTANT AUX RIDES: l&#8217;article sera enroul\u00e9 et exp\u00e9di\u00e9 afin d&#8217;\u00e9viter les plis. C&#8217;est un carton avec un mat\u00e9riau rigide. Veuillez le d\u00e9plier de l&#8217;avers oppos\u00e9, il sera plus plat si vous avez le temps de le mettre sous des livres lourds pendant des heures.<\/li>\n<li>OCCASSION: Conception pour la photographie de bureau ou la vid\u00e9ographie, comme les publicit\u00e9s commerciales, les restaurants, les magasins d&#8217;alimentation, les livres, les magazines, la prise de vue et l&#8217;enregistrement quotidiens.<\/li>\n<\/ul>\n<p>&nbsp;<\/p>\n<p>Caract\u00e9ristiques:<\/p>\n<p>Impression recto-verso<\/p>\n<p>Film double face<\/p>\n<p>L\u00e9g\u00e8rement \u00e9tanche<\/p>\n<p>Diff\u00e9rents motifs avant et arri\u00e8re<\/p>\n<p>Le papier est \u00e9pais et r\u00e9sistant aux plis<\/p>\n<p>Sp\u00e9cification:<\/p>\n<p>Nom: toile de fond double face<\/p>\n<p>Mat\u00e9riel: papier<\/p>\n<p>Taille: 57x87cm<\/p>\n<p>Style: style classique<\/p>\n<p>Couleur: comme les images<\/p>\n<p>Poids du colis: 300g<\/p>\n<p>Poids net: 130g<\/p>\n<p>Emballage inclus:<\/p>\n<p>1 \u00d7 toile de fond double face<\/p>\n<p>Conseil:<\/p>\n<p>En raison de probl\u00e8mes d&#8217;\u00e9clairage et d&#8217;\u00e9cran, il peut y avoir de l\u00e9g\u00e8res diff\u00e9rences entre l&#8217;objet r\u00e9el et l&#8217;image.<\/p>","protected":false},"excerpt":{"rendered":"<p>FOND DE VINYLE: toiles de fond en vinyle avec des images imprim\u00e9es vives. il convient \u00e0 une utilisation unique. l\u00e9ger<\/p>","protected":false},"featured_media":18420,"comment_status":"open","ping_status":"closed","template":"","meta":[],"product_brand":[455],"product_cat":[169,166,126],"product_tag":[449],"class_list":{"0":"post-18470","1":"product","2":"type-product","3":"status-publish","4":"has-post-thumbnail","6":"product_brand-yahyaoui-shop","7":"product_cat-fonds-et-supports","8":"product_cat-eclairages-et-studio","9":"product_cat-produits-divers","10":"product_tag-yahyaoui-shop","12":"first","13":"instock","14":"purchasable","15":"product-type-simple"},"jetpack_sharing_enabled":true,"_links":{"self":[{"href":"https:\/\/yahyaouishop.com\/fr\/wp-json\/wp\/v2\/product\/18470","targetHints":{"allow":["GET"]}}],"collection":[{"href":"https:\/\/yahyaouishop.com\/fr\/wp-json\/wp\/v2\/product"}],"about":[{"href":"https:\/\/yahyaouishop.com\/fr\/wp-json\/wp\/v2\/types\/product"}],"replies":[{"embeddable":true,"href":"https:\/\/yahyaouishop.com\/fr\/wp-json\/wp\/v2\/comments?post=18470"}],"version-history":[{"count":1,"href":"https:\/\/yahyaouishop.com\/fr\/wp-json\/wp\/v2\/product\/18470\/revisions"}],"predecessor-version":[{"id":18471,"href":"https:\/\/yahyaouishop.com\/fr\/wp-json\/wp\/v2\/product\/18470\/revisions\/18471"}],"wp:featuredmedia":[{"embeddable":true,"href":"https:\/\/yahyaouishop.com\/fr\/wp-json\/wp\/v2\/media\/18420"}],"wp:attachment":[{"href":"https:\/\/yahyaouishop.com\/fr\/wp-json\/wp\/v2\/media?parent=18470"}],"wp:term":[{"taxonomy":"product_brand","embeddable":true,"href":"https:\/\/yahyaouishop.com\/fr\/wp-json\/wp\/v2\/product_brand?post=18470"},{"taxonomy":"product_cat","embeddable":true,"href":"https:\/\/yahyaouishop.com\/fr\/wp-json\/wp\/v2\/product_cat?post=18470"},{"taxonomy":"product_tag","embeddable":true,"href":"https:\/\/yahyaouishop.com\/fr\/wp-json\/wp\/v2\/product_tag?post=18470"}],"curies":[{"name":"wp","href":"https:\/\/api.w.org\/{rel}","templated":true}]}}