{"id":18298,"date":"2024-03-27T13:51:02","date_gmt":"2024-03-27T13:51:02","guid":{"rendered":"https:\/\/yahyaouishop.com\/?post_type=product&#038;p=18298"},"modified":"2025-11-24T18:50:22","modified_gmt":"2025-11-24T17:50:22","slug":"hollyland-mars-m1-enhanced","status":"publish","type":"product","link":"https:\/\/yahyaouishop.com\/fr\/produit\/hollyland-mars-m1-enhanced\/","title":{"rendered":"Moniteur Hollyland Mars M1 Duo"},"content":{"rendered":"<p>Moniteur Hollyland Mars M1 Enhanced Kit<\/p>\n<h3>Hollyland Mars M1 Duo<\/h3>\n<p>Le Hollyland Mars M1 Duo est un moniteur sans fil puissant, int\u00e9grant les fonctions d&#8217;\u00e9metteur, de r\u00e9cepteur et de moniteur en une seule solution. Dot\u00e9 d&#8217;un \u00e9cran LCD tactile de 5,5 pouces avec un \u00e9talonnage professionnel des couleurs effectu\u00e9, une luminosit\u00e9 de 1 000 nits et une gamme de couleurs Rec. 709, le Mars M1 offre une exp\u00e9rience de surveillance agr\u00e9able. Il peut \u00e9galement transmettre les signaux de la cam\u00e9ra \u00e0 une port\u00e9e LOS allant jusqu&#8217;\u00e0 150 m avec une faible latence de 0,08 s, ce qui simplifie efficacement le d\u00e9ploiement de votre appareil et am\u00e9liore votre efficacit\u00e9 pendant le tournage de vid\u00e9os.<\/p>\n<ul>\n<li>4K\/30fps<\/li>\n<li>1 000 Nits<\/li>\n<li>\u00c9cran LCD tactile de 5,5 pouces<\/li>\n<li>LUTs 3D<\/li>\n<li>TX, RX, et moniteur &#8211; tout en un<\/li>\n<li>150 m de port\u00e9e LOS<\/li>\n<li>Faible latence de 0,08 s<\/li>\n<li>Antenne sans d\u00e9montage<\/li>\n<\/ul>\n<hr \/>\n<h4>TX, RX, et moniteur &#8211; tout en un<\/h4>\n<p>Le Mars M1 fonctionne comme un \u00e9metteur, un r\u00e9cepteur et un moniteur tout-en-un. Vous pouvez passer du mode \u00e9metteur au mode r\u00e9cepteur sur l&#8217;\u00e9cran de contr\u00f4le. Un \u00e9metteur peut fonctionner avec jusqu&#8217;\u00e0 deux r\u00e9cepteurs ou quatre applications mobiles. Le Mars M1 peut \u00eatre utilis\u00e9 avec les s\u00e9ries Mars Pro et 4K afin de r\u00e9duire le nombre d&#8217;appareils n\u00e9cessaires pour une exp\u00e9rience de tournage plus efficace.<\/p>\n<h4>\u00c9cran LCD tactile de 5,5 pouces avec \u00e9talonnage professionnel des couleurs<\/h4>\n<p>Le Mars M1 est con\u00e7u avec un \u00e9cran LCD tactile de 5,5&#8243; offrant une luminosit\u00e9 allant jusqu&#8217;\u00e0 1 000 nits. Un \u00e9talonnage professionnel des couleurs est effectu\u00e9 pendant la fabrication, et des r\u00e9glages de temp\u00e9rature de couleur \u00e0 plusieurs niveaux sont disponibles. L&#8217;\u00e9cran prend en charge la gamme de couleurs Rec. 709 pour un excellent rendu des couleurs. Cinq pr\u00e9r\u00e9glages 3D LUT s\u00e9lectionnables sont disponibles pour transf\u00e9rer les couleurs sur le moniteur.<\/p>\n<h4>Port\u00e9e de 150 m et latence ultra-faible de 0,08 s<\/h4>\n<p>Le Mars M1 atteint une incroyable port\u00e9e LOS de 150 m et une latence ultra-faible de 0,08s.<\/p>\n<p>*La port\u00e9e LOS de 150 m est bas\u00e9e sur des mesures en laboratoire sans interf\u00e9rence.<\/p>\n<h4>Interfaces HDMI et SDI<\/h4>\n<p>Le Mars M1 supporte l&#8217;entr\u00e9e et la sortie en boucle HDMI 4K\/30fps pour une connectivit\u00e9 et une compatibilit\u00e9 \u00e9tendues. Son entr\u00e9e SDI offre \u00e9galement une flexibilit\u00e9 et une compatibilit\u00e9 accrues pour la production vid\u00e9o professionnelle.<\/p>\n<h4>Multiples fonctions auxiliaires pour la pr\u00e9visualisation et le contr\u00f4le<\/h4>\n<p>Le Mars M1 est dot\u00e9 de nombreuses fonctions auxiliaires, telles que le zoom 4x, l&#8217;assistance \u00e0 la mise au point, l&#8217;assistance \u00e0 l&#8217;exposition et l&#8217;affichage de la forme d&#8217;onde, qui augmentent l&#8217;efficacit\u00e9 de la prise de vue.<\/p>\n<ul>\n<li>Importation de fichiers LUT 3D<\/li>\n<li>R\u00e9glage de la temp\u00e9rature des couleurs<\/li>\n<li>Zoom 4x<\/li>\n<li>Assistance \u00e0 la mise au point<\/li>\n<li>Assistance \u00e0 l&#8217;exposition<\/li>\n<li>Affichage de la forme d&#8217;onde<\/li>\n<\/ul>\n<h4>Balayage et s\u00e9lection intelligents des canaux<\/h4>\n<p>Les options d&#8217;affectation des canaux permettent une transmission sans interf\u00e9rence. Une connexion stable est possible automatiquement au d\u00e9marrage. La recherche intelligente des canaux permet de d\u00e9terminer ceux qui sont occup\u00e9s et s\u00e9lectionnables.<\/p>\n<h4>Options d&#8217;alimentation multiples<\/h4>\n<p>Le Mars M1 supporte une large gamme d&#8217;options d&#8217;alimentation en courant continu &#8211; 7V \u00e0 16V, batteries NP-F et batteries avec une interface D-Tap.<\/p>\n<p>&nbsp;<\/p>","protected":false},"excerpt":{"rendered":"<div class=\"product-field-designation\">2 Moniteurs vid\u00e9o 5,5&#8243; tactile 4K avec r\u00e9cepteur vid\u00e9o sans fil 4K int\u00e9gr\u00e9 &#8211; SDI\/HDMI<\/div>","protected":false},"featured_media":18496,"comment_status":"open","ping_status":"closed","template":"","meta":[],"product_brand":[531],"product_cat":[175,203,126],"product_tag":[256],"class_list":{"0":"post-18298","1":"product","2":"type-product","3":"status-publish","4":"has-post-thumbnail","6":"product_brand-hollyland","7":"product_cat-moniteurs-video","8":"product_cat-accessoires","9":"product_cat-produits-divers","10":"product_tag-brand-hollyland","12":"first","13":"instock","14":"sale","15":"taxable","16":"shipping-taxable","17":"purchasable","18":"product-type-simple"},"jetpack_sharing_enabled":true,"_links":{"self":[{"href":"https:\/\/yahyaouishop.com\/fr\/wp-json\/wp\/v2\/product\/18298","targetHints":{"allow":["GET"]}}],"collection":[{"href":"https:\/\/yahyaouishop.com\/fr\/wp-json\/wp\/v2\/product"}],"about":[{"href":"https:\/\/yahyaouishop.com\/fr\/wp-json\/wp\/v2\/types\/product"}],"replies":[{"embeddable":true,"href":"https:\/\/yahyaouishop.com\/fr\/wp-json\/wp\/v2\/comments?post=18298"}],"version-history":[{"count":10,"href":"https:\/\/yahyaouishop.com\/fr\/wp-json\/wp\/v2\/product\/18298\/revisions"}],"predecessor-version":[{"id":19294,"href":"https:\/\/yahyaouishop.com\/fr\/wp-json\/wp\/v2\/product\/18298\/revisions\/19294"}],"wp:featuredmedia":[{"embeddable":true,"href":"https:\/\/yahyaouishop.com\/fr\/wp-json\/wp\/v2\/media\/18496"}],"wp:attachment":[{"href":"https:\/\/yahyaouishop.com\/fr\/wp-json\/wp\/v2\/media?parent=18298"}],"wp:term":[{"taxonomy":"product_brand","embeddable":true,"href":"https:\/\/yahyaouishop.com\/fr\/wp-json\/wp\/v2\/product_brand?post=18298"},{"taxonomy":"product_cat","embeddable":true,"href":"https:\/\/yahyaouishop.com\/fr\/wp-json\/wp\/v2\/product_cat?post=18298"},{"taxonomy":"product_tag","embeddable":true,"href":"https:\/\/yahyaouishop.com\/fr\/wp-json\/wp\/v2\/product_tag?post=18298"}],"curies":[{"name":"wp","href":"https:\/\/api.w.org\/{rel}","templated":true}]}}