{"id":18288,"date":"2024-03-27T13:41:32","date_gmt":"2024-03-27T13:41:32","guid":{"rendered":"https:\/\/yahyaouishop.com\/?post_type=product&#038;p=18288"},"modified":"2025-10-01T01:07:11","modified_gmt":"2025-10-01T00:07:11","slug":"moniteur-hollyland-mars-m-1","status":"publish","type":"product","link":"https:\/\/yahyaouishop.com\/fr\/produit\/moniteur-hollyland-mars-m-1\/","title":{"rendered":"Moniteur Hollyland Mars M1"},"content":{"rendered":"<p>Hollyland Mars M1<\/p>\n<p>Le Hollyland Mars M1 est un moniteur avec r\u00e9cepteur vid\u00e9o int\u00e9gr\u00e9, afin d\u2019avoir un retour vid\u00e9o ind\u00e9pendant \u00e0 coupler avec votre Mars 4K.<\/p>\n<p>Tr\u00e8s facile d\u2019utilisation, il int\u00e8gre tous les outils qu\u2019on peut retrouver sur ce genre d\u2019\u00e9cran, Waveform, Peaking, False color\u2026<\/p>\n<p>C\u00f4t\u00e9 alimentation on retrouve un slot pour batterie NPF qui assurera une bonne autonomie avec un moindre encombrement !<\/p>\n<p><strong>CARACT\u00c9RISTIQUES DE BASE DU HOLLYLAND MARS M1<\/strong><\/p>\n<p>Le\u00a0<strong>Hollyland Mars M1<\/strong>\u00a0fonctionne comme une\u00a0<strong>solution tout-en-un d\u2019\u00e9metteur<\/strong>, de\u00a0<strong>r\u00e9cepteur et de moniteur<\/strong>.<\/p>\n<p>Vous pouvez passer \u00e0 l\u2019\u00e9tat de l\u2019<strong>\u00e9metteur ou du r\u00e9cepteur sur l\u2019\u00e9cran de surveillance<\/strong>.<\/p>\n<p>Le Mars M1 peut \u00eatre utilis\u00e9 avec les s\u00e9ries Mars Pro et 4K pour r\u00e9duire le nombre d\u2019appareils.<\/p>\n<p>Le Mars M1 atteint une\u00a0<strong>port\u00e9e LOS de 150 m<\/strong>\u00a0et une\u00a0<strong>latence ultra-faible de 0,08 s<\/strong>.<\/p>\n<p>Les\u00a0<strong>antennes capsules con\u00e7ues sur mesure<\/strong>\u00a0n\u2019ont pas besoin d\u2019\u00eatre d\u00e9mont\u00e9es. Sa\u00a0<strong>coque est tr\u00e8s r\u00e9sistante<\/strong>\u00a0aux chocs gr\u00e2ce \u00e0 une texture givr\u00e9e et ne p\u00e8se que 13,5 oz. (380g).<\/p>\n<ul>\n<li>\n<ul>\n<li>TX, RX et Monitor\u2014Tout en un<\/li>\n<li>\u00c9cran LCD tactile de 5,5 pouces<\/li>\n<li>LUT 3D<\/li>\n<li>1 000 nits<\/li>\n<li>Port\u00e9e LOS de 150 m<\/li>\n<li>Faible latence de 0,08 s<\/li>\n<li>4K\/30 ips<\/li>\n<li>Antenne sans d\u00e9montage<\/li>\n<\/ul>\n<\/li>\n<\/ul>\n<p><strong>CARACT\u00c9RISTIQUES\u00a0TECHNIQUES<\/strong><\/p>\n<p><strong>Video Input Interface :<\/strong>\u00a0SDI input (BNC female)\/HDMI input (Type-A female)<\/p>\n<p><strong>Video Output Interface :<\/strong>\u00a0TRANSMITTER HDMI output (Type-A female) \/ RECEIVER HDMI output (Type-A female)<\/p>\n<p><strong>Antenna Interface :<\/strong>\u00a0TRANSMITTER Two RP-SMA male interfaces \/ RECEIVER Two RP-SMA male interfaces<\/p>\n<p><strong>Power Input Interface :<\/strong>\u00a0Power input<\/p>\n<p><strong>Power Output Interface :<\/strong>\u00a0Power output<\/p>\n<p><strong>Headphone Jack:<\/strong>\u00a03.5mm jack<\/p>\n<p><strong>USB :<\/strong>\u00a0Type-C<\/p>\n<p><strong>Screen Size :<\/strong>\u00a05 .5 \u00bb touch screen<\/p>\n<p><strong>Screen Resolution :<\/strong>\u00a01920\u00d71080 pixels<\/p>\n<p><strong>Pixel Density :<\/strong>\u00a0403 PPI<\/p>\n<p><strong>Aspect Ratio :<\/strong>\u00a016 : 9<\/p>\n<p><strong>Brightness :<\/strong>\u00a01000 nits<\/p>\n<p><strong>Contrast Ratio :<\/strong>\u00a01000 : 1<\/p>\n<p><strong>Supply Voltage Range :<\/strong>\u00a07\u201316V DC, nominal 12V<\/p>\n<p><strong>Power Consumption :<\/strong>\u00a0&lt;14.5W (without DC output)<\/p>\n<p><strong>Net Weight :<\/strong>\u00a013.5oz (380g) (antennas excluded)<\/p>\n<p><strong>Dimension :<\/strong>\u00a0(LxWxH): 152x96x40mm (5.98\u2033x3.78\u2033x1.57\u2033) (antennas excluded)<\/p>\n<p><strong>Operating Frequency :<\/strong>\u00a05.1\u20135.8GHz<\/p>\n<p><strong>Codec Technology :<\/strong>\u00a0H.264<\/p>\n<p><strong>Bit Rate :<\/strong>\u00a012Mbps<\/p>\n<p><strong>TX Power :<\/strong>\u00a0Max. 22dBm<\/p>\n<p><strong>RX Sensitivity :<\/strong>\u00a0-80dBm<\/p>\n<p><strong>Transmission Latency :<\/strong>\u00a0&lt;0.08s<\/p>\n<p><strong>Bandwidth :<\/strong>\u00a020MHz<\/p>","protected":false},"excerpt":{"rendered":"<div class=\"product-field-designation\">Moniteurs vid\u00e9o 5,5&#8243; tactile 4K avec r\u00e9cepteur vid\u00e9o sans fil 4K int\u00e9gr\u00e9 &#8211; SDI\/HDMI<\/div>","protected":false},"featured_media":18289,"comment_status":"open","ping_status":"closed","template":"","meta":[],"product_brand":[531],"product_cat":[175,203,126],"product_tag":[256],"class_list":{"0":"post-18288","1":"product","2":"type-product","3":"status-publish","4":"has-post-thumbnail","6":"product_brand-hollyland","7":"product_cat-moniteurs-video","8":"product_cat-accessoires","9":"product_cat-produits-divers","10":"product_tag-brand-hollyland","12":"first","13":"instock","14":"sale","15":"taxable","16":"shipping-taxable","17":"purchasable","18":"product-type-simple"},"jetpack_sharing_enabled":true,"_links":{"self":[{"href":"https:\/\/yahyaouishop.com\/fr\/wp-json\/wp\/v2\/product\/18288","targetHints":{"allow":["GET"]}}],"collection":[{"href":"https:\/\/yahyaouishop.com\/fr\/wp-json\/wp\/v2\/product"}],"about":[{"href":"https:\/\/yahyaouishop.com\/fr\/wp-json\/wp\/v2\/types\/product"}],"replies":[{"embeddable":true,"href":"https:\/\/yahyaouishop.com\/fr\/wp-json\/wp\/v2\/comments?post=18288"}],"version-history":[{"count":8,"href":"https:\/\/yahyaouishop.com\/fr\/wp-json\/wp\/v2\/product\/18288\/revisions"}],"predecessor-version":[{"id":19293,"href":"https:\/\/yahyaouishop.com\/fr\/wp-json\/wp\/v2\/product\/18288\/revisions\/19293"}],"wp:featuredmedia":[{"embeddable":true,"href":"https:\/\/yahyaouishop.com\/fr\/wp-json\/wp\/v2\/media\/18289"}],"wp:attachment":[{"href":"https:\/\/yahyaouishop.com\/fr\/wp-json\/wp\/v2\/media?parent=18288"}],"wp:term":[{"taxonomy":"product_brand","embeddable":true,"href":"https:\/\/yahyaouishop.com\/fr\/wp-json\/wp\/v2\/product_brand?post=18288"},{"taxonomy":"product_cat","embeddable":true,"href":"https:\/\/yahyaouishop.com\/fr\/wp-json\/wp\/v2\/product_cat?post=18288"},{"taxonomy":"product_tag","embeddable":true,"href":"https:\/\/yahyaouishop.com\/fr\/wp-json\/wp\/v2\/product_tag?post=18288"}],"curies":[{"name":"wp","href":"https:\/\/api.w.org\/{rel}","templated":true}]}}