{"id":18108,"date":"2024-03-22T16:10:53","date_gmt":"2024-03-22T16:10:53","guid":{"rendered":"https:\/\/yahyaouishop.com\/?post_type=product&#038;p=18108"},"modified":"2025-10-02T15:44:25","modified_gmt":"2025-10-02T14:44:25","slug":"filtre-kf-nano-b-series","status":"publish","type":"product","link":"https:\/\/yahyaouishop.com\/fr\/produit\/filtre-kf-nano-b-series\/","title":{"rendered":"Filtre K&amp;F Nano-B Series 79 mm kal\u00e9idoscope portatif avec 3 chiffons de nettoyage"},"content":{"rendered":"<div class=\"flex-1 overflow-hidden\">\n<div class=\"react-scroll-to-bottom--css-myksl-79elbk h-full\">\n<div class=\"react-scroll-to-bottom--css-myksl-1n7m0yu\">\n<div class=\"flex flex-col text-sm pb-9\">\n<div class=\"w-full text-token-text-primary\" data-testid=\"conversation-turn-5\">\n<div class=\"px-4 py-2 justify-center text-base md:gap-6 m-auto\">\n<div class=\"flex flex-1 text-base mx-auto gap-3 md:px-5 lg:px-1 xl:px-5 md:max-w-3xl lg:max-w-[40rem] xl:max-w-[48rem] group final-completion\">\n<div class=\"relative flex w-full flex-col agent-turn\">\n<div class=\"flex-col gap-1 md:gap-3\">\n<div class=\"flex flex-grow flex-col max-w-full\">\n<div class=\"min-h-[20px] text-message flex flex-col items-start gap-3 whitespace-pre-wrap break-words [.text-message+&amp;]:mt-5 overflow-x-auto\" data-message-author-role=\"assistant\" data-message-id=\"60b30c92-d13b-4b2d-847e-719250d86697\">\n<div class=\"markdown prose w-full break-words dark:prose-invert light\">\n<div class=\"flex flex-grow flex-col max-w-full\">\n<div class=\"min-h-[20px] text-message flex flex-col items-start whitespace-pre-wrap break-words [.text-message+&amp;]:mt-5 juice:w-full juice:items-end overflow-x-auto gap-2\" dir=\"auto\" data-message-author-role=\"assistant\" data-message-id=\"8876b460-8bd4-4e1c-8e3c-ff0fb3be8326\">\n<div class=\"flex w-full flex-col gap-1 juice:empty:hidden juice:first:pt-[3px]\">\n<div class=\"markdown prose w-full break-words dark:prose-invert light\">\n<p>D\u00e9couvrez le <strong>Filtre K&amp;F Nano-B Series 79 mm<\/strong> et explorez un nouvel horizon de cr\u00e9ativit\u00e9 photographique. Sp\u00e9cialement con\u00e7u pour les passionn\u00e9s de photographie, ce filtre kal\u00e9idoscope portatif transforme votre exp\u00e9rience de prise de vue en un festival visuel captivant. Id\u00e9al pour les amateurs de paysages et de portraits, Filtre K&amp;F Nano-B Series ajoute des motifs dynamiques et des jeux de lumi\u00e8re enchanteurs \u00e0 vos images. Dot\u00e9 d&#8217;une taille compacte de 79 mm, il se transporte facilement dans votre sac d&#8217;\u00e9quipement, pr\u00eat \u00e0 enrichir chaque session photo.<\/p>\n<p>Les 3 chiffons de nettoyage inclus assurent que votre lentille reste impeccable, vous permettant de capturer des moments magiques avec nettet\u00e9 et clart\u00e9 \u00e0 tout moment. Explorez de nouvelles perspectives artistiques avec le <strong>Filtre K&amp;F Nano-B Series<\/strong>, votre compagnon de cr\u00e9ation incontournable.<\/p>\n<p><strong>Points forts du Filtre K&amp;F Nano-B Series 79 mm :<\/strong><\/p>\n<ol>\n<li><strong>Effet kal\u00e9idoscope captivant :<\/strong> Transformez vos photos en \u0153uvres d&#8217;art visuelles avec des motifs et des jeux de lumi\u00e8re uniques.<\/li>\n<li><strong>Portabilit\u00e9 et facilit\u00e9 d&#8217;utilisation :<\/strong> Compact et l\u00e9ger, parfait pour les aventures photographiques en plein air.<\/li>\n<li><strong>Inclus : 3 chiffons de nettoyage :<\/strong> Maintenez votre lentille propre et pr\u00eate \u00e0 capturer chaque instant avec nettet\u00e9.<\/li>\n<li><strong>Polyvalence cr\u00e9ative :<\/strong> Id\u00e9al pour les photographes explorant de nouvelles dimensions artistiques.<\/li>\n<\/ol>\n<p><strong>Filtres d&#8217;objectif et accessoires pour photographes<\/strong><\/p>\n<p>Les filtres jouent un r\u00f4le crucial dans l&#8217;am\u00e9lioration de la qualit\u00e9 de vos photographies en ajoutant des effets sp\u00e9ciaux et en prot\u00e9geant vos lentilles des \u00e9l\u00e9ments ext\u00e9rieurs. Les <strong>Filtres UV<\/strong>, essentiels pour r\u00e9duire la brume et am\u00e9liorer la clart\u00e9 des images, sont parfaits pour les prises de vue en plein air. Les <strong>Filtres polarisants<\/strong> aident \u00e0 \u00e9liminer les reflets ind\u00e9sirables et \u00e0 intensifier les couleurs, id\u00e9aux pour les paysages et les sc\u00e8nes aquatiques.<\/p>\n<p>Les <strong>Filtres ND (filtres \u00e0 densit\u00e9 neutre)<\/strong> sont indispensables pour contr\u00f4ler l&#8217;exposition en r\u00e9duisant la quantit\u00e9 de lumi\u00e8re atteignant le capteur, permettant des effets de flou de mouvement ou de longue exposition. Les Filtres de protection offrent une couche suppl\u00e9mentaire de s\u00e9curit\u00e9 contre les rayures et la poussi\u00e8re, pr\u00e9servant ainsi la qualit\u00e9 optique de vos lentilles. Que ce soit pour des filtres de couleur cr\u00e9atifs, des filtres gradu\u00e9s pour \u00e9quilibrer la luminosit\u00e9 ou des filtres infrarouges pour des effets uniques, chaque accessoire contribue \u00e0 affiner et \u00e0 personnaliser votre exp\u00e9rience photographique.<\/p>\n<p>&nbsp;<\/p>\n<p>&nbsp;<\/p>\n<\/div>\n<\/div>\n<\/div>\n<\/div>\n<div class=\"mt-1 flex gap-3 empty:hidden juice:-ml-3\">\n<div class=\"items-center justify-start rounded-xl p-1 flex\">\n<div class=\"flex items-center\"><\/div>\n<\/div>\n<\/div>\n<\/div>\n<\/div>\n<\/div>\n<\/div>\n<\/div>\n<\/div>\n<\/div>\n<\/div>\n<\/div>\n<\/div>\n<\/div>\n<\/div>","protected":false},"excerpt":{"rendered":"<p>Le <strong>Filtre K&amp;F Nano-B Series 79 mm<\/strong> transforme vos photos en v\u00e9ritables \u0153uvres d&#8217;art avec son effet kal\u00e9idoscope captivant. Compact et portable, il est id\u00e9al pour les aventures photographiques en ext\u00e9rieur. Inclus : 3 chiffons de nettoyage pour maintenir votre lentille impeccable. Explorez de nouvelles dimensions cr\u00e9atives avec ce filtre unique qui ajoute des motifs dynamiques et des jeux de lumi\u00e8re enchanteurs \u00e0 chaque prise de vue.<\/p>","protected":false},"featured_media":18109,"comment_status":"open","ping_status":"closed","template":"","meta":[],"product_brand":[443,530],"product_cat":[267,203],"product_tag":[262],"class_list":{"0":"post-18108","1":"product","2":"type-product","3":"status-publish","4":"has-post-thumbnail","6":"product_brand-kf","7":"product_brand-kf-concept","8":"product_cat-filtres","9":"product_cat-accessoires","10":"product_tag-brand-kf","12":"first","13":"instock","14":"taxable","15":"shipping-taxable","16":"purchasable","17":"product-type-simple"},"jetpack_sharing_enabled":true,"_links":{"self":[{"href":"https:\/\/yahyaouishop.com\/fr\/wp-json\/wp\/v2\/product\/18108","targetHints":{"allow":["GET"]}}],"collection":[{"href":"https:\/\/yahyaouishop.com\/fr\/wp-json\/wp\/v2\/product"}],"about":[{"href":"https:\/\/yahyaouishop.com\/fr\/wp-json\/wp\/v2\/types\/product"}],"replies":[{"embeddable":true,"href":"https:\/\/yahyaouishop.com\/fr\/wp-json\/wp\/v2\/comments?post=18108"}],"version-history":[{"count":6,"href":"https:\/\/yahyaouishop.com\/fr\/wp-json\/wp\/v2\/product\/18108\/revisions"}],"predecessor-version":[{"id":22073,"href":"https:\/\/yahyaouishop.com\/fr\/wp-json\/wp\/v2\/product\/18108\/revisions\/22073"}],"wp:featuredmedia":[{"embeddable":true,"href":"https:\/\/yahyaouishop.com\/fr\/wp-json\/wp\/v2\/media\/18109"}],"wp:attachment":[{"href":"https:\/\/yahyaouishop.com\/fr\/wp-json\/wp\/v2\/media?parent=18108"}],"wp:term":[{"taxonomy":"product_brand","embeddable":true,"href":"https:\/\/yahyaouishop.com\/fr\/wp-json\/wp\/v2\/product_brand?post=18108"},{"taxonomy":"product_cat","embeddable":true,"href":"https:\/\/yahyaouishop.com\/fr\/wp-json\/wp\/v2\/product_cat?post=18108"},{"taxonomy":"product_tag","embeddable":true,"href":"https:\/\/yahyaouishop.com\/fr\/wp-json\/wp\/v2\/product_tag?post=18108"}],"curies":[{"name":"wp","href":"https:\/\/api.w.org\/{rel}","templated":true}]}}