{"id":17974,"date":"2024-03-21T14:43:37","date_gmt":"2024-03-21T14:43:37","guid":{"rendered":"https:\/\/yahyaouishop.com\/?post_type=product&#038;p=17974"},"modified":"2025-10-02T15:44:41","modified_gmt":"2025-10-02T14:44:41","slug":"chiffon-de-nettoyage-en-microfibre-gris-6pcs-40x40mm","status":"publish","type":"product","link":"https:\/\/yahyaouishop.com\/fr\/produit\/chiffon-de-nettoyage-en-microfibre-gris-6pcs-40x40mm\/","title":{"rendered":"Chiffon de Nettoyage en Microfibre Gris 6pcs 40x40mm"},"content":{"rendered":"<p>Un chiffon de nettoyage en microfibre optique import\u00e9 est utilis\u00e9 pour garantir que le rev\u00eatement des instruments optiques tels que les lentilles\/filtres ne sera pas endommag\u00e9, que la poussi\u00e8re ne tombera pas et que la pollution secondaire sera \u00e9vit\u00e9e.<\/p>\n<p>Emballage unique, portable, propre et hygi\u00e9nique ;<\/p>\n<p>Fusible laser, bande de chant serr\u00e9e, pas de chute de poussi\u00e8re;<\/p>\n<p>Chiffon de nettoyage de 4,16 * 16 pouces, texture d\u00e9licate, doux et non pelucheux, peut \u00eatre lav\u00e9 et r\u00e9utilis\u00e9;<\/p>\n<p>Grande surface de contact dense, forte adsorption de salet\u00e9.<\/p>","protected":false},"excerpt":{"rendered":"<p>Un chiffon de nettoyage en microfibre optique import\u00e9 est utilis\u00e9 pour garantir que le rev\u00eatement des instruments optiques tels que<\/p>","protected":false},"featured_media":17976,"comment_status":"open","ping_status":"closed","template":"","meta":[],"product_brand":[443,455],"product_cat":[203,126],"product_tag":[262,449],"class_list":{"0":"post-17974","1":"product","2":"type-product","3":"status-publish","4":"has-post-thumbnail","6":"product_brand-kf","7":"product_brand-yahyaoui-shop","8":"product_cat-accessoires","9":"product_cat-produits-divers","10":"product_tag-brand-kf","11":"product_tag-yahyaoui-shop","13":"first","14":"instock","15":"taxable","16":"shipping-taxable","17":"purchasable","18":"product-type-simple"},"jetpack_sharing_enabled":true,"_links":{"self":[{"href":"https:\/\/yahyaouishop.com\/fr\/wp-json\/wp\/v2\/product\/17974","targetHints":{"allow":["GET"]}}],"collection":[{"href":"https:\/\/yahyaouishop.com\/fr\/wp-json\/wp\/v2\/product"}],"about":[{"href":"https:\/\/yahyaouishop.com\/fr\/wp-json\/wp\/v2\/types\/product"}],"replies":[{"embeddable":true,"href":"https:\/\/yahyaouishop.com\/fr\/wp-json\/wp\/v2\/comments?post=17974"}],"version-history":[{"count":1,"href":"https:\/\/yahyaouishop.com\/fr\/wp-json\/wp\/v2\/product\/17974\/revisions"}],"predecessor-version":[{"id":17977,"href":"https:\/\/yahyaouishop.com\/fr\/wp-json\/wp\/v2\/product\/17974\/revisions\/17977"}],"wp:featuredmedia":[{"embeddable":true,"href":"https:\/\/yahyaouishop.com\/fr\/wp-json\/wp\/v2\/media\/17976"}],"wp:attachment":[{"href":"https:\/\/yahyaouishop.com\/fr\/wp-json\/wp\/v2\/media?parent=17974"}],"wp:term":[{"taxonomy":"product_brand","embeddable":true,"href":"https:\/\/yahyaouishop.com\/fr\/wp-json\/wp\/v2\/product_brand?post=17974"},{"taxonomy":"product_cat","embeddable":true,"href":"https:\/\/yahyaouishop.com\/fr\/wp-json\/wp\/v2\/product_cat?post=17974"},{"taxonomy":"product_tag","embeddable":true,"href":"https:\/\/yahyaouishop.com\/fr\/wp-json\/wp\/v2\/product_tag?post=17974"}],"curies":[{"name":"wp","href":"https:\/\/api.w.org\/{rel}","templated":true}]}}