{"id":17757,"date":"2024-02-06T14:08:22","date_gmt":"2024-02-06T13:08:22","guid":{"rendered":"https:\/\/yahyaouishop.com\/?post_type=product&#038;p=17757"},"modified":"2025-10-01T01:06:56","modified_gmt":"2025-10-01T00:06:56","slug":"imprimante-jet-dencre-canon-pixma-ts204","status":"publish","type":"product","link":"https:\/\/yahyaouishop.com\/fr\/produit\/imprimante-jet-dencre-canon-pixma-ts204\/","title":{"rendered":"IMPRIMANTE JET D&#8217;ENCRE CANON PIXMA TS204"},"content":{"rendered":"<p><span style=\"color: #1b1919; font-size: 22px;\">Description Du Produit<\/span><\/p>\n<div class=\"tab-content  col-xs-12\">\n<div id=\"tab-description\" class=\"tab-pane active\">\n<div id=\"collapse-description\" class=\"desc-collapse showup\">\n<p>Imprimante TS 204 Jet d&#8217;encre Fonctionnalit\u00e9 Fonction unique (impression uniquement) Sortie imprimante Couleur, Connectivit\u00e9 USB haute vitesse (port B), Pages par minute 7,7 pages (noir et blanc), 4 pages (couleur); Co\u00fbt par page &#8211; Rs 5.3 (Noir et Blanc), Rs 7.8 (Couleur), Conforme aux normes ISO, Format de page pris en charge 4.0&#8243;x6.0&#8243; jusqu&#8217;\u00e0 A4 \/ Letter \/ Legal; Impression recto verso Manuel; R\u00e9solution d&#8217;impression 4800&#215;1200<\/p>\n<\/div>\n<p><b><span style=\"color: #085294;\">Caract\u00e9ristiques<\/span><\/b><\/p>\n<table class=\"table-data-sheet\">\n<tbody>\n<tr class=\"odd\">\n<td>Fonctions<\/td>\n<td>Impression<\/td>\n<\/tr>\n<tr class=\"even\">\n<td>Technologie d&#8217;impression<\/td>\n<td>Jet d&#8217;encre<\/td>\n<\/tr>\n<tr class=\"odd\">\n<td>Cartouches d&#8217;impression<\/td>\n<td>2 cartouches FINE (noir et couleur)<\/td>\n<\/tr>\n<tr class=\"even\">\n<td>Vitesse d&#8217;impression noir<\/td>\n<td>Environ 7,7 ppm<\/td>\n<\/tr>\n<tr class=\"odd\">\n<td>Vitesse d&#8217;impression couleur<\/td>\n<td>Environ 4,0 ppm<\/td>\n<\/tr>\n<tr class=\"even\">\n<td>Qualit\u00e9 d&#8217;impression noire<\/td>\n<td>Jusqu&#8217;\u00e0 4800 x 1200 DPI (ppp)<\/td>\n<\/tr>\n<tr class=\"odd\">\n<td>Qualit\u00e9 d&#8217;impression couleur<\/td>\n<td>Jusqu&#8217;\u00e0 4800 x 1200 DPI (ppp)<\/td>\n<\/tr>\n<tr class=\"even\">\n<td>\u00c9cran<\/td>\n<td>Pas d&#8217;affichage<\/td>\n<\/tr>\n<tr class=\"odd\">\n<td>Connectivit\u00e9<\/td>\n<td>USB haute vitesse (port B)<\/td>\n<\/tr>\n<tr class=\"even\">\n<td>Impression recto\/verso<\/td>\n<td>Manuelle<\/td>\n<\/tr>\n<tr class=\"odd\">\n<td>Impression sans bordure<\/td>\n<td>Oui (10 x 15cm)<\/td>\n<\/tr>\n<tr class=\"even\">\n<td>Formats de supports pris en charge<\/td>\n<td>Papier ordinaire: A4, LTR<\/p>\n<p>Papier photo: 10 x 15cm<\/td>\n<\/tr>\n<tr class=\"odd\">\n<td>Types de support pris en charge<\/td>\n<td>Papier ordinaire Papier<\/p>\n<p>Papier Photo Plus glac\u00e9 II (PP-201)<\/p>\n<p>Papier Photo glac\u00e9 &#8220;Usage quotidien&#8221; (GP-501)<\/td>\n<\/tr>\n<tr class=\"even\">\n<td>Dimensions (l x p x h)<\/td>\n<td>426 x 255 x 131 mm<\/td>\n<\/tr>\n<tr class=\"odd\">\n<td>Poids net<\/td>\n<td>2,5 kg<\/td>\n<\/tr>\n<tr class=\"even\">\n<td>Cartouches compatibles<\/td>\n<td>PG-445 (XL) noir pigment\u00e9<\/p>\n<p>CL-446 (XL) couleur<\/td>\n<\/tr>\n<tr class=\"odd\">\n<td>Syst\u00e8mes d&#8217;exploitation compatibles<\/td>\n<td>Windows 10, Windows 8.1, Windows 7 SP1<\/p>\n<p>Remarque: Pour Windows, .NET Framework 4.5.2 ou 4.6 est requis<\/p>\n<p>OS X 10.10.5 ~ OS X 10.11, macOS 10.12<\/td>\n<\/tr>\n<tr class=\"even\">\n<td>Logiciels inclus<\/td>\n<td>Pilote d&#8217;imprimante<\/p>\n<p>My Image Garden avec impression de films Full HD<\/p>\n<p>Menu rapide<\/p>\n<p>Easy-WebPrint EX (t\u00e9l\u00e9chargement)<\/td>\n<\/tr>\n<tr class=\"odd\">\n<td>Formats et grammages de supports<\/td>\n<td>Papier ordinaire: 64-105 g \/ m2, papier sp\u00e9cial Canon: grammage max. Du papier: env. 275 g \/ m2 (Papier photo Plus glac\u00e9 II (PP-201))<\/td>\n<\/tr>\n<\/tbody>\n<\/table>\n<\/div>\n<\/div>","protected":false},"excerpt":{"rendered":"<h6>Vitesse d&#8217;impression noir: Environ 7,7 images\/min en norme ISO<\/h6>\n<h6>Vitesse d&#8217;impression couleur: Environ 4,0 images\/min en norme ISO<\/h6>\n<h6>Qualit\u00e9 d&#8217;impression noire: Jusqu&#8217;\u00e0 1 4800 x 1200 DPI (ppp)<\/h6>\n<h6>Qualit\u00e9 d&#8217;impression couleur: Jusqu&#8217;\u00e0 4800 x 1200 DPI (ppp)<\/h6>\n<h6>Impression recto\/verso: Manuelle<\/h6>\n<h6>Fonctionne avec: 2 cartouches FINE (noir et couleur)<\/h6>\n<h6>Connectivit\u00e9: USB haute vitesse (port B)<\/h6>\n<h6>Garantie 1 an<\/h6>","protected":false},"featured_media":17759,"comment_status":"open","ping_status":"closed","template":"","meta":[],"product_brand":[453],"product_cat":[126],"product_tag":[221],"class_list":{"0":"post-17757","1":"product","2":"type-product","3":"status-publish","4":"has-post-thumbnail","6":"product_brand-canon","7":"product_cat-produits-divers","8":"product_tag-brand-canon","10":"first","11":"outofstock","12":"taxable","13":"shipping-taxable","14":"purchasable","15":"product-type-simple"},"jetpack_sharing_enabled":true,"_links":{"self":[{"href":"https:\/\/yahyaouishop.com\/fr\/wp-json\/wp\/v2\/product\/17757","targetHints":{"allow":["GET"]}}],"collection":[{"href":"https:\/\/yahyaouishop.com\/fr\/wp-json\/wp\/v2\/product"}],"about":[{"href":"https:\/\/yahyaouishop.com\/fr\/wp-json\/wp\/v2\/types\/product"}],"replies":[{"embeddable":true,"href":"https:\/\/yahyaouishop.com\/fr\/wp-json\/wp\/v2\/comments?post=17757"}],"version-history":[{"count":1,"href":"https:\/\/yahyaouishop.com\/fr\/wp-json\/wp\/v2\/product\/17757\/revisions"}],"predecessor-version":[{"id":17761,"href":"https:\/\/yahyaouishop.com\/fr\/wp-json\/wp\/v2\/product\/17757\/revisions\/17761"}],"wp:featuredmedia":[{"embeddable":true,"href":"https:\/\/yahyaouishop.com\/fr\/wp-json\/wp\/v2\/media\/17759"}],"wp:attachment":[{"href":"https:\/\/yahyaouishop.com\/fr\/wp-json\/wp\/v2\/media?parent=17757"}],"wp:term":[{"taxonomy":"product_brand","embeddable":true,"href":"https:\/\/yahyaouishop.com\/fr\/wp-json\/wp\/v2\/product_brand?post=17757"},{"taxonomy":"product_cat","embeddable":true,"href":"https:\/\/yahyaouishop.com\/fr\/wp-json\/wp\/v2\/product_cat?post=17757"},{"taxonomy":"product_tag","embeddable":true,"href":"https:\/\/yahyaouishop.com\/fr\/wp-json\/wp\/v2\/product_tag?post=17757"}],"curies":[{"name":"wp","href":"https:\/\/api.w.org\/{rel}","templated":true}]}}