{"id":17736,"date":"2024-02-02T19:24:24","date_gmt":"2024-02-02T18:24:24","guid":{"rendered":"https:\/\/yahyaouishop.com\/?post_type=product&#038;p=17736"},"modified":"2026-02-08T00:40:17","modified_gmt":"2026-02-07T23:40:17","slug":"godox-mf-r76-macro-ring-flash","status":"publish","type":"product","link":"https:\/\/yahyaouishop.com\/fr\/produit\/godox-mf-r76-macro-ring-flash\/","title":{"rendered":"Godox MF-R76 Macro Ring Flash"},"content":{"rendered":"<h3 id=\"godox-mf-r76-macro-ringblitzger\u00e4t\">Godox MF-R76 Macro Ring Flash<\/h3>\n<p><strong>La cr\u00e9ativit\u00e9 \u00e0 port\u00e9e de main<\/strong><\/p>\n<p>Gr\u00e2ce \u00e0 sa conception annulaire et \u00e0 sa t\u00eate de flash qui se fixe directement \u00e0 l&#8217;avant de l&#8217;objectif, le Godox MF-R76 Macro Ring Flash fournit un \u00e9clairage sans g\u00eaner ni cr\u00e9er d&#8217;ombres dures, ce qui en fait une option id\u00e9ale pour les photographes qui r\u00e9alisent des gros plans, aussi bien sur le terrain qu&#8217;en studio.<a class=\"my-4 d-block text-center w-100\" title=\"Godox MF-R76 - Flash annulaire macro\" href=\"https:\/\/media.foto-erhardt.de\/images\/product_images\/popup_images\/858\/godox-mf-r76-macro-ringblitzgerat-164016863585810304.jpg\" data-toggle=\"lightbox\" data-gallery=\"product_images\" target=\"_blank\" rel=\"noopener\"><img decoding=\"async\" class=\"img-fluid alignright\" src=\"https:\/\/media.foto-erhardt.de\/images\/product_images\/info_images\/858\/godox-mf-r76-macro-ringblitzgerat-164016863585810304.jpg\" alt=\"Godox MF-R76 - Flash annulaire macro\" width=\"337\" height=\"262\" data-src=\"https:\/\/media.foto-erhardt.de\/images\/product_images\/info_images\/858\/godox-mf-r76-macro-ringblitzgerat-164016863585810304.jpg\" data- title=\"\"><\/a><\/p>\n<p><strong>Contr\u00f4le polyvalent de l&#8217;\u00e9clairage<\/strong><\/p>\n<p>Gr\u00e2ce \u00e0 la conception \u00e0 deux tubes et au contr\u00f4le s\u00e9par\u00e9 de la luminosit\u00e9, vous pouvez tirer sur les deux tubes simultan\u00e9ment ou sur chaque tube s\u00e9par\u00e9ment, de la pleine puissance \u00e0 1\/128 avec des valeurs de diaphragme de 1\/3, afin de cr\u00e9er un rapport clair-obscur et d&#8217;obtenir un \u00e9clairage uniforme du sujet lors de prises de vue tr\u00e8s sensibles.<a class=\"my-4 d-block text-center w-100\" title=\"Godox MF-R76 - Flash annulaire macro\" href=\"https:\/\/media.foto-erhardt.de\/images\/product_images\/popup_images\/870\/godox-mf-r76-macro-ringblitzgerat-164016863587050304.jpg\" data-toggle=\"lightbox\" data-gallery=\"product_images\" target=\"_blank\" rel=\"noopener\"><img decoding=\"async\" class=\"img-fluid alignleft\" src=\"https:\/\/media.foto-erhardt.de\/images\/product_images\/info_images\/870\/godox-mf-r76-macro-ringblitzgerat-164016863587050304.jpg\" alt=\"Godox MF-R76 - Flash annulaire macro\" width=\"251\" height=\"320\" data-src=\"https:\/\/media.foto-erhardt.de\/images\/product_images\/info_images\/870\/godox-mf-r76-macro-ringblitzgerat-164016863587050304.jpg\" data- title=\"\"><\/a><\/p>\n<p><strong>&#8220;Focus&#8221; sur une grande efficacit\u00e9<\/strong><\/p>\n<p>Deux lampes d&#8217;aide \u00e0 la mise au point, avec un rapport de puissance de 10, facilitent la mise au point et la composition dans des conditions de faible luminosit\u00e9, pour une efficacit\u00e9 maximale.<\/p>\n<p><strong>Compatibilit\u00e9 universelle<\/strong><\/p>\n<p>Le Godox MF-R76 Macro Ring Flash dispose d&#8217;un grand choix de bagues d&#8217;adaptation et est compatible avec les objectifs de : 49, 52, 55, 58, 62, 67, 72, 77 mm. En outre, l&#8217;unit\u00e9 de contr\u00f4le dispose d&#8217;une griffe de flash compatible avec la plupart des appareils photo.<\/p>\n<p><strong>Des performances stables et fiables<\/strong><\/p>\n<p>Le MF-R76 est \u00e9quip\u00e9 d&#8217;une puissante batterie au lithium qui peut produire jusqu&#8217;\u00e0 660 flashes \u00e0 pleine puissance, permettant ainsi des prises de vue de longue dur\u00e9e.<\/p>\n<p><strong>Grand \u00e9cran<\/strong><\/p>\n<p>Une interface conviviale sur un grand \u00e9cran LCD vous indique imm\u00e9diatement la puissance de sortie, le mode actuel, le niveau de la batterie, etc. Quelques touches situ\u00e9es sous le contr\u00f4leur permettent d&#8217;apprendre \u00e0 l&#8217;utiliser en un instant.<a class=\"my-4 d-block text-center w-100\" title=\"Godox MF-R76 - Flash annulaire macro\" href=\"https:\/\/media.foto-erhardt.de\/images\/product_images\/popup_images\/882\/godox-mf-r76-macro-ringblitzgerat-164016863588230304.jpg\" data-toggle=\"lightbox\" data-gallery=\"product_images\" target=\"_blank\" rel=\"noopener\"><img decoding=\"async\" class=\"img-fluid alignleft\" src=\"https:\/\/media.foto-erhardt.de\/images\/product_images\/info_images\/882\/godox-mf-r76-macro-ringblitzgerat-164016863588230304.jpg\" alt=\"Godox MF-R76 - Flash annulaire macro\" width=\"254\" height=\"334\" data-src=\"https:\/\/media.foto-erhardt.de\/images\/product_images\/info_images\/882\/godox-mf-r76-macro-ringblitzgerat-164016863588230304.jpg\" data- title=\"\"><\/a><\/p>","protected":false},"excerpt":{"rendered":"<p>Le <strong>Godox MF-R76 Macro Ring Flash<\/strong>\u00a0est l&#8217;outil id\u00e9al pour les photographes de macro et de portrait. Avec sa conception annulaire innovante, il offre un \u00e9clairage uniforme sans ombres dures, parfait pour capturer les d\u00e9tails minutieux. Les deux tubes de flash offrent un contr\u00f4le ind\u00e9pendant de la luminosit\u00e9 jusqu&#8217;\u00e0 1\/128\u00e8me, tandis que les lampes d&#8217;aide \u00e0 la mise au point assurent une pr\u00e9cision optimale en faible lumi\u00e8re. Compatible avec une large gamme d&#8217;objectifs gr\u00e2ce \u00e0 diff\u00e9rentes bagues d&#8217;adaptation, il est aliment\u00e9 par une batterie au lithium durable pour une utilisation prolong\u00e9e, avec une interface conviviale sur grand \u00e9cran LCD pour une facilit\u00e9 d&#8217;utilisation maximale.<\/p>","protected":false},"featured_media":17737,"comment_status":"open","ping_status":"closed","template":"","meta":[],"product_brand":[456],"product_cat":[141],"product_tag":[229],"class_list":{"0":"post-17736","1":"product","2":"type-product","3":"status-publish","4":"has-post-thumbnail","6":"product_brand-godox","7":"product_cat-flash","8":"product_tag-brand-godox","10":"first","11":"instock","12":"purchasable","13":"product-type-simple"},"jetpack_sharing_enabled":true,"_links":{"self":[{"href":"https:\/\/yahyaouishop.com\/fr\/wp-json\/wp\/v2\/product\/17736","targetHints":{"allow":["GET"]}}],"collection":[{"href":"https:\/\/yahyaouishop.com\/fr\/wp-json\/wp\/v2\/product"}],"about":[{"href":"https:\/\/yahyaouishop.com\/fr\/wp-json\/wp\/v2\/types\/product"}],"replies":[{"embeddable":true,"href":"https:\/\/yahyaouishop.com\/fr\/wp-json\/wp\/v2\/comments?post=17736"}],"version-history":[{"count":3,"href":"https:\/\/yahyaouishop.com\/fr\/wp-json\/wp\/v2\/product\/17736\/revisions"}],"predecessor-version":[{"id":19131,"href":"https:\/\/yahyaouishop.com\/fr\/wp-json\/wp\/v2\/product\/17736\/revisions\/19131"}],"wp:featuredmedia":[{"embeddable":true,"href":"https:\/\/yahyaouishop.com\/fr\/wp-json\/wp\/v2\/media\/17737"}],"wp:attachment":[{"href":"https:\/\/yahyaouishop.com\/fr\/wp-json\/wp\/v2\/media?parent=17736"}],"wp:term":[{"taxonomy":"product_brand","embeddable":true,"href":"https:\/\/yahyaouishop.com\/fr\/wp-json\/wp\/v2\/product_brand?post=17736"},{"taxonomy":"product_cat","embeddable":true,"href":"https:\/\/yahyaouishop.com\/fr\/wp-json\/wp\/v2\/product_cat?post=17736"},{"taxonomy":"product_tag","embeddable":true,"href":"https:\/\/yahyaouishop.com\/fr\/wp-json\/wp\/v2\/product_tag?post=17736"}],"curies":[{"name":"wp","href":"https:\/\/api.w.org\/{rel}","templated":true}]}}