{"id":17623,"date":"2024-01-26T18:20:12","date_gmt":"2024-01-26T17:20:12","guid":{"rendered":"https:\/\/yahyaouishop.com\/?post_type=product&#038;p=17623"},"modified":"2025-10-01T01:06:55","modified_gmt":"2025-10-01T00:06:55","slug":"gopro-hero-11-creator-edition","status":"publish","type":"product","link":"https:\/\/yahyaouishop.com\/fr\/produit\/gopro-hero-11-creator-edition\/","title":{"rendered":"GoPro Hero 11 Creator Edition"},"content":{"rendered":"<p>Votre kit cr\u00e9atif tout-en-un<\/p>\n<p>GoPro Hero 11 Creator Edition Black est un kit de capture de contenu tout-en-un qui rend le vlogging, la r\u00e9alisation et la diffusion en direct plus simples que jamais. Ce syst\u00e8me complet permet de r\u00e9aliser des vid\u00e9os 5.3K de qualit\u00e9 professionnelle et propose la stabilisation vid\u00e9o HyperSmooth 5.0 r\u00e9compens\u00e9e d\u2019un Emmy, une qualit\u00e9 audio am\u00e9lior\u00e9e, un \u00e9clairage LED puissant et quatre heures d\u2019enregistrement en 4K par charge.<\/p>\n<p>La cam\u00e9ra r\u00e9volutionnaire HERO11 Black et son incroyable qualit\u00e9 d\u2019image. Une poign\u00e9e ultra-polyvalente avec autonomie d\u2019une journ\u00e9e et contr\u00f4le \u00e0 une main. Innombrables possibilit\u00e9s de fixation. Luminosit\u00e9. Son. Et une sauvegarde illimit\u00e9e dans le cloud. Tout ce dont vous avez besoin pour cr\u00e9er un chef d\u2019\u0153uvre.<\/p>\n<p>Un nouveau capteur d\u2018image vous offre un support extra-large pour vos prises de vue. Le champ de vision \u00e9tendu vous permet d\u2019effectuer des zooms, de recadrer vos prises et de changer d\u2019objectif num\u00e9rique pour obtenir un r\u00e9sultat parfait lors du montage.<\/p>\n<p>La r\u00e9solution vid\u00e9o ultra-nette en 5.3K donne un aspect tr\u00e8s professionnel \u00e0 toutes vos prises de vue, avec un ralenti x8 en 2.7K et des extractions d\u2019images de 24,7 MP \u00e0 partir de vid\u00e9os.<\/p>\n<p>La technologie HyperSmooth 5.0 place la barre encore plus haut en mati\u00e8re de stabilisation vid\u00e9o int\u00e9gr\u00e9e en vous offrant des images incroyablement stables, quelles que soient les conditions. Aucun stabilisateur ou logiciel sp\u00e9cial n\u00e9cessaire pour obtenir des r\u00e9sultats professionnels.<\/p>\n<p><img data-dominant-color=\"818282\" data-has-transparency=\"false\" style=\"--dominant-color: #818282;\" decoding=\"async\" class=\"alignnone size-medium wp-image-17631 not-transparent\" src=\"https:\/\/yahyaouishop.com\/wp-content\/uploads\/2024\/01\/gopro-hero-11-black-creator-edition-yahyaoui-prix-casablanca-maarif-300x222.webp\" alt=\"- -\" width=\"300\" height=\"222\" title=\"\" srcset=\"https:\/\/yahyaouishop.com\/wp-content\/uploads\/2024\/01\/gopro-hero-11-black-creator-edition-yahyaoui-prix-casablanca-maarif-300x222.webp 300w, https:\/\/yahyaouishop.com\/wp-content\/uploads\/2024\/01\/gopro-hero-11-black-creator-edition-yahyaoui-prix-casablanca-maarif-1024x758.webp 1024w, https:\/\/yahyaouishop.com\/wp-content\/uploads\/2024\/01\/gopro-hero-11-black-creator-edition-yahyaoui-prix-casablanca-maarif-768x568.webp 768w, https:\/\/yahyaouishop.com\/wp-content\/uploads\/2024\/01\/gopro-hero-11-black-creator-edition-yahyaoui-prix-casablanca-maarif-16x12.webp 16w, https:\/\/yahyaouishop.com\/wp-content\/uploads\/2024\/01\/gopro-hero-11-black-creator-edition-yahyaoui-prix-casablanca-maarif-150x111.webp 150w, https:\/\/yahyaouishop.com\/wp-content\/uploads\/2024\/01\/gopro-hero-11-black-creator-edition-yahyaoui-prix-casablanca-maarif-jpg.webp 1080w\" sizes=\"(max-width: 300px) 100vw, 300px\" \/><\/p>","protected":false},"excerpt":{"rendered":"<p>Le <strong>GoPro Hero 11 Creator Edition <\/strong>est votre kit cr\u00e9atif tout-en-un, id\u00e9al pour le vlogging, la r\u00e9alisation et la diffusion en direct. Capturez des vid\u00e9os 5.3K de qualit\u00e9 professionnelle avec une stabilisation vid\u00e9o HyperSmooth 5.0 prim\u00e9e et un son am\u00e9lior\u00e9. Profitez d\u2019un \u00e9clairage LED puissant et de quatre heures d\u2019enregistrement en 4K par charge. La cam\u00e9ra HERO11 Black offre une qualit\u00e9 d\u2019image exceptionnelle, une poign\u00e9e polyvalente avec autonomie d\u2019une journ\u00e9e, et d\u2019innombrables possibilit\u00e9s de fixation. Avec sa r\u00e9solution ultra-nette en 5.3K, ses ralentis x8 en 2.7K et ses extractions d\u2019images de 24,7 MP, cr\u00e9ez des chefs-d\u2019\u0153uvre en toute simplicit\u00e9.<\/p>","protected":false},"featured_media":17629,"comment_status":"open","ping_status":"closed","template":"","meta":[],"product_brand":[485],"product_cat":[161,199],"product_tag":[224],"class_list":{"0":"post-17623","1":"product","2":"type-product","3":"status-publish","4":"has-post-thumbnail","6":"product_brand-gopro","7":"product_cat-cameras","8":"product_cat-gopro","9":"product_tag-brand-gopro","11":"first","12":"outofstock","13":"taxable","14":"shipping-taxable","15":"purchasable","16":"product-type-simple"},"jetpack_sharing_enabled":true,"_links":{"self":[{"href":"https:\/\/yahyaouishop.com\/fr\/wp-json\/wp\/v2\/product\/17623","targetHints":{"allow":["GET"]}}],"collection":[{"href":"https:\/\/yahyaouishop.com\/fr\/wp-json\/wp\/v2\/product"}],"about":[{"href":"https:\/\/yahyaouishop.com\/fr\/wp-json\/wp\/v2\/types\/product"}],"replies":[{"embeddable":true,"href":"https:\/\/yahyaouishop.com\/fr\/wp-json\/wp\/v2\/comments?post=17623"}],"version-history":[{"count":3,"href":"https:\/\/yahyaouishop.com\/fr\/wp-json\/wp\/v2\/product\/17623\/revisions"}],"predecessor-version":[{"id":18665,"href":"https:\/\/yahyaouishop.com\/fr\/wp-json\/wp\/v2\/product\/17623\/revisions\/18665"}],"wp:featuredmedia":[{"embeddable":true,"href":"https:\/\/yahyaouishop.com\/fr\/wp-json\/wp\/v2\/media\/17629"}],"wp:attachment":[{"href":"https:\/\/yahyaouishop.com\/fr\/wp-json\/wp\/v2\/media?parent=17623"}],"wp:term":[{"taxonomy":"product_brand","embeddable":true,"href":"https:\/\/yahyaouishop.com\/fr\/wp-json\/wp\/v2\/product_brand?post=17623"},{"taxonomy":"product_cat","embeddable":true,"href":"https:\/\/yahyaouishop.com\/fr\/wp-json\/wp\/v2\/product_cat?post=17623"},{"taxonomy":"product_tag","embeddable":true,"href":"https:\/\/yahyaouishop.com\/fr\/wp-json\/wp\/v2\/product_tag?post=17623"}],"curies":[{"name":"wp","href":"https:\/\/api.w.org\/{rel}","templated":true}]}}