{"id":17497,"date":"2024-01-11T13:49:38","date_gmt":"2024-01-11T12:49:38","guid":{"rendered":"https:\/\/yahyaouishop.com\/?post_type=product&#038;p=17497"},"modified":"2025-10-01T01:06:52","modified_gmt":"2025-10-01T00:06:52","slug":"sigma-14-24mm-f2-8-dg-dn-art-monture-sony-e","status":"publish","type":"product","link":"https:\/\/yahyaouishop.com\/fr\/produit\/sigma-14-24mm-f2-8-dg-dn-art-monture-sony-e\/","title":{"rendered":"Sigma 14-24mm f2.8 DG DN Art monture Sony E"},"content":{"rendered":"<p>Le <strong>Sigma 14-24mm f2.8 DG DN Art monture Sony E<\/strong> est une optique zoom grand angle de la s\u00e9rie Art de Sigma, couvrant les capteurs plein format (24\u00d736) et con\u00e7ue sp\u00e9cifiquement pour les appareils hybrides Sony en monture E. Cet objectif est id\u00e9al pour les photographes qui recherchent une qualit\u00e9 d&#8217;image exceptionnelle et une grande polyvalence.<\/p>\n<p>Avec une ouverture constante de F2.8 sur toute sa plage focale, le <strong>Sigma 14-24mm f2.8 DG DN Art monture Sony E<\/strong> offre une excellente performance en basse lumi\u00e8re et une faible profondeur de champ, permettant des effets bokeh impressionnants. La construction optique sophistiqu\u00e9e r\u00e9duit les distorsions et les aberrations optiques \u00e0 moins de 1%, garantissant des images nettes et claires.<\/p>\n<p>L&#8217;autofocus de ce zoom a \u00e9t\u00e9 optimis\u00e9 pour les bo\u00eetiers hybrides Sony, offrant une mise au point silencieuse, fluide et pr\u00e9cise. Que vous photographiez des paysages, de l&#8217;architecture ou des sc\u00e8nes d&#8217;int\u00e9rieur, le <strong>Sigma 14-24mm f2.8 DG DN Art monture Sony E<\/strong> assure des r\u00e9sultats professionnels.<\/p>\n<p>Le <strong>Sigma 14-24mm f2.8 DG DN Art monture Sony E<\/strong> est \u00e9galement r\u00e9sistant \u00e0 l&#8217;humidit\u00e9 et \u00e0 la poussi\u00e8re, ce qui en fait un excellent choix pour les conditions de prise de vue difficiles. Avec une distance minimale de mise au point de 26 \u00e0 28 cm, cet objectif vous permet de capturer des d\u00e9tails \u00e9tonnants m\u00eame \u00e0 courte distance.<\/p>\n<h2><strong>Ce que l\u2019on retient du Sigma art 14-24mm F2.8 DG DN :<\/p>\n<p><\/strong><\/h2>\n<ul>\n<li>Plage Focales : 14-24mm<\/li>\n<li>Ouverture max. : F2.8<\/li>\n<li>Ouverture min. : F 22<\/li>\n<li>Autofocus : Oui<\/li>\n<li>Stabilis\u00e9 : Non<\/li>\n<li>Bouton de fonction assignable<\/li>\n<li>R\u00e9sistant \u00e0 l\u2019humidit\u00e9 et \u00e0 la poussi\u00e8re<\/li>\n<li>Distance minimale de mise au point : 26 \u00e0 28 cm<\/li>\n<li>Poids : 795g<\/li>\n<li>Monture\u00a0 : Monture E<\/li>\n<\/ul>\n<p>le <strong>Sigma 14-24mm f2.8 DG DN Art monture Sony E<\/strong> est un zoom grand angle polyvalent et performant, id\u00e9al pour les photographes utilisant des hybrides Sony E.<\/p>","protected":false},"excerpt":{"rendered":"<div class=\"flex flex-grow flex-col max-w-full\">\n<div class=\"min-h-[20px] text-message flex flex-col items-start whitespace-pre-wrap break-words [.text-message+&amp;]:mt-5 juice:w-full juice:items-end overflow-x-auto gap-2\" dir=\"auto\" data-message-author-role=\"assistant\" data-message-id=\"e890172f-f9e1-4279-a611-bdf44fa5bb02\">\n<div class=\"flex w-full flex-col gap-1 juice:empty:hidden juice:first:pt-[3px]\">\n<div class=\"markdown prose w-full break-words dark:prose-invert light\">\n<p>Le <strong>Sigma 14-24mm f2.8 DG DN Art monture Sony E<\/strong> est un zoom grand angle haut de gamme con\u00e7u pour les hybrides Sony. Avec une ouverture constante de F2.8, il excelle en basse lumi\u00e8re et offre une faible profondeur de champ. Ce zoom r\u00e9duit les distorsions et les aberrations optiques \u00e0 moins de 1%. L&#8217;autofocus est silencieux et pr\u00e9cis, parfait pour des prises de vue fluides. R\u00e9sistant \u00e0 l&#8217;humidit\u00e9 et \u00e0 la poussi\u00e8re, il convient aux conditions de prise de vue difficiles. Avec une distance de mise au point minimale de 26 \u00e0 28 cm, le <strong>Sigma 14-24mm f2.8 DG DN Art monture Sony E<\/strong> est id\u00e9al pour des photos d\u00e9taill\u00e9es.<\/p>\n<\/div>\n<\/div>\n<\/div>\n<\/div>","protected":false},"featured_media":17498,"comment_status":"open","ping_status":"closed","template":"","meta":[],"product_brand":[515],"product_cat":[148,202],"product_tag":[238],"class_list":{"0":"post-17497","1":"product","2":"type-product","3":"status-publish","4":"has-post-thumbnail","6":"product_brand-sigma","7":"product_cat-objectifs","8":"product_cat-objectifs-sigma","9":"product_tag-brand-sigma","11":"first","12":"instock","13":"sale","14":"purchasable","15":"product-type-simple"},"jetpack_sharing_enabled":true,"_links":{"self":[{"href":"https:\/\/yahyaouishop.com\/fr\/wp-json\/wp\/v2\/product\/17497","targetHints":{"allow":["GET"]}}],"collection":[{"href":"https:\/\/yahyaouishop.com\/fr\/wp-json\/wp\/v2\/product"}],"about":[{"href":"https:\/\/yahyaouishop.com\/fr\/wp-json\/wp\/v2\/types\/product"}],"replies":[{"embeddable":true,"href":"https:\/\/yahyaouishop.com\/fr\/wp-json\/wp\/v2\/comments?post=17497"}],"version-history":[{"count":4,"href":"https:\/\/yahyaouishop.com\/fr\/wp-json\/wp\/v2\/product\/17497\/revisions"}],"predecessor-version":[{"id":21829,"href":"https:\/\/yahyaouishop.com\/fr\/wp-json\/wp\/v2\/product\/17497\/revisions\/21829"}],"wp:featuredmedia":[{"embeddable":true,"href":"https:\/\/yahyaouishop.com\/fr\/wp-json\/wp\/v2\/media\/17498"}],"wp:attachment":[{"href":"https:\/\/yahyaouishop.com\/fr\/wp-json\/wp\/v2\/media?parent=17497"}],"wp:term":[{"taxonomy":"product_brand","embeddable":true,"href":"https:\/\/yahyaouishop.com\/fr\/wp-json\/wp\/v2\/product_brand?post=17497"},{"taxonomy":"product_cat","embeddable":true,"href":"https:\/\/yahyaouishop.com\/fr\/wp-json\/wp\/v2\/product_cat?post=17497"},{"taxonomy":"product_tag","embeddable":true,"href":"https:\/\/yahyaouishop.com\/fr\/wp-json\/wp\/v2\/product_tag?post=17497"}],"curies":[{"name":"wp","href":"https:\/\/api.w.org\/{rel}","templated":true}]}}