{"id":17476,"date":"2024-05-28T13:51:42","date_gmt":"2024-05-28T12:51:42","guid":{"rendered":"https:\/\/yahyaouishop.com\/?post_type=product&#038;p=17476"},"modified":"2025-10-01T01:06:51","modified_gmt":"2025-10-01T00:06:51","slug":"gopro-hero-12-black","status":"publish","type":"product","link":"https:\/\/yahyaouishop.com\/fr\/produit\/gopro-hero-12-black\/","title":{"rendered":"GoPro Hero 12 Black"},"content":{"rendered":"<p>La GoPro HERO 12 Black est une cam\u00e9ra d&#8217;action haut de gamme dot\u00e9e de nombreuses fonctionnalit\u00e9s. Enregistrez des vid\u00e9os en 5,3K ou des photos en 27mpx. de vos pr\u00e9cieux moments en famille ou emportez-la avec vous lors d&#8217;activit\u00e9s de plein air ou en voyage. Gr\u00e2ce \u00e0 sa petite taille et \u00e0 sa conception robuste et \u00e9tanche (-10m), elle est \u00e0 l&#8217;aise partout.<\/p>\n<p>La HERO 12 enregistre en 5,3K \u00e0 60p et permet des ralentis en 4K 120p d&#8217;une grande nettet\u00e9. La nouvelle option vid\u00e9o HDR offre une qualit\u00e9 d&#8217;image exceptionnelle avec plus de d\u00e9tails dans les ombres, avec elle vous pourrez r\u00e9aliser de superbes prises de vue de jour comme de nuit. Avec l&#8217;am\u00e9lioration du mode Night Effects Enhancement, le light painting, les tra\u00een\u00e9es lumineuses et les timelapses font partie des nombreuses possibilit\u00e9s. L&#8217;encodage en 10 bits et en log donne \u00e0 vos vid\u00e9os un aspect cin\u00e9matographique.<\/p>\n<p>Vous n&#8217;aurez plus \u00e0 vous soucier de la batterie. Son autonomie a \u00e9t\u00e9 consid\u00e9rablement am\u00e9lior\u00e9e par rapport au mod\u00e8le pr\u00e9c\u00e9dent, la HERO 11. Celle-ci \u00e0 \u00e9t\u00e9 doubl\u00e9e et vous permet d\u00e9sormais de filmer en 5,3K\/60p pendant 70 minutes avec une seule batterie.<\/p>\n<p>Si vous souhaitez extraire une image de vos vid\u00e9os, vous pouvez prendre des photos de 24,7mpx. La HERO 12 a un ratio 8:7 qui offre un large champ de vision et vous permet de prendre des images horizontales et verticales. Recadrez \u00e0 la taille souhait\u00e9e directement depuis votre GoPro. Vous avez le choix des formats 4:3, 1:1, 16:9 ou 9:16. Et pour ceux qui veulent un angle de champ encore plus \u00e9tendu, l&#8217;Enhanced Max Lens Mod 2.0 disponible s\u00e9par\u00e9ment. Avec l&#8217;application Quick de GoPro, vous pouvez \u00e9diter vos vid\u00e9os et vos photos et les partager facilement entre votre cam\u00e9ra, votre smartphone et votre Mac (automne 2023) ou votre PC Windows (printemps 2024).<\/p>\n<p>La HERO 12 est tr\u00e8s facile \u00e0 utiliser et gr\u00e2ce \u00e0 la stabilisation d&#8217;image am\u00e9lior\u00e9e HyperSmooth 6.0, vous filmez aussi facilement \u00e0 main lev\u00e9e qu&#8217;avec un stabilisateur. Si vous souhaitez garder les mains libres pendant l&#8217;enregistrement, la fixation 1\/4-20 int\u00e9gr\u00e9e vous permet de fixer votre cam\u00e9ra sur un tr\u00e9pied ou l&#8217;un des nombreux accessoires de fixation GoPro. La HERO 12 est \u00e9quip\u00e9e d&#8217;une connexions Bluetooth multiple qui vous permet d&#8217;utiliser plusieurs p\u00e9riph\u00e9riques Bluetooth en m\u00eame temps. Une autre nouvelle fonction est la prise en charge de microphone sans fil, qui vous permet d\u00e9sormais d&#8217;enregistrer un signal audio \u00e0 distance \u00e0 partir d&#8217;un appareil externe. De plus, vous pouvez utiliser la commande vocale via vos AirPods. Vous pouvez ainsi facilement contr\u00f4ler votre GoPro \u00e0 distance et am\u00e9liorer la qualit\u00e9 audio de vos enregistrements. Si vous partez avec plusieurs GoPro, vous pouvez les connecter ensemble facilement via Timecode sync. En scannant un code QR, les diff\u00e9rentes cam\u00e9ras re\u00e7oivent un timecode commun qui s&#8217;av\u00e8rera tr\u00e8s utile plus tard lors de la post-production.<\/p>\n<p>Gr\u00e2ce \u00e0 sa simplicit\u00e9 d&#8217;utilisation et \u00e0 ses nombreuses nouvelles options, la GoPro HERO 12 Black est la cam\u00e9ra d&#8217;action parfaite pour les nouveaux utilisateurs et ceux qui recherchent les derni\u00e8res fonctionnalit\u00e9s.<\/p>\n<h3>Caract\u00e9ristiques de la GoPro HERO 12 Black (Noir)<\/h3>\n<ul>\n<li>Actioncam compacte pour les moments en famille et les activit\u00e9s en plein air ou les voyage<\/li>\n<li>Bo\u00eetier robuste et \u00e9tanche jusqu&#8217;\u00e0 10 m\u00e8tres<\/li>\n<li>\u00c9cran LCD avant (1,4&#8243;) et arri\u00e8re (2,27&#8243;)<\/li>\n<li>R\u00e9solution vid\u00e9o maximale : 5,3K \u00e0 60p, 4K \u00e0 120p<\/li>\n<li>Vid\u00e9o HDR<\/li>\n<li>Ralenti 8x<\/li>\n<li>Stabilisation d&#8217;image HyperSmooth 6.0<\/li>\n<li>Am\u00e9lioration des effets nocturnes (tra\u00een\u00e9es d&#8217;\u00e9toiles, peinture lumineuse, tra\u00een\u00e9es de lumi\u00e8re et timelapses)<\/li>\n<li>Format vid\u00e9o : H.265 HEVC MP4<\/li>\n<li>Encodage 10 bits et logarithmique<\/li>\n<li>Photos de 27mpx (RAW et JPG) et images fixes de 24,7mpx \u00e0 partir de vid\u00e9os<\/li>\n<li>Rapports d&#8217;aspect : 8:7, 4:3, 1:1, 16:9 (horizontal et vertical)<\/li>\n<li>Raccordement au tr\u00e9pied 1\/4-20<\/li>\n<li>Connexions Bluetooth multiples<\/li>\n<li>Prise en charge d&#8217;un micro sans fil et contr\u00f4le vocal<\/li>\n<li>Synchronisation du timecode<\/li>\n<li>Grande autonomie de la batterie : max 70 min \u00e0 5.3K\/60p<\/li>\n<li>Cadrage et \u00e9dition dans int\u00e9gr\u00e9e et compatible avec l&#8217;application Quick<\/li>\n<\/ul>\n<h3>Contenu du paquet<\/h3>\n<ul>\n<li>GoPro HERO 12 Black (Noir)<\/li>\n<li>Batterie Enduro<\/li>\n<li>Support adh\u00e9sif incurv\u00e9<\/li>\n<li>Boucle de montage et vis papillon<\/li>\n<li>C\u00e2ble USB-C<iframe loading=\"lazy\" width=\"500\" height=\"281\" src=\"https:\/\/www.youtube.com\/embed\/UZ5G0tVwBkI?feature=oembed\" frameborder=\"0\" allowfullscreen><\/iframe><\/li>\n<\/ul>","protected":false},"excerpt":{"rendered":"<p><strong>GoPro HERO 12 Black<\/strong><\/p>\n<p>La <strong>GoPro HERO 12 Black<\/strong> (Noir) est une cam\u00e9ra d&#8217;action haut de gamme, parfaite pour capturer des moments pr\u00e9cieux en famille ou lors d&#8217;activit\u00e9s en plein air. Enregistrez des vid\u00e9os en 5,3K\/60p et des photos de 27 Mpx. Sa conception robuste et \u00e9tanche jusqu&#8217;\u00e0 -10 m permet de l&#8217;emmener partout. Profitez de vid\u00e9os HDR d&#8217;une qualit\u00e9 exceptionnelle, de ralentis en 4K\/120p, et des effets de nuit am\u00e9lior\u00e9s pour des light paintings, tra\u00een\u00e9es lumineuses et timelapses. Avec une autonomie doubl\u00e9e par rapport au mod\u00e8le pr\u00e9c\u00e9dent, vous filmez en 5,3K\/60p pendant 70 minutes. La stabilisation HyperSmooth 6.0 et les nouvelles options Bluetooth et microphone sans fil am\u00e9liorent vos enregistrements.<\/p>","protected":false},"featured_media":17478,"comment_status":"open","ping_status":"closed","template":"","meta":[],"product_brand":[485],"product_cat":[199,161],"product_tag":[224],"class_list":{"0":"post-17476","1":"product","2":"type-product","3":"status-publish","4":"has-post-thumbnail","6":"product_brand-gopro","7":"product_cat-gopro","8":"product_cat-cameras","9":"product_tag-brand-gopro","11":"first","12":"outofstock","13":"taxable","14":"shipping-taxable","15":"purchasable","16":"product-type-simple"},"jetpack_sharing_enabled":true,"_links":{"self":[{"href":"https:\/\/yahyaouishop.com\/fr\/wp-json\/wp\/v2\/product\/17476","targetHints":{"allow":["GET"]}}],"collection":[{"href":"https:\/\/yahyaouishop.com\/fr\/wp-json\/wp\/v2\/product"}],"about":[{"href":"https:\/\/yahyaouishop.com\/fr\/wp-json\/wp\/v2\/types\/product"}],"replies":[{"embeddable":true,"href":"https:\/\/yahyaouishop.com\/fr\/wp-json\/wp\/v2\/comments?post=17476"}],"version-history":[{"count":3,"href":"https:\/\/yahyaouishop.com\/fr\/wp-json\/wp\/v2\/product\/17476\/revisions"}],"predecessor-version":[{"id":18661,"href":"https:\/\/yahyaouishop.com\/fr\/wp-json\/wp\/v2\/product\/17476\/revisions\/18661"}],"wp:featuredmedia":[{"embeddable":true,"href":"https:\/\/yahyaouishop.com\/fr\/wp-json\/wp\/v2\/media\/17478"}],"wp:attachment":[{"href":"https:\/\/yahyaouishop.com\/fr\/wp-json\/wp\/v2\/media?parent=17476"}],"wp:term":[{"taxonomy":"product_brand","embeddable":true,"href":"https:\/\/yahyaouishop.com\/fr\/wp-json\/wp\/v2\/product_brand?post=17476"},{"taxonomy":"product_cat","embeddable":true,"href":"https:\/\/yahyaouishop.com\/fr\/wp-json\/wp\/v2\/product_cat?post=17476"},{"taxonomy":"product_tag","embeddable":true,"href":"https:\/\/yahyaouishop.com\/fr\/wp-json\/wp\/v2\/product_tag?post=17476"}],"curies":[{"name":"wp","href":"https:\/\/api.w.org\/{rel}","templated":true}]}}