{"id":17432,"date":"2024-01-09T19:32:16","date_gmt":"2024-01-09T18:32:16","guid":{"rendered":"https:\/\/yahyaouishop.com\/?post_type=product&#038;p=17432"},"modified":"2025-10-31T12:46:31","modified_gmt":"2025-10-31T11:46:31","slug":"rode-nt-usb-mini","status":"publish","type":"product","link":"https:\/\/yahyaouishop.com\/fr\/produit\/rode-nt-usb-mini\/","title":{"rendered":"RODE NT-USB MINI"},"content":{"rendered":"<p>Le <strong>RODE NT-USB Mini<\/strong> apporte la qualit\u00e9 sonore irr\u00e9prochable des micros de studio de classe mondiale de R\u00d8DE \u00e0 un microphone USB de bureau compact et facile \u00e0 utiliser. Con\u00e7u pour offrir un son cristallin et professionnel directement sur un ordinateur ou une tablette, c&#8217;est le microphone id\u00e9al pour les joueurs, les podcasteurs, les musiciens, les streamers, les professionnels et les cr\u00e9ateurs de contenu qui souhaitent \u00eatre entendus en pleine d\u00e9finition.<\/p>\n<p>Le <strong>RODE NT-USB Mini<\/strong> dispose d&#8217;un amplificateur casque de qualit\u00e9 studio et d&#8217;une sortie casque 3,5 mm de haute qualit\u00e9, avec un contr\u00f4le de volume pr\u00e9cis, vous permettant de surveiller facilement votre audio. Il propose \u00e9galement un mode de surveillance commutable \u00e0 latence nulle pour \u00e9liminer l&#8217;\u00e9cho g\u00eanant lors du suivi des voix ou des instruments d&#8217;enregistrement. Facile \u00e0 configurer et \u00e0 utiliser, il comporte des commandes simples, un filtre anti-pop int\u00e9gr\u00e9 et une sortie USB conforme \u00e0 la classe qui fonctionne de mani\u00e8re transparente avec les ordinateurs ou les tablettes, sans n\u00e9cessiter de pilotes ou de logiciels suppl\u00e9mentaires. Branchez simplement votre Mac, PC ou tablette avec le c\u00e2ble USB inclus et commencez \u00e0 enregistrer.<\/p>\n<p>Le <strong>RODE NT-USB Mini<\/strong> dispose \u00e9galement d&#8217;un support de bureau magn\u00e9tique d\u00e9tachable unique &#8211; offrant une base solide sur n&#8217;importe quel bureau, tout en \u00e9tant facile \u00e0 retirer et \u00e0 fixer \u00e0 un support de micro ou \u00e0 un bras de studio. Ce support pivotant unique \u00e0 360 degr\u00e9s permet de positionner le micro l\u00e0 o\u00f9 il doit \u00eatre pour obtenir le meilleur enregistrement possible.<\/p>\n<p>Compact et \u00e9l\u00e9gant, le <strong>RODE NT-USB Mini<\/strong> est le compl\u00e9ment parfait \u00e0 toute configuration de bureau ou de home studio. Avec seulement 89 mm de largeur et 141 mm de hauteur, il n&#8217;occupe qu&#8217;une fraction de l&#8217;espace de bureau. Sa construction en acier r\u00e9sistant et en r\u00e9sine de nylon renforc\u00e9e garantit qu&#8217;il est pr\u00eat \u00e0 affronter les rigueurs de l&#8217;enregistrement partout et \u00e0 tout moment.<\/p>\n<p>Le <strong>RODE NT-USB Mini<\/strong> est \u00e9quip\u00e9 d&#8217;une capsule \u00e0 condensateur de haute qualit\u00e9 qui offre chaleur et pr\u00e9sence pour un son clair et professionnel. Son mod\u00e8le de capteur cardio\u00efde directionnel est optimis\u00e9 pour r\u00e9duire le son de la pi\u00e8ce et d&#8217;autres bruits parasites. Avec une r\u00e9ponse en fr\u00e9quence fluide, il convient \u00e0 une grande vari\u00e9t\u00e9 d&#8217;applications. Le filtre anti-pop int\u00e9gr\u00e9 r\u00e9duit les plosives, tandis que l&#8217;amplificateur casque de qualit\u00e9 studio avec contr\u00f4le de niveau de pr\u00e9cision et surveillance commutable \u00e0 latence nulle assure une exp\u00e9rience d&#8217;enregistrement sans \u00e9chos g\u00eanants. La sortie USB conforme \u00e0 la classe fonctionne de mani\u00e8re transparente avec les ordinateurs et les tablettes, rendant l&#8217;utilisation simple et intuitive.<\/p>\n<p>&nbsp;<\/p>\n<p>&nbsp;<\/p>\n<p><strong> <img data-dominant-color=\"565f85\" data-has-transparency=\"false\" style=\"--dominant-color: #565f85;\" decoding=\"async\" class=\"alignnone size-medium wp-image-17434 not-transparent\" src=\"https:\/\/yahyaouishop.com\/wp-content\/uploads\/2024\/01\/rode-nt-usb-mini-psa-1-YAHYAOUI-SHOP-300x300.webp\" alt=\"- -\" width=\"300\" height=\"300\" title=\"\" srcset=\"https:\/\/yahyaouishop.com\/wp-content\/uploads\/2024\/01\/rode-nt-usb-mini-psa-1-YAHYAOUI-SHOP-300x300.webp 300w, https:\/\/yahyaouishop.com\/wp-content\/uploads\/2024\/01\/rode-nt-usb-mini-psa-1-YAHYAOUI-SHOP-1024x1024.webp 1024w, https:\/\/yahyaouishop.com\/wp-content\/uploads\/2024\/01\/rode-nt-usb-mini-psa-1-YAHYAOUI-SHOP-150x150.webp 150w, https:\/\/yahyaouishop.com\/wp-content\/uploads\/2024\/01\/rode-nt-usb-mini-psa-1-YAHYAOUI-SHOP-768x768.webp 768w, https:\/\/yahyaouishop.com\/wp-content\/uploads\/2024\/01\/rode-nt-usb-mini-psa-1-YAHYAOUI-SHOP-12x12.webp 12w, https:\/\/yahyaouishop.com\/wp-content\/uploads\/2024\/01\/rode-nt-usb-mini-psa-1-YAHYAOUI-SHOP-600x600.webp 600w, https:\/\/yahyaouishop.com\/wp-content\/uploads\/2024\/01\/rode-nt-usb-mini-psa-1-YAHYAOUI-SHOP-jpg.webp 1000w\" sizes=\"(max-width: 300px) 100vw, 300px\" \/> <img data-dominant-color=\"b5a394\" data-has-transparency=\"false\" style=\"--dominant-color: #b5a394;\" decoding=\"async\" class=\"alignnone size-medium wp-image-17435 not-transparent\" src=\"https:\/\/yahyaouishop.com\/wp-content\/uploads\/2024\/01\/rode-nt-usb-mini-YAHYAOUISHOP-300x300.webp\" alt=\"- -\" width=\"300\" height=\"300\" title=\"\" srcset=\"https:\/\/yahyaouishop.com\/wp-content\/uploads\/2024\/01\/rode-nt-usb-mini-YAHYAOUISHOP-300x300.webp 300w, https:\/\/yahyaouishop.com\/wp-content\/uploads\/2024\/01\/rode-nt-usb-mini-YAHYAOUISHOP-1024x1024.webp 1024w, https:\/\/yahyaouishop.com\/wp-content\/uploads\/2024\/01\/rode-nt-usb-mini-YAHYAOUISHOP-150x150.webp 150w, https:\/\/yahyaouishop.com\/wp-content\/uploads\/2024\/01\/rode-nt-usb-mini-YAHYAOUISHOP-768x768.webp 768w, https:\/\/yahyaouishop.com\/wp-content\/uploads\/2024\/01\/rode-nt-usb-mini-YAHYAOUISHOP-12x12.webp 12w, https:\/\/yahyaouishop.com\/wp-content\/uploads\/2024\/01\/rode-nt-usb-mini-YAHYAOUISHOP-600x600.webp 600w, https:\/\/yahyaouishop.com\/wp-content\/uploads\/2024\/01\/rode-nt-usb-mini-YAHYAOUISHOP-jpg.webp 1000w\" sizes=\"(max-width: 300px) 100vw, 300px\" \/><\/strong><\/p>\n<div class=\"sticky-nav\" data-navtext=\"SP\u00c9CIFICATIONS\" data-hash-tag=\"section-specs\">\n<div id=\"module_14\" class=\"module-row container product-specs-table\">\n<div class=\"d-block\">\n<div class=\"mx-auto col-lg-6 text-center mb-5\">\n<div class=\"specs\" data-v-6efae08b=\"\">\n<div class=\"spec_group\" data-v-6efae08b=\"\">\n<div class=\"spec pb-3\" data-v-6efae08b=\"\" data-index=\"0\">\n<div class=\"d-flex align-top\" data-v-6efae08b=\"\"><\/div>\n<\/div>\n<div class=\"spec pb-3 pt-3\" data-v-6efae08b=\"\" data-index=\"1\">\n<div class=\"d-flex align-top\" data-v-6efae08b=\"\">\n<div class=\"spec_name col-6 text-left font-inter-semibold\" data-v-6efae08b=\"\">\n<p><strong>Acoustic Principle<\/strong><\/p>\n<p>Pressure gradient<\/p>\n<p><strong>Active Electronics<\/strong><\/p>\n<p>Electret condenser, A\/D and USB interface<\/p>\n<p><strong>Polar Pattern<\/strong><\/p>\n<p>Cardioid<\/p>\n<p><strong>Frequency Range<\/strong><\/p>\n<p>20 Hz \u2013 20 kHz<\/p>\n<p><strong>Input SPL @ 1% THD<\/strong><\/p>\n<p>121dB (A-weighted, as per IEC651)<\/p>\n<p><strong>Sample Rates<\/strong><\/p>\n<p>48 kHz<\/p>\n<p><strong>Bus Powered<\/strong><\/p>\n<p>Yes<\/p>\n<p><strong>Bit Depth<\/strong><\/p>\n<p>24-bit<\/p>\n<p><strong>Analog Outputs<\/strong><\/p>\n<p>3.5mm headphone<\/p>\n<p><strong>Computer Connectivity<\/strong><\/p>\n<p>USB &#8211; simultaneous I\/O Mono input, stereo output<\/p>\n<p><strong>Output Connection<\/strong><\/p>\n<p>USB-C<\/p>\n<p><strong>OS Requirements<\/strong><\/p>\n<p>macOS 10.12 \/ Windows 10<\/p>\n<p><strong>\u00a0<\/strong><\/p>\n<\/div>\n<\/div>\n<\/div>\n<\/div>\n<\/div>\n<\/div>\n<\/div>\n<\/div>\n<\/div>","protected":false},"excerpt":{"rendered":"<ul>\n<li class=\"product-tagline mb-2\"><strong>Microphone USB de qualit\u00e9 studio<\/strong><\/li>\n<\/ul>\n<p>Le <strong>RODE NT-USB Mini<\/strong> est un microphone USB compact offrant une qualit\u00e9 sonore de studio exceptionnelle. Id\u00e9al pour les joueurs, podcasteurs, musiciens et cr\u00e9ateurs de contenu, il se connecte facilement \u00e0 un ordinateur ou une tablette sans n\u00e9cessiter de pilotes. Le <strong>RODE NT-USB Mini<\/strong> dispose d&#8217;un amplificateur casque de qualit\u00e9 studio avec contr\u00f4le de volume pr\u00e9cis et mode de surveillance \u00e0 latence nulle pour une \u00e9coute sans \u00e9cho. Son support de bureau magn\u00e9tique d\u00e9tachable et pivotant \u00e0 360 degr\u00e9s assure un positionnement facile. Compact, robuste et \u00e9l\u00e9gant, le <strong>RODE NT-USB Mini<\/strong> est parfait pour toutes les configurations de bureau ou de home studio.<\/p>","protected":false},"featured_media":17466,"comment_status":"open","ping_status":"closed","template":"","meta":[],"product_brand":[500],"product_cat":[188],"product_tag":[235],"class_list":{"0":"post-17432","1":"product","2":"type-product","3":"status-publish","4":"has-post-thumbnail","6":"product_brand-rode","7":"product_cat-son","8":"product_tag-brand-rode","10":"first","11":"outofstock","12":"purchasable","13":"product-type-simple"},"jetpack_sharing_enabled":true,"_links":{"self":[{"href":"https:\/\/yahyaouishop.com\/fr\/wp-json\/wp\/v2\/product\/17432","targetHints":{"allow":["GET"]}}],"collection":[{"href":"https:\/\/yahyaouishop.com\/fr\/wp-json\/wp\/v2\/product"}],"about":[{"href":"https:\/\/yahyaouishop.com\/fr\/wp-json\/wp\/v2\/types\/product"}],"replies":[{"embeddable":true,"href":"https:\/\/yahyaouishop.com\/fr\/wp-json\/wp\/v2\/comments?post=17432"}],"version-history":[{"count":5,"href":"https:\/\/yahyaouishop.com\/fr\/wp-json\/wp\/v2\/product\/17432\/revisions"}],"predecessor-version":[{"id":18981,"href":"https:\/\/yahyaouishop.com\/fr\/wp-json\/wp\/v2\/product\/17432\/revisions\/18981"}],"wp:featuredmedia":[{"embeddable":true,"href":"https:\/\/yahyaouishop.com\/fr\/wp-json\/wp\/v2\/media\/17466"}],"wp:attachment":[{"href":"https:\/\/yahyaouishop.com\/fr\/wp-json\/wp\/v2\/media?parent=17432"}],"wp:term":[{"taxonomy":"product_brand","embeddable":true,"href":"https:\/\/yahyaouishop.com\/fr\/wp-json\/wp\/v2\/product_brand?post=17432"},{"taxonomy":"product_cat","embeddable":true,"href":"https:\/\/yahyaouishop.com\/fr\/wp-json\/wp\/v2\/product_cat?post=17432"},{"taxonomy":"product_tag","embeddable":true,"href":"https:\/\/yahyaouishop.com\/fr\/wp-json\/wp\/v2\/product_tag?post=17432"}],"curies":[{"name":"wp","href":"https:\/\/api.w.org\/{rel}","templated":true}]}}