{"id":17379,"date":"2024-01-04T18:41:25","date_gmt":"2024-01-04T17:41:25","guid":{"rendered":"https:\/\/yahyaouishop.com\/?post_type=product&#038;p=17379"},"modified":"2026-04-13T20:53:07","modified_gmt":"2026-04-13T19:53:07","slug":"canon-hybride-eos-r6-mark-ii-boitier","status":"publish","type":"product","link":"https:\/\/yahyaouishop.com\/fr\/produit\/canon-hybride-eos-r6-mark-ii-boitier\/","title":{"rendered":"Canon hybride EOS R6 Mark II -Boitier"},"content":{"rendered":"<p>Canon hybride EOS R6 Mark II -Boitier\u00a0r\u00e9volutionne le monde de la photographie et de la vid\u00e9ographie avec son ensemble de fonctionnalit\u00e9s avanc\u00e9es, offrant une performance exceptionnelle dans tous les domaines. Con\u00e7u pour les professionnels exigeants, cet appareil hybride allie des performances de pointe, une r\u00e9activit\u00e9 sans pareille et une stabilisation d&#8217;image de haute pr\u00e9cision. Ne faites aucun compromis sur la qualit\u00e9 de vos images et de vos vid\u00e9os gr\u00e2ce \u00e0 l&#8217;EOS R6 Mark II. Voici ce qui rend cet appareil incontournable :<\/p>\n<p><strong>Canon Hybride EOS R6 Mark II -Boitier : Le virtuose en photo et vid\u00e9o<\/strong><\/p>\n<p>L&#8217;EOS R6 Mark II plein format place la barre encore plus haut gr\u00e2ce \u00e0 sa combinaison unique de hautes performances, de vitesse, de stabilisation et de fonctions de r\u00e9alisation vid\u00e9o professionnelles. Ma\u00eetrisez votre art et ne faites aucun compromis, quels que soient votre sujet et votre mode de prise de vue.<\/p>\n<ul>\n<li><strong>Autofocus Canon CMOS Dual Pixel II<\/strong> : B\u00e9n\u00e9ficiez d&#8217;une r\u00e9activit\u00e9 et d&#8217;une pr\u00e9cision de d\u00e9tection des sujets extr\u00eames pour des clich\u00e9s nets et pr\u00e9cis \u00e0 chaque fois.<\/li>\n<li><strong>Stabilisation d&#8217;image Canon<\/strong> : Capturez des images nettes m\u00eame en conditions difficiles gr\u00e2ce \u00e0 l&#8217;efficacit\u00e9 de la stabilisation d&#8217;image, offrant une libert\u00e9 de prise de vue \u00e0 main lev\u00e9e.<\/li>\n<li><strong>Mode rafale \u00e0 40 images\/sec<\/strong> : Prenez de l&#8217;avance sur la concurrence en capturant des s\u00e9quences d&#8217;action rapides avec une pr\u00e9cision remarquable.<\/li>\n<li><strong>Vid\u00e9os 4K 60P avec outils d\u2019aide \u00e0 la r\u00e9alisation<\/strong> : Perfectionnez vos comp\u00e9tences en vid\u00e9ographie avec des vid\u00e9os d&#8217;une nettet\u00e9 et d&#8217;une fluidit\u00e9 exceptionnelles, gr\u00e2ce aux nouveaux outils d&#8217;aide \u00e0 la r\u00e9alisation disponibles sur l&#8217;EOS R6 Mark II.<\/li>\n<li><strong>Haute sensibilit\u00e9 image et AF en basse lumi\u00e8re<\/strong> : Capturez des images exceptionnelles m\u00eame dans des conditions de faible luminosit\u00e9, gr\u00e2ce \u00e0 la haute sensibilit\u00e9 de l&#8217;image et de l&#8217;autofocus.<\/li>\n<li><strong>Performances extr\u00eames dans des conditions extr\u00eames<\/strong> : Con\u00e7u pour faire face aux conditions les plus exigeantes, l&#8217;EOS R6 Mark II offre des performances in\u00e9gal\u00e9es dans toutes les situations.<\/li>\n<\/ul>\n<p>L&#8217;<strong>EOS R6 Mark II<\/strong> est bien plus qu&#8217;un simple appareil photo, c&#8217;est un outil essentiel pour les professionnels de la photographie et de la vid\u00e9ographie qui exigent le meilleur.<\/p>\n<p><img data-dominant-color=\"2b1a1c\" data-has-transparency=\"false\" style=\"--dominant-color: #2b1a1c;\" decoding=\"async\" class=\"alignnone size-medium wp-image-17380 not-transparent\" src=\"https:\/\/yahyaouishop.com\/wp-content\/uploads\/2024\/01\/CANON-EOS-R6-MARK-II-YAHYAOUISHOP-300x169.webp\" alt=\"- -\" width=\"300\" height=\"169\" title=\"\" srcset=\"https:\/\/yahyaouishop.com\/wp-content\/uploads\/2024\/01\/CANON-EOS-R6-MARK-II-YAHYAOUISHOP-300x169.webp 300w, https:\/\/yahyaouishop.com\/wp-content\/uploads\/2024\/01\/CANON-EOS-R6-MARK-II-YAHYAOUISHOP-1024x576.webp 1024w, https:\/\/yahyaouishop.com\/wp-content\/uploads\/2024\/01\/CANON-EOS-R6-MARK-II-YAHYAOUISHOP-768x432.webp 768w, https:\/\/yahyaouishop.com\/wp-content\/uploads\/2024\/01\/CANON-EOS-R6-MARK-II-YAHYAOUISHOP-18x10.webp 18w, https:\/\/yahyaouishop.com\/wp-content\/uploads\/2024\/01\/CANON-EOS-R6-MARK-II-YAHYAOUISHOP-1200x675.webp 1200w, https:\/\/yahyaouishop.com\/wp-content\/uploads\/2024\/01\/CANON-EOS-R6-MARK-II-YAHYAOUISHOP-150x84.webp 150w, https:\/\/yahyaouishop.com\/wp-content\/uploads\/2024\/01\/CANON-EOS-R6-MARK-II-YAHYAOUISHOP-jpg.webp 1000w\" sizes=\"(max-width: 300px) 100vw, 300px\" \/><\/p>\n<dl class=\"f-productProperties__item\"><\/dl>\n<dl class=\"f-productProperties__item\">\n<dd class=\"f-productProperties__definition\"><\/dd>\n<\/dl>","protected":false},"excerpt":{"rendered":"<p><strong>Canon Hybride EOS R6 Mark II -Boitier<\/strong> : Le virtuose en photo et vid\u00e9o. Cet appareil r\u00e9volutionnaire offre des performances extr\u00eames dans un bo\u00eetier compact. Gr\u00e2ce \u00e0 l&#8217;autofocus Canon CMOS Dual Pixel II, la stabilisation d&#8217;image avanc\u00e9e et la capacit\u00e9 de capturer des vid\u00e9os 4K 60P, l&#8217;EOS R6 Mark II repousse les limites de la cr\u00e9ativit\u00e9. Avec une r\u00e9activit\u00e9 in\u00e9gal\u00e9e et un mode rafale \u00e0 40 images\/sec, cet appareil vous permet de capturer chaque instant avec une pr\u00e9cision remarquable. Faites le choix de l&#8217;excellence avec l&#8217;EOS R6 Mark II.<\/p>","protected":false},"featured_media":17381,"comment_status":"open","ping_status":"closed","template":"","meta":[],"product_brand":[453],"product_cat":[161,163],"product_tag":[221],"class_list":{"0":"post-17379","1":"product","2":"type-product","3":"status-publish","4":"has-post-thumbnail","6":"product_brand-canon","7":"product_cat-cameras","8":"product_cat-canon","9":"product_tag-brand-canon","11":"first","12":"instock","13":"purchasable","14":"product-type-simple"},"jetpack_sharing_enabled":true,"_links":{"self":[{"href":"https:\/\/yahyaouishop.com\/fr\/wp-json\/wp\/v2\/product\/17379","targetHints":{"allow":["GET"]}}],"collection":[{"href":"https:\/\/yahyaouishop.com\/fr\/wp-json\/wp\/v2\/product"}],"about":[{"href":"https:\/\/yahyaouishop.com\/fr\/wp-json\/wp\/v2\/types\/product"}],"replies":[{"embeddable":true,"href":"https:\/\/yahyaouishop.com\/fr\/wp-json\/wp\/v2\/comments?post=17379"}],"version-history":[{"count":5,"href":"https:\/\/yahyaouishop.com\/fr\/wp-json\/wp\/v2\/product\/17379\/revisions"}],"predecessor-version":[{"id":18677,"href":"https:\/\/yahyaouishop.com\/fr\/wp-json\/wp\/v2\/product\/17379\/revisions\/18677"}],"wp:featuredmedia":[{"embeddable":true,"href":"https:\/\/yahyaouishop.com\/fr\/wp-json\/wp\/v2\/media\/17381"}],"wp:attachment":[{"href":"https:\/\/yahyaouishop.com\/fr\/wp-json\/wp\/v2\/media?parent=17379"}],"wp:term":[{"taxonomy":"product_brand","embeddable":true,"href":"https:\/\/yahyaouishop.com\/fr\/wp-json\/wp\/v2\/product_brand?post=17379"},{"taxonomy":"product_cat","embeddable":true,"href":"https:\/\/yahyaouishop.com\/fr\/wp-json\/wp\/v2\/product_cat?post=17379"},{"taxonomy":"product_tag","embeddable":true,"href":"https:\/\/yahyaouishop.com\/fr\/wp-json\/wp\/v2\/product_tag?post=17379"}],"curies":[{"name":"wp","href":"https:\/\/api.w.org\/{rel}","templated":true}]}}