{"id":17071,"date":"2024-01-01T13:54:01","date_gmt":"2024-01-01T12:54:01","guid":{"rendered":"https:\/\/yahyaouishop.com\/?post_type=product&#038;p=17071"},"modified":"2025-11-10T11:27:05","modified_gmt":"2025-11-10T10:27:05","slug":"nikon-z-7ii-boitier-nu","status":"publish","type":"product","link":"https:\/\/yahyaouishop.com\/fr\/produit\/nikon-z-7ii-boitier-nu\/","title":{"rendered":"NIKON Z7 II Boitier Nu"},"content":{"rendered":"<p>Voici la version II du <strong>NIKON Z7 II Boitier Nu<\/strong>, boitier hybride Plein Format, qui vous permettra de mettre en forme vos id\u00e9es avec une perfection in\u00e9gal\u00e9e, peu importe les conditions de luminosit\u00e9 choisies. Ce nouveau boitier, <strong>NIKON Z7 II Boitier Nu<\/strong>, vous offrira des performances sup\u00e9rieures et des d\u00e9tails encore plus riches que son pr\u00e9d\u00e9cesseur. L&#8217;association du grand capteur Plein Format de 45,7 millions de pixels et des deux processeurs EXPEED &#8211; dont un enti\u00e8rement consacr\u00e9 \u00e0 l&#8217;AF &#8211; du <strong>NIKON Z7 II Boitier Nu<\/strong> vous permettra de b\u00e9n\u00e9ficier d\u2019une plage dynamique plus \u00e9tendue et de performances exceptionnelles sur une large plage de sensibilit\u00e9s. Du c\u00f4t\u00e9 vid\u00e9o, capturez vos plus beaux instants en 4K\/60p ! Le <strong>NIKON Z7 II Boitier Nu<\/strong> vous offrira une grande flexibilit\u00e9 avec une cadence de prise de vue allant jusqu\u2019\u00e0 10 images\/seconde et la possibilit\u00e9 de filmer sans interruption gr\u00e2ce \u00e0 une m\u00e9moire tampon plus importante. D&#8217;autres caract\u00e9ristiques \u00e9poustouflantes composent cet hybride Nikon : double slot pour cartes m\u00e9moires (1 pour cartes SD UHS-II, l&#8217;autre pour XQD ou CFexpress), viseur \u00e9lectronique 3 690 000 pixels, robustesse \u00e0 toute \u00e9preuve&#8230; Autre aspect pratique, le capteur du viseur est d\u00e9sactiv\u00e9 automatiquement lorsque l&#8217;\u00e9cran est inclin\u00e9, ce qui permet de garder l&#8217;\u00e9cran allum\u00e9 m\u00eame lorsque les doigts passent devant le capteur du viseur. Lors de shootings, la zone de mise au point est sauvegard\u00e9e lorsque l&#8217;appareil est \u00e9teint.<\/p>\n<p><span class=\"info\"><img decoding=\"async\" src=\"https:\/\/www.camara.net\/images\/pictogrammes\/Picto_Capteur_Plein_Format_1.jpg\" class=\"hasTooltip\" title=\"\" width=\"68\" height=\"68\" data-original-title=\"\" data-original- alt=\"- -\"><\/span>&nbsp;<span class=\"info\"><img decoding=\"async\" src=\"https:\/\/www.camara.net\/images\/pictogrammes\/Picto_Stabilisation_5_axes.png\" class=\"hasTooltip\" title=\"\" width=\"67\" height=\"67\" data-original-title=\"\" data-original- alt=\"- -\"><\/span>&nbsp;<span class=\"info\"><img decoding=\"async\" src=\"https:\/\/www.camara.net\/images\/pictogrammes\/pictos_video_4k.gif\" class=\"hasTooltip\" title=\"\" width=\"67\" height=\"67\" data-original-title=\"\" data-original- alt=\"- -\"><\/span>&nbsp;<span class=\"info\"><img decoding=\"async\" src=\"https:\/\/www.camara.net\/images\/pictogrammes\/pictos_ra10.gif\" class=\"hasTooltip\" title=\"\" width=\"66\" height=\"66\" data-original-title=\"\" data-original- alt=\"- -\"><\/span>&nbsp;<span class=\"info\"><img decoding=\"async\" src=\"https:\/\/www.camara.net\/images\/pictogrammes\/pictos_ecran-tactile.gif\" class=\"hasTooltip\" title=\"\" width=\"68\" height=\"68\" data-original-title=\"\" data-original- alt=\"- -\"><\/span>&nbsp;<span class=\"info\"><img decoding=\"async\" src=\"https:\/\/www.camara.net\/images\/pictogrammes\/pictos_wifi.gif\" class=\"hasTooltip\" title=\"\" width=\"66\" height=\"66\" data-original-title=\"\" data-original- alt=\"- -\"><\/span>&nbsp;<span class=\"info\"><img decoding=\"async\" src=\"https:\/\/www.camara.net\/images\/pictogrammes\/Picto_Bluetooth.gif\" class=\"hasTooltip\" title=\"\" width=\"67\" height=\"67\" data-original-title=\"\" data-original- alt=\"- -\"><\/span><\/p>\n<h2>AVIS D&#8217;EXPERT, LES POINTS FORTS :<\/h2>\n<div class=\"hikashop_product_bottom_pointsfort\">\n<div class=\"points_forts_div\">&nbsp;Capteur Plein Format 45,7 MP<\/div>\n<div class=\"points_forts_div\">&nbsp;Double processeur EXPEED (dont 1 consacr\u00e9 \u00e0 l&#8217;AF)<\/div>\n<div class=\"points_forts_div\">&nbsp;Rafale 10 i\/s<\/div>\n<div class=\"points_forts_div\">&nbsp;Vid\u00e9o 4K\/60p<\/div>\n<div class=\"points_forts_div\">&nbsp;D\u00e9tection basse lumi\u00e8re -4,5 EV<\/div>\n<div class=\"points_forts_div\">&nbsp;Double slot : 1 SD UHS-II et 1 XQD ou CFexpress<\/div>\n<div class=\"points_forts_div\">&nbsp;AF large et pr\u00e9cis<\/div>\n<div class=\"points_forts_div\">&nbsp;Conception tr\u00e8s robuste<\/div>\n<div class=\"points_forts_div\">&nbsp;Buffer augment\u00e9<\/div>\n<div class=\"points_forts_div\">&nbsp;Connexion Snapbridge (possibilit\u00e9 de faire la MAJ Software directement via smartphone)<\/div>\n<\/div>","protected":false},"excerpt":{"rendered":"<h6>NIKON Z 7II Boitier Nu , Capteur Plein Format 45,7 MP &#8211; Rafale 10 i\/s &#8211; Vid\u00e9o 4K\/60p D\u00e9tection basse lumi\u00e8re -4,5 EV &#8211; Double slot : 1 SD UHS-II et 1 XQD ou CFexpress<\/h6>\n<p>&nbsp;<\/p>","protected":false},"featured_media":17082,"comment_status":"open","ping_status":"closed","template":"","meta":[],"product_brand":[465],"product_cat":[161,176],"product_tag":[123],"class_list":{"0":"post-17071","1":"product","2":"type-product","3":"status-publish","4":"has-post-thumbnail","6":"product_brand-nikon","7":"product_cat-cameras","8":"product_cat-nikon","9":"product_tag-brand-nikon","11":"first","12":"instock","13":"purchasable","14":"product-type-simple"},"jetpack_sharing_enabled":true,"_links":{"self":[{"href":"https:\/\/yahyaouishop.com\/fr\/wp-json\/wp\/v2\/product\/17071","targetHints":{"allow":["GET"]}}],"collection":[{"href":"https:\/\/yahyaouishop.com\/fr\/wp-json\/wp\/v2\/product"}],"about":[{"href":"https:\/\/yahyaouishop.com\/fr\/wp-json\/wp\/v2\/types\/product"}],"replies":[{"embeddable":true,"href":"https:\/\/yahyaouishop.com\/fr\/wp-json\/wp\/v2\/comments?post=17071"}],"version-history":[{"count":6,"href":"https:\/\/yahyaouishop.com\/fr\/wp-json\/wp\/v2\/product\/17071\/revisions"}],"predecessor-version":[{"id":23083,"href":"https:\/\/yahyaouishop.com\/fr\/wp-json\/wp\/v2\/product\/17071\/revisions\/23083"}],"wp:featuredmedia":[{"embeddable":true,"href":"https:\/\/yahyaouishop.com\/fr\/wp-json\/wp\/v2\/media\/17082"}],"wp:attachment":[{"href":"https:\/\/yahyaouishop.com\/fr\/wp-json\/wp\/v2\/media?parent=17071"}],"wp:term":[{"taxonomy":"product_brand","embeddable":true,"href":"https:\/\/yahyaouishop.com\/fr\/wp-json\/wp\/v2\/product_brand?post=17071"},{"taxonomy":"product_cat","embeddable":true,"href":"https:\/\/yahyaouishop.com\/fr\/wp-json\/wp\/v2\/product_cat?post=17071"},{"taxonomy":"product_tag","embeddable":true,"href":"https:\/\/yahyaouishop.com\/fr\/wp-json\/wp\/v2\/product_tag?post=17071"}],"curies":[{"name":"wp","href":"https:\/\/api.w.org\/{rel}","templated":true}]}}