{"id":17009,"date":"2024-01-01T12:08:11","date_gmt":"2024-01-01T11:08:11","guid":{"rendered":"https:\/\/yahyaouishop.com\/?post_type=product&#038;p=17009"},"modified":"2025-10-17T12:03:42","modified_gmt":"2025-10-17T11:03:42","slug":"batterie-canon-lp-e6nh","status":"publish","type":"product","link":"https:\/\/yahyaouishop.com\/fr\/produit\/batterie-canon-lp-e6nh\/","title":{"rendered":"Batterie Canon LP-E6NH"},"content":{"rendered":"<p>La <strong>Batterie Canon LP-E6NH<\/strong> est un accessoire indispensable pour tous les photographes utilisant des appareils photo EOS. Emportez cette batterie suppl\u00e9mentaire dans votre sac pour capturer davantage de photos et de vid\u00e9os lors de vos d\u00e9placements. La Batterie Canon LP-E6NH est compatible avec une large gamme d&#8217;appareils photo, y compris les EOS R5, R6, R, Ra, 5Ds R, 5Ds, 5D Mark IV, III, II, 6D Mark II, 6D, 7D Mark II, 7D, 90D, 80D, 70D, 60Da et 60D. Cette batterie au lithium-ion offre une capacit\u00e9 de 2130 mAh, soit 14% de plus que la batterie LP-E6N, permettant ainsi de capturer plus de photos et de vid\u00e9os avec une seule charge. La Batterie Canon LP-E6NH peut \u00eatre charg\u00e9e \u00e0 l&#8217;aide d&#8217;un chargeur secteur LC-E6E ou directement dans l&#8217;appareil photo avec les bo\u00eetiers compatibles pour la charge USB Power Delivery. De plus, elle communique avec l&#8217;appareil photo pour v\u00e9rifier le num\u00e9ro de s\u00e9rie de la batterie, la capacit\u00e9 restante, le nombre de d\u00e9clenchements apr\u00e8s chargement, les performances de la recharge et la date de la derni\u00e8re utilisation. Optez pour la Batterie Canon LP-E6NH pour des performances prolong\u00e9es et une compatibilit\u00e9 optimale avec votre \u00e9quipement photo Canon.<\/p>\n<p><strong>Descriptif technique\u00a0batterie canon lpe 6 nh\u00a0&#8211;\u00a0Batterie appareil photo<\/strong><\/p>\n<p><strong>Caract\u00e9ristiques g\u00e9n\u00e9rales:<\/strong><\/p>\n<table style=\"height: 210px\" width=\"460\">\n<tbody>\n<tr>\n<td width=\"190\"><strong>Cat\u00e9gorie<\/strong><\/td>\n<td>Batterie d&#8217;origine<\/td>\n<\/tr>\n<tr>\n<td width=\"190\"><strong>Appareil compatible<\/strong><\/td>\n<td>Appareil photo<\/td>\n<\/tr>\n<tr>\n<td width=\"190\"><strong>Capacit\u00e9<\/strong><\/td>\n<td>1.500 mAh<\/td>\n<\/tr>\n<tr>\n<td width=\"190\"><strong>Coloris<\/strong><\/td>\n<td>Noir<\/td>\n<\/tr>\n<\/tbody>\n<\/table>\n<p><strong>Dimensions<\/strong><\/p>\n<table>\n<tbody>\n<tr>\n<td width=\"190\"><strong>LxHxP<\/strong><\/td>\n<td>3 x 5 x 1 cm<\/td>\n<\/tr>\n<tr>\n<td width=\"190\"><strong>Poids<\/strong><\/td>\n<td>150,0 g<\/td>\n<\/tr>\n<\/tbody>\n<\/table>\n<p><strong>Informations et Services<\/strong><\/p>\n<table>\n<tbody>\n<tr>\n<td width=\"190\"><strong>Fabriqu\u00e9 en<\/strong><\/td>\n<td>Chine<\/td>\n<\/tr>\n<\/tbody>\n<\/table>","protected":false},"excerpt":{"rendered":"<p>La <strong>Batterie Canon LP-E6NH<\/strong> est essentielle pour prolonger la dur\u00e9e de vos s\u00e9ances photo. Compatible avec de nombreux appareils photo EOS, y compris les mod\u00e8les R5, R6, et 5D Mark IV, cette batterie au lithium-ion de 2130 mAh offre 14% de capacit\u00e9 suppl\u00e9mentaire par rapport \u00e0 la LP-E6N. La Batterie Canon LP-E6NH se charge via un chargeur LC-E6E ou directement dans l&#8217;appareil avec USB Power Delivery. Elle permet de v\u00e9rifier le num\u00e9ro de s\u00e9rie, la capacit\u00e9 restante et plus encore. Emportez la Batterie Canon LP-E6NH pour ne jamais manquer une prise de vue lors de vos d\u00e9placements.<\/p>","protected":false},"featured_media":17010,"comment_status":"open","ping_status":"closed","template":"","meta":[],"product_brand":[453],"product_cat":[156],"product_tag":[221],"class_list":{"0":"post-17009","1":"product","2":"type-product","3":"status-publish","4":"has-post-thumbnail","6":"product_brand-canon","7":"product_cat-batteries-et-chargeurs","8":"product_tag-brand-canon","10":"first","11":"instock","12":"taxable","13":"shipping-taxable","14":"purchasable","15":"product-type-simple"},"jetpack_sharing_enabled":true,"_links":{"self":[{"href":"https:\/\/yahyaouishop.com\/fr\/wp-json\/wp\/v2\/product\/17009","targetHints":{"allow":["GET"]}}],"collection":[{"href":"https:\/\/yahyaouishop.com\/fr\/wp-json\/wp\/v2\/product"}],"about":[{"href":"https:\/\/yahyaouishop.com\/fr\/wp-json\/wp\/v2\/types\/product"}],"replies":[{"embeddable":true,"href":"https:\/\/yahyaouishop.com\/fr\/wp-json\/wp\/v2\/comments?post=17009"}],"version-history":[{"count":5,"href":"https:\/\/yahyaouishop.com\/fr\/wp-json\/wp\/v2\/product\/17009\/revisions"}],"predecessor-version":[{"id":23649,"href":"https:\/\/yahyaouishop.com\/fr\/wp-json\/wp\/v2\/product\/17009\/revisions\/23649"}],"wp:featuredmedia":[{"embeddable":true,"href":"https:\/\/yahyaouishop.com\/fr\/wp-json\/wp\/v2\/media\/17010"}],"wp:attachment":[{"href":"https:\/\/yahyaouishop.com\/fr\/wp-json\/wp\/v2\/media?parent=17009"}],"wp:term":[{"taxonomy":"product_brand","embeddable":true,"href":"https:\/\/yahyaouishop.com\/fr\/wp-json\/wp\/v2\/product_brand?post=17009"},{"taxonomy":"product_cat","embeddable":true,"href":"https:\/\/yahyaouishop.com\/fr\/wp-json\/wp\/v2\/product_cat?post=17009"},{"taxonomy":"product_tag","embeddable":true,"href":"https:\/\/yahyaouishop.com\/fr\/wp-json\/wp\/v2\/product_tag?post=17009"}],"curies":[{"name":"wp","href":"https:\/\/api.w.org\/{rel}","templated":true}]}}